{"id":53766,"date":"2022-06-21T16:55:23","date_gmt":"2022-06-21T14:55:23","guid":{"rendered":"https:\/\/secureus.se\/produkt\/magicard-300-id-card-printer-single-sided\/"},"modified":"2026-03-26T10:23:54","modified_gmt":"2026-03-26T09:23:54","slug":"kortskrivare-magicard-300","status":"publish","type":"product","link":"https:\/\/secureus.se\/es\/kortskrivare-magicard-300\/","title":{"rendered":"Impresora de tarjetas Magicard 300 \u2013 Impresora de tarjetas de identificaci\u00f3n (una cara)"},"content":{"rendered":"<p data-start=\"466\" data-end=\"527\"><strong data-start=\"466\" data-end=\"527\">Impresi\u00f3n de tarjetas de identificaci\u00f3n segura y de alta calidad con Magicard 300<\/strong><\/p>\n<p data-start=\"529\" data-end=\"838\">La Magicard 300 es una impresora de tarjetas de identificaci\u00f3n de una sola cara vers\u00e1til y avanzada, dise\u00f1ada para producir tarjetas de identificaci\u00f3n detalladas de excelente calidad. Est\u00e1 optimizado para la impresi\u00f3n en tarjetas pl\u00e1sticas CR80 est\u00e1ndar y combina funcionalidad con seguridad para satisfacer las altas exigencias de empresas e instituciones.<\/p>\n<h4 data-start=\"840\" data-end=\"868\">Caracter\u00edsticas y beneficios<\/h4>\n<ul data-start=\"870\" data-end=\"1696\">\n<li data-start=\"870\" data-end=\"1016\">\n<p data-start=\"872\" data-end=\"1016\"><strong data-start=\"872\" data-end=\"896\">Impresi\u00f3n de alta resoluci\u00f3n:<\/strong><br data-start=\"896\" data-end=\"899\" \/>La impresi\u00f3n a 300 x 300 dpi garantiza im\u00e1genes n\u00edtidas y claras, lo que es ideal para tarjetas de identificaci\u00f3n con fotograf\u00eda profesionales.<\/p>\n<\/li>\n<li data-start=\"1018\" data-end=\"1244\">\n<p data-start=\"1020\" data-end=\"1244\"><strong data-start=\"1020\" data-end=\"1043\">Seguridad avanzada:<\/strong><br data-start=\"1043\" data-end=\"1046\" \/>Las marcas de agua HoloKote\u00ae se pueden aplicar para evitar la falsificaci\u00f3n. La impresora tambi\u00e9n ofrece la posibilidad de personalizarla con hasta cuatro opciones de dise\u00f1o diferentes, lo que proporciona protecci\u00f3n adicional contra la clonaci\u00f3n.<\/p>\n<\/li>\n<li data-start=\"1246\" data-end=\"1367\">\n<p data-start=\"1248\" data-end=\"1367\"><strong data-start=\"1248\" data-end=\"1275\">Software incluido:<\/strong><br data-start=\"1275\" data-end=\"1278\" \/>Se incluye el software EasyBadge Lite, que simplifica el dise\u00f1o y la impresi\u00f3n de sus tarjetas de identificaci\u00f3n.<\/p>\n<\/li>\n<li data-start=\"1369\" data-end=\"1549\">\n<p data-start=\"1371\" data-end=\"1549\"><strong data-start=\"1371\" data-end=\"1390\">Impresi\u00f3n r\u00e1pida:<\/strong><br data-start=\"1390\" data-end=\"1393\" \/>Con una capacidad de hasta 160 tarjetas a color por hora y 720 tarjetas en blanco y negro por hora, la impresora garantiza una producci\u00f3n eficiente incluso en grandes vol\u00famenes.<\/p>\n<\/li>\n<li data-start=\"1551\" data-end=\"1696\">\n<p data-start=\"1553\" data-end=\"1696\"><strong data-start=\"1553\" data-end=\"1574\">Conciencia ambiental:<\/strong><br data-start=\"1574\" data-end=\"1577\" \/>En colaboraci\u00f3n con onetreeplanted.org, se planta un \u00e1rbol por cada impresora vendida, contribuyendo a un futuro sostenible.<\/p>\n<\/li>\n<\/ul>\n<h4 data-start=\"1698\" data-end=\"1727\">Especificaciones t\u00e9cnicas<\/h4>\n<ul data-start=\"1729\" data-end=\"2022\">\n<li data-start=\"1729\" data-end=\"1802\">\n<p data-start=\"1731\" data-end=\"1802\"><strong data-start=\"1731\" data-end=\"1754\">Velocidad de impresi\u00f3n:<\/strong><br data-start=\"1754\" data-end=\"1757\" \/>Hasta 160 tarjetas por hora (impresi\u00f3n a color).<\/p>\n<\/li>\n<li data-start=\"1804\" data-end=\"1884\">\n<p data-start=\"1806\" data-end=\"1884\"><strong data-start=\"1806\" data-end=\"1820\">Capacidad:<\/strong><br data-start=\"1820\" data-end=\"1823\" \/>100 tarjetas en la bandeja de entrada y 70 tarjetas en la bandeja de salida.<\/p>\n<\/li>\n<li data-start=\"1886\" data-end=\"1979\">\n<p data-start=\"1888\" data-end=\"1979\"><strong data-start=\"1888\" data-end=\"1900\">Tipo de tarjeta:<\/strong><br data-start=\"1900\" data-end=\"1903\" \/>Formato ISO 7810, CR80, tama\u00f1o ID-1: compatible con tarjetas de PVC y compuestas.<\/p>\n<\/li>\n<li data-start=\"1981\" data-end=\"2022\">\n<p data-start=\"1983\" data-end=\"2022\"><strong data-start=\"1983\" data-end=\"2000\">Conexiones:<\/strong><br data-start=\"2000\" data-end=\"2003\" \/>USB y Ethernet.<\/p>\n<\/li>\n<\/ul>\n<p data-start=\"2024\" data-end=\"2270\" data-is-last-node=\"\">La Magicard 300 es la soluci\u00f3n perfecta para las empresas que valoran la seguridad y la calidad en la impresi\u00f3n de sus tarjetas de identificaci\u00f3n. Ofrece una soluci\u00f3n confiable y rentable para todas sus necesidades de impresi\u00f3n, al tiempo que contribuye a un mejor medio ambiente.<\/p>","protected":false},"excerpt":{"rendered":"<p>La impresora de tarjetas de identificaci\u00f3n Magicard 300 ofrece impresi\u00f3n de alta resoluci\u00f3n con funciones de seguridad avanzadas como marcas de agua HoloKote\u00ae para proteger contra la clonaci\u00f3n. Con el software EasyBadge Lite, una garant\u00eda de tres a\u00f1os y la capacidad de imprimir tarjetas de identificaci\u00f3n con fotograf\u00eda detalladas, es una soluci\u00f3n confiable para empresas e instituciones. Cada compra tambi\u00e9n ayuda a plantar un \u00e1rbol en colaboraci\u00f3n con onetreeplanted.org.<\/p>","protected":false},"featured_media":144373,"template":"","meta":{"_acf_changed":false},"product_brand":[],"product_cat":[3208],"product_tag":[2830,3174,4863,3069],"class_list":{"0":"post-53766","1":"product","2":"type-product","3":"status-publish","4":"has-post-thumbnail","6":"product_cat-magicard","7":"product_tag-kortprinter-direct-to-card","8":"product_tag-magicard","9":"product_tag-pf","10":"product_tag-trade-produkt","11":"product_shipping_class-tunga-paket","12":"pa_brands-magicard","13":"pa_fabrikat-kortskrivare-magicard","14":"tm-no-options","16":"first","17":"instock","18":"sale","19":"taxable","20":"shipping-taxable","21":"purchasable","22":"product-type-simple"},"acf":[],"_links":{"self":[{"href":"https:\/\/secureus.se\/es\/wp-json\/wp\/v2\/product\/53766","targetHints":{"allow":["GET"]}}],"collection":[{"href":"https:\/\/secureus.se\/es\/wp-json\/wp\/v2\/product"}],"about":[{"href":"https:\/\/secureus.se\/es\/wp-json\/wp\/v2\/types\/product"}],"wp:featuredmedia":[{"embeddable":true,"href":"https:\/\/secureus.se\/es\/wp-json\/wp\/v2\/media\/144373"}],"wp:attachment":[{"href":"https:\/\/secureus.se\/es\/wp-json\/wp\/v2\/media?parent=53766"}],"wp:term":[{"taxonomy":"product_brand","embeddable":true,"href":"https:\/\/secureus.se\/es\/wp-json\/wp\/v2\/product_brand?post=53766"},{"taxonomy":"product_cat","embeddable":true,"href":"https:\/\/secureus.se\/es\/wp-json\/wp\/v2\/product_cat?post=53766"},{"taxonomy":"product_tag","embeddable":true,"href":"https:\/\/secureus.se\/es\/wp-json\/wp\/v2\/product_tag?post=53766"}],"curies":[{"name":"wp","href":"https:\/\/api.w.org\/{rel}","templated":true}]}}