{"id":53768,"date":"2022-06-21T16:55:18","date_gmt":"2022-06-21T14:55:18","guid":{"rendered":"https:\/\/secureus.se\/produkt\/fargo-hdp5000-retransfer-plastic-card-printer-single-sided\/"},"modified":"2026-04-30T14:27:39","modified_gmt":"2026-04-30T12:27:39","slug":"kortskrivare-fargo-hdp5000-enkel-sidig","status":"publish","type":"product","link":"https:\/\/secureus.se\/es\/kortskrivare-fargo-hdp5000-enkel-sidig\/","title":{"rendered":"Impresora de tarjetas Fargo HDP5000: impresora de tarjetas de identificaci\u00f3n por retransferencia (una cara)"},"content":{"rendered":"<p><strong>Impresi\u00f3n de tarjetas de identificaci\u00f3n segura y de alta calidad con Fargo HDP5000:<\/strong> La Fargo HDP5000 es una de las impresoras de retransferencia m\u00e1s vendidas, dise\u00f1ada para producir tarjetas de identificaci\u00f3n coloridas y din\u00e1micas de una calidad excepcional.<\/p>\n<p>Es perfecto para imprimir tanto tarjetas de formulario como tarjetas inteligentes.<\/p>\n<p><strong>Caracter\u00edsticas y beneficios:<\/strong><\/p>\n<ul>\n<li><strong>Impresi\u00f3n de alta definici\u00f3n\u00ae:<\/strong> Produce tarjetas vibrantes y claras que realmente se destacan, lo que las hace f\u00e1ciles de identificar.<\/li>\n<li><strong>Uso flexible:<\/strong> Puede imprimir en una variedad de tipos de tarjetas, incluidas tarjetas de control de acceso.<\/li>\n<li><strong>Eficiente y r\u00e1pido:<\/strong> Ideal para producci\u00f3n de gran volumen, con capacidad de imprimir tarjetas de forma r\u00e1pida y eficiente.<\/li>\n<li><strong>Seguridad:<\/strong> Equipado con marca de agua HoloKote\u00ae para evitar la clonaci\u00f3n de tarjetas.<\/li>\n<\/ul>\n<p><strong>Especificaci\u00f3n t\u00e9cnica:<\/strong><\/p>\n<ul>\n<li><strong>Velocidad de impresi\u00f3n:<\/strong> Hasta 150 tarjetas por hora (impresi\u00f3n a color).<\/li>\n<li><strong>Capacidad:<\/strong> 100 tarjetas en la bandeja de entrada y 100 tarjetas en la bandeja de salida.<\/li>\n<li><strong>Tipo de tarjeta:<\/strong> Formato ISO 7810, CR80, tama\u00f1o ID-1, compatible con tarjetas de PVC, PET y compuestas.<\/li>\n<li><strong>Conexiones:<\/strong> USB 2.0 y Ethernet.<\/li>\n<\/ul>\n<p>Tenga en cuenta que no se incluyen la cinta YMCK Fargo 84051 ni la pel\u00edcula de retransferencia Fargo 84053; Estos deben comprarse por separado.<\/p>","protected":false},"excerpt":{"rendered":"<p>La impresora de tarjetas de identificaci\u00f3n Fargo HDP5000 ofrece una calidad de impresi\u00f3n excepcional con tecnolog\u00eda de impresi\u00f3n de alta definici\u00f3n\u00ae, lo que la hace ideal para imprimir tarjetas de identificaci\u00f3n seguras de gran volumen.<\/p>\n<p>Con una garant\u00eda de tres a\u00f1os y el software EasyBadge Lite incluido, es una soluci\u00f3n confiable para las empresas que necesitan una identificaci\u00f3n segura.<\/p>","protected":false},"featured_media":144820,"template":"","meta":{"_acf_changed":false},"product_brand":[],"product_cat":[3206],"product_tag":[2830,3177,4863,2831,3069],"class_list":{"0":"post-53768","1":"product","2":"type-product","3":"status-publish","4":"has-post-thumbnail","6":"product_cat-fargo","7":"product_tag-kortprinter-direct-to-card","8":"product_tag-fargo","9":"product_tag-pf","10":"product_tag-kortprinter-retransfer","11":"product_tag-trade-produkt","12":"product_shipping_class-tunga-paket","13":"pa_brands-fargo","14":"pa_fabrikat-kortskrivare-fargo","15":"tm-no-options","17":"first","18":"outofstock","19":"sale","20":"taxable","21":"shipping-taxable","22":"purchasable","23":"product-type-simple"},"acf":[],"_links":{"self":[{"href":"https:\/\/secureus.se\/es\/wp-json\/wp\/v2\/product\/53768","targetHints":{"allow":["GET"]}}],"collection":[{"href":"https:\/\/secureus.se\/es\/wp-json\/wp\/v2\/product"}],"about":[{"href":"https:\/\/secureus.se\/es\/wp-json\/wp\/v2\/types\/product"}],"wp:featuredmedia":[{"embeddable":true,"href":"https:\/\/secureus.se\/es\/wp-json\/wp\/v2\/media\/144820"}],"wp:attachment":[{"href":"https:\/\/secureus.se\/es\/wp-json\/wp\/v2\/media?parent=53768"}],"wp:term":[{"taxonomy":"product_brand","embeddable":true,"href":"https:\/\/secureus.se\/es\/wp-json\/wp\/v2\/product_brand?post=53768"},{"taxonomy":"product_cat","embeddable":true,"href":"https:\/\/secureus.se\/es\/wp-json\/wp\/v2\/product_cat?post=53768"},{"taxonomy":"product_tag","embeddable":true,"href":"https:\/\/secureus.se\/es\/wp-json\/wp\/v2\/product_tag?post=53768"}],"curies":[{"name":"wp","href":"https:\/\/api.w.org\/{rel}","templated":true}]}}