{"id":53774,"date":"2022-06-21T16:54:55","date_gmt":"2022-06-21T14:54:55","guid":{"rendered":"https:\/\/secureus.se\/produkt\/fargo-hdp5000-retransfer-plastic-card-printer-dual-sided\/"},"modified":"2025-12-31T19:59:53","modified_gmt":"2025-12-31T18:59:53","slug":"kortskrivare-fargo-hdp5000-duplex","status":"publish","type":"product","link":"https:\/\/secureus.se\/es\/kortskrivare-fargo-hdp5000-duplex\/","title":{"rendered":"Impresora de tarjetas Fargo HDP5000: impresora de tarjetas de identificaci\u00f3n por retransferencia (doble cara)"},"content":{"rendered":"<p><strong>Impresi\u00f3n segura y eficiente de tarjetas de identificaci\u00f3n con Fargo HDP5000:<\/strong> La Fargo HDP5000 es una impresora de retransferencia l\u00edder, perfecta para empresas que necesitan producir tarjetas de identificaci\u00f3n coloridas y seguras.<\/p>\n<p>Con su tecnolog\u00eda avanzada y alta capacidad, est\u00e1 dise\u00f1ado para satisfacer las demandas tanto de velocidad como de calidad.<\/p>\n<p><strong>Caracter\u00edsticas y beneficios:<\/strong><\/p>\n<ul>\n<li><strong>Impresi\u00f3n de alta definici\u00f3n\u00ae:<\/strong> Proporciona una reproducci\u00f3n de color y detalles excepcionales para tarjetas de identificaci\u00f3n profesionales.<\/li>\n<li><strong>Uso flexible:<\/strong> Puede imprimir tanto en tarjetas de pl\u00e1stico como en tarjetas inteligentes, lo que lo hace vers\u00e1til para diferentes aplicaciones.<\/li>\n<li><strong>Impresi\u00f3n r\u00e1pida:<\/strong> Dise\u00f1ado para una producci\u00f3n de gran volumen, lo que le permite imprimir tarjetas de manera r\u00e1pida y eficiente.<\/li>\n<li><strong>Seguridad:<\/strong> Equipado con HoloKote\u00ae para evitar la falsificaci\u00f3n.<\/li>\n<\/ul>\n<p><strong>Especificaci\u00f3n t\u00e9cnica:<\/strong><\/p>\n<ul>\n<li><strong>Velocidad de impresi\u00f3n:<\/strong> Hasta 150 tarjetas por hora (impresi\u00f3n a color, doble cara).<\/li>\n<li><strong>Capacidad:<\/strong> 100 tarjetas en la bandeja de entrada y 100 tarjetas en la bandeja de salida.<\/li>\n<li><strong>Tipo de tarjeta:<\/strong> Formato ISO 7810, CR80, tama\u00f1o ID-1, compatible con tarjetas de PVC, PET y compuestas.<\/li>\n<li><strong>Conexiones:<\/strong> USB 2.0 y Ethernet.<\/li>\n<\/ul>\n<p>Tenga en cuenta que tanto la cinta YMCK Fargo 84051 como la pel\u00edcula de retransferencia Fargo 84053 deben comprarse por separado al realizar el pedido.<\/p>","protected":false},"excerpt":{"rendered":"<p>La impresora de tarjetas de identificaci\u00f3n Fargo HDP5000 ofrece una calidad de impresi\u00f3n excepcional con tecnolog\u00eda de impresi\u00f3n de alta definici\u00f3n\u00ae.<\/p>\n<p>Es ideal para imprimir tarjetas de identificaci\u00f3n seguras de gran volumen y puede manejar f\u00e1cilmente tanto tarjetas en blanco como tarjetas inteligentes.<\/p>\n<p>Con una garant\u00eda de tres a\u00f1os y el software EasyBadge Lite incluido, es una soluci\u00f3n confiable para empresas que requieren tarjetas de alta calidad.<\/p>","protected":false},"featured_media":143837,"template":"","meta":{"_acf_changed":false},"product_brand":[],"product_cat":[3206],"product_tag":[2830,3172,3177,4863,2831,3069],"class_list":{"0":"post-53774","1":"product","2":"type-product","3":"status-publish","4":"has-post-thumbnail","6":"product_cat-fargo","7":"product_tag-kortprinter-direct-to-card","8":"product_tag-dubbelsidig-dual-side","9":"product_tag-fargo","10":"product_tag-pf","11":"product_tag-kortprinter-retransfer","12":"product_tag-trade-produkt","13":"product_shipping_class-tunga-paket","14":"pa_brands-fargo","15":"pa_fabrikat-kortskrivare-fargo","16":"tm-no-options","18":"first","19":"instock","20":"sale","21":"taxable","22":"shipping-taxable","23":"purchasable","24":"product-type-simple"},"acf":[],"_links":{"self":[{"href":"https:\/\/secureus.se\/es\/wp-json\/wp\/v2\/product\/53774","targetHints":{"allow":["GET"]}}],"collection":[{"href":"https:\/\/secureus.se\/es\/wp-json\/wp\/v2\/product"}],"about":[{"href":"https:\/\/secureus.se\/es\/wp-json\/wp\/v2\/types\/product"}],"wp:featuredmedia":[{"embeddable":true,"href":"https:\/\/secureus.se\/es\/wp-json\/wp\/v2\/media\/143837"}],"wp:attachment":[{"href":"https:\/\/secureus.se\/es\/wp-json\/wp\/v2\/media?parent=53774"}],"wp:term":[{"taxonomy":"product_brand","embeddable":true,"href":"https:\/\/secureus.se\/es\/wp-json\/wp\/v2\/product_brand?post=53774"},{"taxonomy":"product_cat","embeddable":true,"href":"https:\/\/secureus.se\/es\/wp-json\/wp\/v2\/product_cat?post=53774"},{"taxonomy":"product_tag","embeddable":true,"href":"https:\/\/secureus.se\/es\/wp-json\/wp\/v2\/product_tag?post=53774"}],"curies":[{"name":"wp","href":"https:\/\/api.w.org\/{rel}","templated":true}]}}