{"id":53776,"date":"2022-06-21T16:54:47","date_gmt":"2022-06-21T14:54:47","guid":{"rendered":"https:\/\/secureus.se\/produkt\/fargo-dtc1250e-plastic-card-printer-single-sided\/"},"modified":"2026-04-08T16:45:40","modified_gmt":"2026-04-08T14:45:40","slug":"kortskrivare-fargo-dtc1250e-enkel-sidig","status":"publish","type":"product","link":"https:\/\/secureus.se\/es\/kortskrivare-fargo-dtc1250e-enkel-sidig\/","title":{"rendered":"Impresora de tarjetas Fargo DTC1250e - Impresora de tarjetas de identificaci\u00f3n (una cara)"},"content":{"rendered":"<p><strong>Impresi\u00f3n de tarjetas de identificaci\u00f3n eficiente y asequible con la Fargo DTC1250e:<\/strong> Dise\u00f1ado para empresas peque\u00f1as y medianas, el Fargo DTC1250e ofrece alta calidad y facilidad de uso en un dise\u00f1o compacto.<\/p>\n<p>Es perfecto para producir todo, desde tarjetas de identificaci\u00f3n de empleados hasta tarjetas de membres\u00eda.<\/p>\n<p><strong>Caracter\u00edsticas y beneficios:<\/strong><\/p>\n<ul>\n<li><strong>Impresi\u00f3n r\u00e1pida:<\/strong> Capacidad de impresi\u00f3n de 16 segundos para tarjetas a todo color y 6 segundos para tarjetas en blanco y negro, minimizando el tiempo de espera.<\/li>\n<li><strong>Facilidad de uso:<\/strong> El dise\u00f1o intuitivo hace que sea f\u00e1cil de instalar y usar, aumentando la eficiencia.<\/li>\n<li><strong>Flexibilidad:<\/strong> Disponible en modelos de una o dos caras con capacidad de imprimir en tarjetas CR80 est\u00e1ndar.<\/li>\n<li><strong>Rentable:<\/strong> Impresi\u00f3n econ\u00f3mica con cartuchos de impresi\u00f3n todo en uno para una configuraci\u00f3n y un mantenimiento m\u00e1s sencillos.<\/li>\n<\/ul>\n<p><strong>Especificaci\u00f3n t\u00e9cnica:<\/strong><\/p>\n<ul>\n<li><strong>Velocidad de impresi\u00f3n:<\/strong> Hasta 200 tarjetas a color por hora y 1.000 tarjetas por hora en blanco y negro.<\/li>\n<li><strong>Capacidad:<\/strong> 100 tarjetas en la bandeja de entrada y hasta 30 tarjetas en la bandeja de salida.<\/li>\n<li><strong>Tipo de tarjeta:<\/strong> Formato ISO 7810, CR80, tama\u00f1o ID-1, compatible con tarjetas de PVC, PET y compuestas.<\/li>\n<li><strong>Conexiones:<\/strong> USB 2.0 y Ethernet opcional.<\/li>\n<\/ul>\n<p>Tenga en cuenta que no se incluye cinta de impresora con la impresora; Aseg\u00farese de agregar uno a su pedido.<\/p>","protected":false},"excerpt":{"rendered":"<p>La impresora de tarjetas de identificaci\u00f3n Fargo DTC1250e ofrece una soluci\u00f3n rentable y f\u00e1cil de usar para producir r\u00e1pidamente tarjetas de identificaci\u00f3n.<\/p>\n<p>Con un tiempo de impresi\u00f3n de solo 16 segundos para tarjetas a color y 6 segundos para tarjetas en blanco y negro, es ideal para escuelas y clubes de membres\u00eda.<\/p>\n<p>Incluye una garant\u00eda de tres a\u00f1os y el software EasyBadge Lite gratuito.<\/p>","protected":false},"featured_media":144181,"template":"","meta":{"_acf_changed":false},"product_brand":[],"product_cat":[3206],"product_tag":[2830,3177,4863,3069],"class_list":{"0":"post-53776","1":"product","2":"type-product","3":"status-publish","4":"has-post-thumbnail","6":"product_cat-fargo","7":"product_tag-kortprinter-direct-to-card","8":"product_tag-fargo","9":"product_tag-pf","10":"product_tag-trade-produkt","11":"product_shipping_class-tunga-paket","12":"pa_brands-fargo","13":"pa_fabrikat-kortskrivare-fargo","14":"tm-no-options","16":"first","17":"instock","18":"sale","19":"taxable","20":"shipping-taxable","21":"purchasable","22":"product-type-simple"},"acf":[],"_links":{"self":[{"href":"https:\/\/secureus.se\/es\/wp-json\/wp\/v2\/product\/53776","targetHints":{"allow":["GET"]}}],"collection":[{"href":"https:\/\/secureus.se\/es\/wp-json\/wp\/v2\/product"}],"about":[{"href":"https:\/\/secureus.se\/es\/wp-json\/wp\/v2\/types\/product"}],"wp:featuredmedia":[{"embeddable":true,"href":"https:\/\/secureus.se\/es\/wp-json\/wp\/v2\/media\/144181"}],"wp:attachment":[{"href":"https:\/\/secureus.se\/es\/wp-json\/wp\/v2\/media?parent=53776"}],"wp:term":[{"taxonomy":"product_brand","embeddable":true,"href":"https:\/\/secureus.se\/es\/wp-json\/wp\/v2\/product_brand?post=53776"},{"taxonomy":"product_cat","embeddable":true,"href":"https:\/\/secureus.se\/es\/wp-json\/wp\/v2\/product_cat?post=53776"},{"taxonomy":"product_tag","embeddable":true,"href":"https:\/\/secureus.se\/es\/wp-json\/wp\/v2\/product_tag?post=53776"}],"curies":[{"name":"wp","href":"https:\/\/api.w.org\/{rel}","templated":true}]}}