{"id":53779,"date":"2022-06-21T16:54:35","date_gmt":"2022-06-21T14:54:35","guid":{"rendered":"https:\/\/secureus.se\/produkt\/magicard-pronto-plastic-card-printer-single-sided\/"},"modified":"2026-04-23T12:58:35","modified_gmt":"2026-04-23T10:58:35","slug":"kortskrivare-magicard-pronto","status":"publish","type":"product","link":"https:\/\/secureus.se\/es\/kortskrivare-magicard-pronto\/","title":{"rendered":"Impresora de tarjetas Magicard Pronto \u2013 Impresora de tarjetas de identificaci\u00f3n (una cara)"},"content":{"rendered":"<header class=\"attribute-sleeve-header center\"><strong>Impresi\u00f3n de tarjetas de identificaci\u00f3n compacta y eficiente con Magicard Pronto:<\/strong> Magicard Pronto \u00e4r designad f\u00f6r att m\u00f6ta behoven hos sm\u00e5 f\u00f6retag och nyb\u00f6rjare.Den \u00e4r l\u00e4tt att anv\u00e4nda och levererar h\u00f6gkvalitativa ID-kort utan att kompromissa med priset.<\/p>\n<p><strong>Caracter\u00edsticas y beneficios:<\/strong><\/p>\n<ul>\n<li><strong>Velocidad:<\/strong> Imprime tarjetas en blanco y negro en solo 7 segundos y tarjetas a color en 35 segundos, lo que la hace muy eficiente para el uso diario.<\/li>\n<li><strong>Alta calidad:<\/strong> Equipado con una marca de agua de seguridad est\u00e1ndar que proporciona protecci\u00f3n adicional contra la clonaci\u00f3n sin costo adicional.<\/li>\n<li><strong>Facilidad de uso:<\/strong> El dise\u00f1o compacto lo hace ideal para escritorios y espacios de trabajo m\u00e1s peque\u00f1os, proporcionando un f\u00e1cil acceso para los usuarios.<\/li>\n<li><strong>Garant\u00eda larga:<\/strong> Una garant\u00eda de dos a\u00f1os garantiza tranquilidad y soporte cuando sea necesario.<\/li>\n<\/ul>\n<p><strong>Especificaci\u00f3n t\u00e9cnica:<\/strong><\/p>\n<ul>\n<li><strong>Velocidad de impresi\u00f3n:<\/strong> Hasta 200 tarjetas por hora (impresi\u00f3n a color), 766 tarjetas por hora (monocromo).<\/li>\n<li><strong>Capacidad:<\/strong> 50 tarjetas en la bandeja de entrada y 50 tarjetas en la bandeja de salida.<\/li>\n<li><strong>Tipo de tarjeta:<\/strong> Formato ISO 7810, CR80, tama\u00f1o ID-1, compatible con tarjetas de PVC y compuestas.<\/li>\n<li><strong>Conexiones:<\/strong> USB y Ethernet.<\/li>\n<\/ul>\n<p>Tenga en cuenta que no se incluye cinta de impresora con la impresora; Aseg\u00farese de agregar uno a su pedido.<\/p>\n<\/header>","protected":false},"excerpt":{"rendered":"<p>La impresora de tarjetas de identificaci\u00f3n Magicard Pronto es una de nuestras impresoras m\u00e1s vendidas, perfecta para peque\u00f1as empresas con bajos vol\u00famenes de impresi\u00f3n.<\/p>\n<p>Es compacto, liviano y ofrece tiempos de impresi\u00f3n r\u00e1pidos de 7 segundos para tarjetas en blanco y negro y 35 segundos para tarjetas en color.<\/p>\n<p>Con una garant\u00eda de dos a\u00f1os y el software gratuito EasyBadge Lite, esta es una soluci\u00f3n confiable y asequible.<\/p>","protected":false},"featured_media":144858,"template":"","meta":{"_acf_changed":false},"product_brand":[],"product_cat":[3208],"product_tag":[2830,3174,4863,3069],"class_list":{"0":"post-53779","1":"product","2":"type-product","3":"status-publish","4":"has-post-thumbnail","6":"product_cat-magicard","7":"product_tag-kortprinter-direct-to-card","8":"product_tag-magicard","9":"product_tag-pf","10":"product_tag-trade-produkt","11":"product_shipping_class-tunga-paket","12":"pa_brands-magicard","13":"pa_fabrikat-kortskrivare-magicard","14":"tm-no-options","16":"first","17":"instock","18":"sale","19":"taxable","20":"shipping-taxable","21":"purchasable","22":"product-type-simple"},"acf":[],"_links":{"self":[{"href":"https:\/\/secureus.se\/es\/wp-json\/wp\/v2\/product\/53779","targetHints":{"allow":["GET"]}}],"collection":[{"href":"https:\/\/secureus.se\/es\/wp-json\/wp\/v2\/product"}],"about":[{"href":"https:\/\/secureus.se\/es\/wp-json\/wp\/v2\/types\/product"}],"wp:featuredmedia":[{"embeddable":true,"href":"https:\/\/secureus.se\/es\/wp-json\/wp\/v2\/media\/144858"}],"wp:attachment":[{"href":"https:\/\/secureus.se\/es\/wp-json\/wp\/v2\/media?parent=53779"}],"wp:term":[{"taxonomy":"product_brand","embeddable":true,"href":"https:\/\/secureus.se\/es\/wp-json\/wp\/v2\/product_brand?post=53779"},{"taxonomy":"product_cat","embeddable":true,"href":"https:\/\/secureus.se\/es\/wp-json\/wp\/v2\/product_cat?post=53779"},{"taxonomy":"product_tag","embeddable":true,"href":"https:\/\/secureus.se\/es\/wp-json\/wp\/v2\/product_tag?post=53779"}],"curies":[{"name":"wp","href":"https:\/\/api.w.org\/{rel}","templated":true}]}}