{"id":55416,"date":"2022-04-25T12:15:00","date_gmt":"2022-04-25T10:15:00","guid":{"rendered":"https:\/\/secureus.se\/produkt\/exklusiv-jojo-metall-med-ring-och-clips\/"},"modified":"2026-03-16T14:59:18","modified_gmt":"2026-03-16T13:59:18","slug":"utdragbar-nyckelring-jojo-clips-metall-krom","status":"publish","type":"product","link":"https:\/\/secureus.se\/es\/utdragbar-nyckelring-jojo-clips-metall-krom\/","title":{"rendered":"Llavero retr\u00e1ctil con yo-yo y clip met\u00e1lico \u2013 Cromado"},"content":{"rendered":"<h4><strong>Llavero retr\u00e1ctil con yo-yo y clip met\u00e1lico \u2013 Cromado<\/strong><\/h4>\n<p>El llavero retr\u00e1ctil con yo-yo y clip de metal es duradero y elegante, dise\u00f1ado para adaptarse a todas sus necesidades. El yo-yo est\u00e1 hecho de metal y est\u00e1 equipado con un clip de cintur\u00f3n resistente en la parte posterior para una fijaci\u00f3n segura y c\u00f3moda. El llavero est\u00e1 montado en una cadena con un cord\u00f3n de nailon resistente, lo que lo hace perfecto para el uso diario.<\/p>\n<h4><strong>Caracter\u00edsticas y beneficios<\/strong><\/h4>\n<ul>\n<li><strong>Dise\u00f1o sostenible:<\/strong> El yo-yo est\u00e1 hecho de metal, lo que garantiza una larga durabilidad.<\/li>\n<li><strong>Clip de cintur\u00f3n resistente:<\/strong> El resistente clip para cintur\u00f3n ubicado en la parte posterior garantiza que el yo-yo se asiente de forma segura en su cintur\u00f3n o bolsillo.<\/li>\n<li><strong>Cadena fuerte y cord\u00f3n de nailon:<\/strong> El llavero est\u00e1 montado en una cadena con un cord\u00f3n de nailon duradero para mayor durabilidad.<\/li>\n<li><strong>Acabado cromado elegante:<\/strong> El elegante color cromado se adapta tanto a entornos profesionales como cotidianos.<\/li>\n<li><strong>Personalizable:<\/strong> Se puede pedir con su logotipo, ya sea impreso o grabado.<\/li>\n<\/ul>\n<h4>\u00c1reas de uso<\/h4>\n<ul>\n<li><strong>Personal de oficina:<\/strong> Perfecto para mantener las llaves o tarjetas de identificaci\u00f3n f\u00e1cilmente accesibles.<\/li>\n<li><strong>Personal de seguridad:<\/strong> Suficientemente resistente para transportar equipos de seguridad o llaves.<\/li>\n<li><strong>Personal del evento:<\/strong> Ideal para mantener tarjetas de identificaci\u00f3n o tarjetas de acceso visibles y f\u00e1cilmente accesibles.<\/li>\n<li><strong>Uso diario:<\/strong> Una soluci\u00f3n pr\u00e1ctica para cualquiera que necesite acceso r\u00e1pido y sencillo a sus llaves o tarjetas.<\/li>\n<\/ul>\n<h4><strong>Opciones de personalizaci\u00f3n<\/strong><\/h4>\n<ul>\n<li><strong>Impresi\u00f3n de logotipos:<\/strong> Se puede pedir con su logotipo impreso o grabado para darle un toque personal.<\/li>\n<\/ul>\n<h4><strong>Especificaci\u00f3n t\u00e9cnica<\/strong><\/h4>\n<ul>\n<li><strong>Material:<\/strong> Metal<\/li>\n<li><strong>Cord\u00f3n:<\/strong> Nailon 70 cm<\/li>\n<li><strong>Pintar:<\/strong> Cromo\/Cromo<\/li>\n<li><strong>Acortar:<\/strong> Clip de cintur\u00f3n resistente en la parte posterior<\/li>\n<\/ul>","protected":false},"excerpt":{"rendered":"<p><strong>Llavero retr\u00e1ctil con yo-yo y clip met\u00e1lico.<\/strong> Dise\u00f1o duradero con clip de cintur\u00f3n resistente y cord\u00f3n de nailon resistente, perfecto para el uso diario. Acabado cromado elegante, personalizable con logotipo impreso o grabado. Ideal para trabajadores de oficina, personal de seguridad y uso diario.<\/p>","protected":false},"featured_media":145815,"template":"","meta":{"_acf_changed":false},"product_brand":[],"product_cat":[1676,2901,1324],"product_tag":[2416,2958],"class_list":{"0":"post-55416","1":"product","2":"type-product","3":"status-publish","4":"has-post-thumbnail","6":"product_cat-jojos-och-nyckelringar","7":"product_cat-jojo-yoyo-alltid-i-lager","8":"product_cat-outlet","9":"product_tag-rel-rfid-tillbehor","10":"product_tag-stonehouse-produkt","11":"product_shipping_class-postnord-varubrev","12":"pa_brands-stonehouse-security","13":"pa_farg-silver","14":"pa_rfid-tillbehor-jojo","15":"tm-no-options","17":"first","18":"instock","19":"sale","20":"featured","21":"taxable","22":"shipping-taxable","23":"purchasable","24":"product-type-simple"},"acf":[],"_links":{"self":[{"href":"https:\/\/secureus.se\/es\/wp-json\/wp\/v2\/product\/55416","targetHints":{"allow":["GET"]}}],"collection":[{"href":"https:\/\/secureus.se\/es\/wp-json\/wp\/v2\/product"}],"about":[{"href":"https:\/\/secureus.se\/es\/wp-json\/wp\/v2\/types\/product"}],"wp:featuredmedia":[{"embeddable":true,"href":"https:\/\/secureus.se\/es\/wp-json\/wp\/v2\/media\/145815"}],"wp:attachment":[{"href":"https:\/\/secureus.se\/es\/wp-json\/wp\/v2\/media?parent=55416"}],"wp:term":[{"taxonomy":"product_brand","embeddable":true,"href":"https:\/\/secureus.se\/es\/wp-json\/wp\/v2\/product_brand?post=55416"},{"taxonomy":"product_cat","embeddable":true,"href":"https:\/\/secureus.se\/es\/wp-json\/wp\/v2\/product_cat?post=55416"},{"taxonomy":"product_tag","embeddable":true,"href":"https:\/\/secureus.se\/es\/wp-json\/wp\/v2\/product_tag?post=55416"}],"curies":[{"name":"wp","href":"https:\/\/api.w.org\/{rel}","templated":true}]}}