{"id":55418,"date":"2022-04-21T10:23:00","date_gmt":"2022-04-21T08:23:00","guid":{"rendered":"https:\/\/secureus.se\/produkt\/minidisc-mifare1k-minidisc-transparent-17mm\/"},"modified":"2026-04-27T14:34:58","modified_gmt":"2026-04-27T12:34:58","slug":"minidisc-mifare1k-minidisc-transparent-17mm","status":"publish","type":"product","link":"https:\/\/secureus.se\/es\/minidisc-mifare1k-minidisc-transparent-17mm\/","title":{"rendered":"Pluto Mifare1k \u2013 Minidisco de 17 mm"},"content":{"rendered":"<p>Pluto MiniDisc es una etiqueta RFID con una protecci\u00f3n sencilla y est\u00e1 disponible en varios tama\u00f1os y con compatibilidad tanto Mifare como EM4200.<\/p>\n<p>El tama\u00f1o y la funci\u00f3n de esta etiqueta est\u00e1n dise\u00f1ados por Stonehouse.<\/p>\n<div>\n<div>\n<div data-tid=\"messageBodyContainer\">\n<div data-tid=\"messageBodyContent\">\n<div>\n<div>\n<div>\n<p>Pluto es un producto barato y bueno con chip original para todas las aplicaciones.<\/p>\n<\/div>\n<\/div>\n<\/div>\n<\/div>\n<\/div>\n<\/div>\n<\/div>\n<div>\n<div>\n<div data-tid=\"messageBodyContainer\">\n<div data-tid=\"messageBodyContent\">\n<div>\n<div>\n<div>\n<p>&nbsp;<\/p>\n<\/div>\n<\/div>\n<\/div>\n<\/div>\n<\/div>\n<\/div>\n<\/div>","protected":false},"excerpt":{"rendered":"<p>Pluto MiniDisc es una etiqueta RFID con una protecci\u00f3n sencilla y est\u00e1 disponible en varios tama\u00f1os y con compatibilidad tanto Mifare como EM4200. El tama\u00f1o y la funci\u00f3n de esta etiqueta est\u00e1n dise\u00f1ados por Stonehouse.<\/p>","protected":false},"featured_media":144622,"template":"","meta":{"_acf_changed":false},"product_brand":[],"product_cat":[4784,2968],"product_tag":[2405,2148,2149,2958],"class_list":{"0":"post-55418","1":"product","2":"type-product","3":"status-publish","4":"has-post-thumbnail","6":"product_cat-mifare1k","7":"product_cat-iloq-s50-pluto-minidisc","8":"product_tag-rel-rfid","9":"product_tag-rfid-iloq","10":"product_tag-rfid-minidisc-10-25-mm","11":"product_tag-stonehouse-produkt","12":"product_shipping_class-postnord-varubrev","13":"pa_brands-stonehouse-security","14":"tm-no-options","16":"first","17":"instock","18":"sale","19":"featured","20":"taxable","21":"shipping-taxable","22":"purchasable","23":"product-type-simple"},"acf":[],"_links":{"self":[{"href":"https:\/\/secureus.se\/es\/wp-json\/wp\/v2\/product\/55418","targetHints":{"allow":["GET"]}}],"collection":[{"href":"https:\/\/secureus.se\/es\/wp-json\/wp\/v2\/product"}],"about":[{"href":"https:\/\/secureus.se\/es\/wp-json\/wp\/v2\/types\/product"}],"wp:featuredmedia":[{"embeddable":true,"href":"https:\/\/secureus.se\/es\/wp-json\/wp\/v2\/media\/144622"}],"wp:attachment":[{"href":"https:\/\/secureus.se\/es\/wp-json\/wp\/v2\/media?parent=55418"}],"wp:term":[{"taxonomy":"product_brand","embeddable":true,"href":"https:\/\/secureus.se\/es\/wp-json\/wp\/v2\/product_brand?post=55418"},{"taxonomy":"product_cat","embeddable":true,"href":"https:\/\/secureus.se\/es\/wp-json\/wp\/v2\/product_cat?post=55418"},{"taxonomy":"product_tag","embeddable":true,"href":"https:\/\/secureus.se\/es\/wp-json\/wp\/v2\/product_tag?post=55418"}],"curies":[{"name":"wp","href":"https:\/\/api.w.org\/{rel}","templated":true}]}}