{"id":55421,"date":"2022-04-21T10:22:00","date_gmt":"2022-04-21T08:22:00","guid":{"rendered":"https:\/\/secureus.se\/produkt\/plastkort-utan-magnetremsa-inget-chip\/"},"modified":"2026-02-16T22:01:56","modified_gmt":"2026-02-16T21:01:56","slug":"plastkort-vit-cr80","status":"publish","type":"product","link":"https:\/\/secureus.se\/es\/plastkort-vit-cr80\/","title":{"rendered":"Tarjeta de pl\u00e1stico blanca CR80 Premium"},"content":{"rendered":"<h1>Tarjeta de pl\u00e1stico blanca CR80<\/h1>\n<p>\u00a1Bienvenido a nuestra tienda en l\u00ednea donde encontrar\u00e1 Tarjetas Pl\u00e1sticas Blancas CR80 de alta calidad para todas sus necesidades de tarjetas!<\/p>\n<p>Nuestras tarjetas de pl\u00e1stico CR80 son la soluci\u00f3n perfecta para crear tarjetas de visita, tarjetas de empresa y mucho m\u00e1s, elegantes y profesionales. Con nuestras tarjetas de pl\u00e1stico puedes crear f\u00e1cilmente tarjetas personalizadas con im\u00e1genes y texto para causar una impresi\u00f3n duradera.<\/p>\n<p>Nuestras tarjetas de pl\u00e1stico CR80 est\u00e1n dise\u00f1adas para funcionar sin problemas con impresoras de tarjetas, o como a menudo se las llama, impresoras de tarjetas de pl\u00e1stico.<\/p>\n<p>Esta compatibilidad le permite imprimir f\u00e1cilmente sus propias tarjetas personalizadas directamente desde su lugar de trabajo u oficina. Ya sea que necesite crear tarjetas de identificaci\u00f3n profesionales, tarjetas de membres\u00eda o cualquier otra cosa, nuestras tarjetas de pl\u00e1stico CR80 son la elecci\u00f3n perfecta.<\/p>\n<p>Fabricadas con material de alta calidad, nuestras tarjetas de pl\u00e1stico son duraderas y robustas, lo que garantiza que mantengan su calidad y apariencia a lo largo del tiempo.<\/p>\n<p>La superficie blanca de las tarjetas de pl\u00e1stico proporciona un fondo limpio y profesional para su dise\u00f1o y texto, haciendo que sus tarjetas se destaquen y dejen una impresi\u00f3n duradera.<\/p>\n<p>Entonces, ya sea que dirija una empresa, una organizaci\u00f3n o simplemente desee crear tarjetas personalizadas para diversos prop\u00f3sitos, puede confiar en nuestras tarjetas de pl\u00e1stico CR80 blancas para brindar una calidad y un rendimiento superiores en todo momento.<\/p>\n<p>Si necesita un chip RFID tambi\u00e9n est\u00e1 disponible en nuestra tienda, cont\u00e1ctenos si tiene alguna pregunta.<\/p>\n<p>\u00a1Explore nuestra gama hoy y deje que sus ideas creativas tomen forma en tarjetas de pl\u00e1stico de alta calidad de nuestra tienda en l\u00ednea!<\/p>","protected":false},"excerpt":{"rendered":"<p>Nuestras tarjetas de pl\u00e1stico CR80 son de primera calidad. Son la soluci\u00f3n perfecta para crear tarjetas de visita, tarjetas de empresa y mucho m\u00e1s, elegantes y profesionales.<\/p>\n<p>Con nuestras tarjetas de pl\u00e1stico puedes crear f\u00e1cilmente tarjetas personalizadas con im\u00e1genes y texto para causar una impresi\u00f3n duradera.<\/p>\n<p>Nuestras tarjetas de pl\u00e1stico CR80 est\u00e1n dise\u00f1adas para funcionar sin problemas con impresoras de tarjetas, o como a menudo se las llama, impresoras de tarjetas de pl\u00e1stico.<\/p>","protected":false},"featured_media":136040,"template":"","meta":{"_acf_changed":false},"product_brand":[],"product_cat":[1711,1653,4235],"product_tag":[3077,2958],"class_list":{"0":"post-55421","1":"product","2":"type-product","3":"status-publish","4":"has-post-thumbnail","6":"product_cat-rfid-kort","7":"product_cat-gor-dina-egna-foretagskort","8":"product_cat-plastkort-utan-chip","9":"product_tag-rfid-desfire","10":"product_tag-stonehouse-produkt","11":"product_shipping_class-postnord-varubrev","12":"pa_brands-stonehouse-security","13":"pa_chip-teknik-inget-chip","14":"pa_plastkort-teknik-kort-utan-chip-endast-plastkort-for-ex-besokskort-medlemskort","15":"tm-no-options","17":"first","18":"instock","19":"sale","20":"featured","21":"taxable","22":"shipping-taxable","23":"purchasable","24":"product-type-simple"},"acf":[],"_links":{"self":[{"href":"https:\/\/secureus.se\/es\/wp-json\/wp\/v2\/product\/55421","targetHints":{"allow":["GET"]}}],"collection":[{"href":"https:\/\/secureus.se\/es\/wp-json\/wp\/v2\/product"}],"about":[{"href":"https:\/\/secureus.se\/es\/wp-json\/wp\/v2\/types\/product"}],"wp:featuredmedia":[{"embeddable":true,"href":"https:\/\/secureus.se\/es\/wp-json\/wp\/v2\/media\/136040"}],"wp:attachment":[{"href":"https:\/\/secureus.se\/es\/wp-json\/wp\/v2\/media?parent=55421"}],"wp:term":[{"taxonomy":"product_brand","embeddable":true,"href":"https:\/\/secureus.se\/es\/wp-json\/wp\/v2\/product_brand?post=55421"},{"taxonomy":"product_cat","embeddable":true,"href":"https:\/\/secureus.se\/es\/wp-json\/wp\/v2\/product_cat?post=55421"},{"taxonomy":"product_tag","embeddable":true,"href":"https:\/\/secureus.se\/es\/wp-json\/wp\/v2\/product_tag?post=55421"}],"curies":[{"name":"wp","href":"https:\/\/api.w.org\/{rel}","templated":true}]}}