{"id":55606,"date":"2022-04-08T12:16:00","date_gmt":"2022-04-08T10:16:00","guid":{"rendered":"https:\/\/secureus.se\/produkt\/wireless-key-ws4939\/"},"modified":"2026-01-06T20:48:46","modified_gmt":"2026-01-06T19:48:46","slug":"dsc-4-button-wireless-key-ws4939","status":"publish","type":"product","link":"https:\/\/secureus.se\/es\/dsc-4-button-wireless-key-ws4939\/","title":{"rendered":"DSC 4-Button Wireless Key - Remote Control WS4939 433 Mhz (este producto es Fin de L\u00ednea)"},"content":{"rendered":"<p><strong>Llave inal\u00e1mbrica DSC de 4 botones WS4939<\/strong> Es un control remoto inal\u00e1mbrico funcional y pr\u00e1ctico que brinda a los usuarios f\u00e1cil acceso y control sobre su sistema de seguridad.<\/p>\n<p>Tiene cuatro botones programables que le permiten activar r\u00e1pidamente funciones espec\u00edficas como encender o apagar la alarma, hacer sonar una alarma de emergencia o controlar otros dispositivos conectados.<\/p>\n<p>El control remoto tiene un monitor de voltaje de bater\u00eda y se suministra con dos bater\u00edas de litio CR2025, lo que garantiza un uso a largo plazo.<\/p>\n<p>La unidad se puede utilizar con hasta 16 controles remotos dentro del sistema, sin ocupar espacio en ninguna secci\u00f3n, lo que la hace ideal para instalaciones complejas.<\/p>\n<p>Con un dise\u00f1o compacto (dimensiones 57x32x11 mm), este control remoto es f\u00e1cil de manejar y f\u00e1cil de transportar.<\/p>\n<p>Para garantizar un funcionamiento \u00f3ptimo, su alarma requiere un transceptor HSM2HOST o un teclado con tecnolog\u00eda RF, que act\u00faa como receptor de los productos inal\u00e1mbricos.<\/p>\n<p>La llave inal\u00e1mbrica de 4 botones DSC es perfecta tanto para hogares como para empresas y proporciona una forma conveniente de administrar su sistema de seguridad de una manera f\u00e1cil de usar.<\/p>","protected":false},"excerpt":{"rendered":"<p>La llave inal\u00e1mbrica de 4 botones DSC WS4939 es un control remoto inal\u00e1mbrico con cuatro botones programables, perfecto para controlar sistemas DSC PowerSeries Neo.<\/p>","protected":false},"featured_media":144639,"template":"","meta":{"_acf_changed":false},"product_brand":[],"product_cat":[1322,3327],"product_tag":[3311,3027],"class_list":{"0":"post-55606","1":"product","2":"type-product","3":"status-publish","4":"has-post-thumbnail","6":"product_cat-dsc-larm-neo-power-hybridlarm","7":"product_cat-overfall-fjarrkontrol","8":"product_tag-dsc-neo-svensk-manual","9":"product_tag-power-pc1616-1864-aldre-versionen-av-neo","10":"product_shipping_class-postnord-varubrev","11":"pa_brands-4dsc","12":"pa_dsc-neo-hybridlarm-power-pc1616-1864-aldre-version-av-neo","13":"tm-has-options","15":"first","16":"outofstock","17":"sale","18":"featured","19":"taxable","20":"shipping-taxable","21":"purchasable","22":"product-type-simple"},"acf":[],"_links":{"self":[{"href":"https:\/\/secureus.se\/es\/wp-json\/wp\/v2\/product\/55606","targetHints":{"allow":["GET"]}}],"collection":[{"href":"https:\/\/secureus.se\/es\/wp-json\/wp\/v2\/product"}],"about":[{"href":"https:\/\/secureus.se\/es\/wp-json\/wp\/v2\/types\/product"}],"wp:featuredmedia":[{"embeddable":true,"href":"https:\/\/secureus.se\/es\/wp-json\/wp\/v2\/media\/144639"}],"wp:attachment":[{"href":"https:\/\/secureus.se\/es\/wp-json\/wp\/v2\/media?parent=55606"}],"wp:term":[{"taxonomy":"product_brand","embeddable":true,"href":"https:\/\/secureus.se\/es\/wp-json\/wp\/v2\/product_brand?post=55606"},{"taxonomy":"product_cat","embeddable":true,"href":"https:\/\/secureus.se\/es\/wp-json\/wp\/v2\/product_cat?post=55606"},{"taxonomy":"product_tag","embeddable":true,"href":"https:\/\/secureus.se\/es\/wp-json\/wp\/v2\/product_tag?post=55606"}],"curies":[{"name":"wp","href":"https:\/\/api.w.org\/{rel}","templated":true}]}}