{"id":55617,"date":"2022-04-08T11:12:00","date_gmt":"2022-04-08T09:12:00","guid":{"rendered":"https:\/\/secureus.se\/produkt\/wireless-pir-detector-ws4904pw\/"},"modified":"2026-05-04T12:54:56","modified_gmt":"2026-05-04T10:54:56","slug":"dsc-pet-pir-motion-ws4904p","status":"publish","type":"product","link":"https:\/\/secureus.se\/es\/dsc-pet-pir-motion-ws4904p\/","title":{"rendered":"Detector de movimiento inal\u00e1mbrico DSC PET PIR WS4904P"},"content":{"rendered":"<p><strong>Detector de movimiento inal\u00e1mbrico DSC PET PIR WS4904P<\/strong> Es la soluci\u00f3n ideal para los due\u00f1os de mascotas que buscan un detector de movimiento eficaz y confiable.<\/p>\n<p>Este detector inal\u00e1mbrico utiliza tecnolog\u00eda de 433 MHz y tiene un impresionante radio de cobertura de 15,2 x 18,3 metros, lo que garantiza una protecci\u00f3n integral de su hogar.<\/p>\n<p>Con inmunidad a mascotas de hasta 27 kg, puedes usarlo con seguridad en entornos donde los animales se mueven, sin tener que preocuparte por falsas alarmas.<\/p>\n<p>Cuenta con activaci\u00f3n autom\u00e1tica de prueba de caminata y funci\u00f3n de ahorro de bater\u00eda que se activa luego de 3 minutos de inactividad, lo que contribuye a una larga vida \u00fatil de la bater\u00eda de aproximadamente 5 a\u00f1os con la bater\u00eda de litio incluida de tipo CR123A.<\/p>\n<p>Configurar e instalar el WS4904P es muy sencillo, lo que le permitir\u00e1 poner en funcionamiento r\u00e1pidamente su sistema de seguridad.<\/p>\n<p>El detector tambi\u00e9n monitorea la manipulaci\u00f3n, el voltaje de la bater\u00eda y la comunicaci\u00f3n para garantizar un alto nivel de seguridad.<\/p>\n<p>Es importante tener en cuenta que para utilizar los productos inal\u00e1mbricos PowerG se requiere un Transceptor HSM2HOST o un teclado con tecnolog\u00eda RF que act\u00fae como receptor.<\/p>\n<p>El DSC PET PIR WS4904P es perfecto tanto para hogares como para empresas, proporcionando una soluci\u00f3n de seguridad eficaz y confiable.<\/p>","protected":false},"excerpt":{"rendered":"<p>El DSC PET PIR WS4904P es un detector de mascotas inal\u00e1mbrico con inmunidad a animales de hasta 27 kg, perfecto para sistemas de seguridad en hogares con mascotas.<\/p>","protected":false},"featured_media":144872,"template":"","meta":{"_acf_changed":false},"product_brand":[],"product_cat":[1322],"product_tag":[3152,3311],"class_list":{"0":"post-55617","1":"product","2":"type-product","3":"status-publish","4":"has-post-thumbnail","6":"product_cat-dsc-larm-neo-power-hybridlarm","7":"product_tag-cr123-tillbehor","8":"product_tag-dsc-neo-svensk-manual","9":"product_shipping_class-postnord-varubrev","10":"pa_brands-4dsc","11":"pa_dsc-neo-hybridlarm-power-pc1616-1864-aldre-version-av-neo","12":"tm-has-options","14":"first","15":"instock","16":"sale","17":"featured","18":"taxable","19":"shipping-taxable","20":"purchasable","21":"product-type-simple"},"acf":[],"_links":{"self":[{"href":"https:\/\/secureus.se\/es\/wp-json\/wp\/v2\/product\/55617","targetHints":{"allow":["GET"]}}],"collection":[{"href":"https:\/\/secureus.se\/es\/wp-json\/wp\/v2\/product"}],"about":[{"href":"https:\/\/secureus.se\/es\/wp-json\/wp\/v2\/types\/product"}],"wp:featuredmedia":[{"embeddable":true,"href":"https:\/\/secureus.se\/es\/wp-json\/wp\/v2\/media\/144872"}],"wp:attachment":[{"href":"https:\/\/secureus.se\/es\/wp-json\/wp\/v2\/media?parent=55617"}],"wp:term":[{"taxonomy":"product_brand","embeddable":true,"href":"https:\/\/secureus.se\/es\/wp-json\/wp\/v2\/product_brand?post=55617"},{"taxonomy":"product_cat","embeddable":true,"href":"https:\/\/secureus.se\/es\/wp-json\/wp\/v2\/product_cat?post=55617"},{"taxonomy":"product_tag","embeddable":true,"href":"https:\/\/secureus.se\/es\/wp-json\/wp\/v2\/product_tag?post=55617"}],"curies":[{"name":"wp","href":"https:\/\/api.w.org\/{rel}","templated":true}]}}