{"id":55618,"date":"2022-03-24T12:58:00","date_gmt":"2022-03-24T11:58:00","guid":{"rendered":"https:\/\/secureus.se\/produkt\/tagg-glassfibre-kombi-em4200-mifare-1k-svart\/"},"modified":"2026-03-09T14:47:03","modified_gmt":"2026-03-09T13:47:03","slug":"rfid-tagg-glasfiber-kombi","status":"publish","type":"product","link":"https:\/\/secureus.se\/es\/rfid-tagg-glasfiber-kombi\/","title":{"rendered":"Etiqueta Combi EM4200 + Mifare1k\u00ae Negra \u2013 Fibra de Vidrio HD Antivand\u00e1lica"},"content":{"rendered":"<h1>Etiqueta Combi EM4200\/Mifare1k Fibra de vidrio HD<\/h1>\n<h3>Etiqueta para sistema de alarma\/control de acceso y reserva.<\/h3>\n<div>\n<h3><strong style=\"font-size: 16px\">Aqu\u00ed con n\u00fameros est\u00e1ndar grabados en la etiqueta para b\u00e1sicamente todos los sistemas de seguridad.<\/strong><\/h3>\n<div>\n<p><span style=\"text-decoration: underline\"><strong>RCO (MFR), Axema VAKA (MFV)<\/strong><\/span><\/p>\n<p><span style=\"text-decoration: underline\"><strong>(MFD) ASSA, Aptus, Bewator, Axema, Axema VAKA, Vanderbilt<\/strong><\/span><\/p>\n<p><span style=\"text-decoration: underline\"><strong>A = Aptus, R=RCO, AX=Axema, S=ASSA<\/strong><\/span><\/p>\n<p><span style=\"text-decoration: underline\"><strong>V=Axema VAKA y B= Bewator\/Vanderbilt.<\/strong><\/span><\/p>\n<\/div>\n<p>Nuestra fibra de vidrio \u201cTagg Glasfiber HD\u201d no solo es t\u00e9cnicamente avanzada, sino que tambi\u00e9n es extremadamente duradera y confiable.<\/p>\n<p>Hecho de material de fibra de vidrio\/epoxy extra reforzado y con solo 1,6 mm de espesor, puede soportar entornos y tensiones dif\u00edciles sin comprometer el rendimiento.<\/p>\n<p>Adem\u00e1s, la etiqueta es resistente al agua, lo que proporciona protecci\u00f3n contra la humedad y la hace adecuada para uso tanto en interiores como en exteriores.<\/p>\n<p>Este innovador llavero est\u00e1 especialmente dise\u00f1ado para satisfacer sus necesidades de sistemas de seguridad e identificaci\u00f3n.<\/p>\n<p>Con su construcci\u00f3n robusta y su impresionante funcionalidad, la etiqueta RFID \u201cGlasfiber HD\u201d proporciona una soluci\u00f3n confiable y eficiente para diversas aplicaciones.<\/p>\n<p>Ofrecemos varias variaciones de \u201cFibra de vidrio HD\u201d para satisfacer sus requisitos espec\u00edficos.<\/p>\n<p>Hay varios productos entre los que puede elegir: EM4200, Mifare1k, la combinaci\u00f3n de Mifare1k y EM4200, Mifare4k y la combinaci\u00f3n de Mifare4k y EM4200.<\/p>\n<p>Cada variante tiene sus caracter\u00edsticas y funciones \u00fanicas, lo que le brinda flexibilidad y versatilidad.<\/p>\n<p>Para personalizar a\u00fan m\u00e1s el llavero, ofrecemos la opci\u00f3n de grabar n\u00fameros como n\u00fameros de serie,<\/p>\n<p>o n\u00fameros de sus sistemas de control de acceso (RCO, Vanderbilt, Bewator, Axema Aptus ASSA, etc.).<\/p>\n<p>Esto facilita la identificaci\u00f3n y gesti\u00f3n de sus etiquetas, ahorrando tiempo y aumentando la eficiencia de su flujo de trabajo.<\/p>\n<h3>Como siempre de nuestra parte, chip original de<a href=\"https:\/\/www.nxp.com\/\" rel=\"noopener\"> NXP<\/a> y <a href=\"https:\/\/www.emmicroelectronic.com\/\" rel=\"noopener\">Microelectr\u00f3nica EM.<\/a><\/h3>\n<p><strong>\u00a1Apto para todo y para todos!<\/strong><\/p>\n<ul>\n<li>Sistema de control de acceso<\/li>\n<li>Sistema de visitantes<\/li>\n<li>Reserva de lavander\u00eda<\/li>\n<li>Sistemas de alarma y seguridad<\/li>\n<\/ul>\n<p>&nbsp;<\/p>\n<\/div>","protected":false},"excerpt":{"rendered":"<p>Etiqueta RFID \u201cGlassfiber HD\u201d: \u00a1antivand\u00e1lica y resistente al agua! \u2013 la soluci\u00f3n perfecta para sistemas de seguridad e identificaci\u00f3n. Chip Mifare1k listo para grabado o logo a color. Este producto tiene un chip certificado por NXP\u00ae, una empresa de tecnolog\u00eda global con sede en Holanda. NXP\u00ae se especializa en RFID y NFC y ofrece una gama de productos en seguridad, conectividad y soluciones integradas.<\/p>","protected":false},"featured_media":133934,"template":"","meta":{"_acf_changed":false},"product_brand":[],"product_cat":[1349,4786],"product_tag":[2436,4146,2958],"class_list":{"0":"post-55618","1":"product","2":"type-product","3":"status-publish","4":"has-post-thumbnail","6":"product_cat-rfid-tag-glasfiber","7":"product_cat-mifare1kem4200-tagg","8":"product_tag-250-moq-hd","9":"product_tag-nxp","10":"product_tag-stonehouse-produkt","11":"product_shipping_class-postnord-varubrev","12":"pa_brands-stonehouse-security","13":"pa_chip-teknik-kombi-em4200mifare1k","14":"pa_farg-svart","15":"pa_sakerhetssystem-aptus-mfd","16":"pa_sakerhetssystem-assa-arx-solid","17":"pa_sakerhetssystem-axema","18":"pa_sakerhetssystem-axema-vaka-access","19":"pa_sakerhetssystem-bewator-vanderbilt-entro-8-siffror","20":"pa_sakerhetssystem-bewator-vanderbilt-omnis-13-siffror","21":"pa_sakerhetssystem-blank-inga-nummer","22":"pa_sakerhetssystem-chipnummer-decimalt","23":"pa_sakerhetssystem-chipnummer-hexadecimalt","24":"pa_sakerhetssystem-paxton","25":"pa_sakerhetssystem-rco","26":"pa_sakerhetssystem-tidomat","27":"pa_tagg-glasfiber-tagg-glasfiber-hd","28":"tm-has-options","30":"first","31":"instock","32":"sale","33":"featured","34":"taxable","35":"shipping-taxable","36":"purchasable","37":"product-type-simple"},"acf":[],"_links":{"self":[{"href":"https:\/\/secureus.se\/es\/wp-json\/wp\/v2\/product\/55618","targetHints":{"allow":["GET"]}}],"collection":[{"href":"https:\/\/secureus.se\/es\/wp-json\/wp\/v2\/product"}],"about":[{"href":"https:\/\/secureus.se\/es\/wp-json\/wp\/v2\/types\/product"}],"wp:featuredmedia":[{"embeddable":true,"href":"https:\/\/secureus.se\/es\/wp-json\/wp\/v2\/media\/133934"}],"wp:attachment":[{"href":"https:\/\/secureus.se\/es\/wp-json\/wp\/v2\/media?parent=55618"}],"wp:term":[{"taxonomy":"product_brand","embeddable":true,"href":"https:\/\/secureus.se\/es\/wp-json\/wp\/v2\/product_brand?post=55618"},{"taxonomy":"product_cat","embeddable":true,"href":"https:\/\/secureus.se\/es\/wp-json\/wp\/v2\/product_cat?post=55618"},{"taxonomy":"product_tag","embeddable":true,"href":"https:\/\/secureus.se\/es\/wp-json\/wp\/v2\/product_tag?post=55618"}],"curies":[{"name":"wp","href":"https:\/\/api.w.org\/{rel}","templated":true}]}}