{"id":56494,"date":"2022-03-11T07:53:00","date_gmt":"2022-03-11T06:53:00","guid":{"rendered":"https:\/\/secureus.se\/produkt\/usb-2gb-rod-med-er-logo\/"},"modified":"2026-03-10T11:31:49","modified_gmt":"2026-03-10T10:31:49","slug":"usb-2gb-rod-med-er-logo","status":"publish","type":"product","link":"https:\/\/secureus.se\/es\/usb-2gb-rod-med-er-logo\/","title":{"rendered":"Memoria USB de 2 GB roja \u2013 Logotipo de color gratis"},"content":{"rendered":"<div>\n<p>Aqu\u00ed tienes memorias USB para tu documentaci\u00f3n o para tus clientes o dentro de la empresa as\u00ed como &quot;regalos&quot;.<\/p>\n<p>Los fabricamos en la f\u00e1brica despu\u00e9s de realizar su pedido y demora entre 14 y 20 d\u00edas h\u00e1biles producirlos despu\u00e9s de realizar el pedido.<\/p>\n<\/div>\n<div>Tenga en cuenta que debe enviarnos su logotipo y, dado que es un elemento de dise\u00f1o, nos comunicaremos con usted con sugerencias de correcci\u00f3n antes de comenzar la producci\u00f3n.<\/div>","protected":false},"excerpt":{"rendered":"<p>Aqu\u00ed tienes memorias USB para tu documentaci\u00f3n o para tus clientes o dentro de la empresa as\u00ed como &quot;regalos&quot;. Los fabricamos en la f\u00e1brica despu\u00e9s de realizar su pedido y demora aproximadamente<\/p>","protected":false},"featured_media":144547,"template":"","meta":{"_acf_changed":false},"product_brand":[],"product_cat":[1824],"product_tag":[2913,2958],"class_list":{"0":"post-56494","1":"product","2":"type-product","3":"status-publish","4":"has-post-thumbnail","6":"product_cat-usb-minnen-logo-minneskort","7":"product_tag-2-gb","8":"product_tag-stonehouse-produkt","9":"product_shipping_class-postnord-varubrev","10":"pa_brands-stonehouse-security","11":"pa_farg-rod","12":"tm-has-options","14":"first","15":"onbackorder","16":"sale","17":"featured","18":"taxable","19":"shipping-taxable","20":"purchasable","21":"product-type-simple"},"acf":[],"_links":{"self":[{"href":"https:\/\/secureus.se\/es\/wp-json\/wp\/v2\/product\/56494","targetHints":{"allow":["GET"]}}],"collection":[{"href":"https:\/\/secureus.se\/es\/wp-json\/wp\/v2\/product"}],"about":[{"href":"https:\/\/secureus.se\/es\/wp-json\/wp\/v2\/types\/product"}],"wp:featuredmedia":[{"embeddable":true,"href":"https:\/\/secureus.se\/es\/wp-json\/wp\/v2\/media\/144547"}],"wp:attachment":[{"href":"https:\/\/secureus.se\/es\/wp-json\/wp\/v2\/media?parent=56494"}],"wp:term":[{"taxonomy":"product_brand","embeddable":true,"href":"https:\/\/secureus.se\/es\/wp-json\/wp\/v2\/product_brand?post=56494"},{"taxonomy":"product_cat","embeddable":true,"href":"https:\/\/secureus.se\/es\/wp-json\/wp\/v2\/product_cat?post=56494"},{"taxonomy":"product_tag","embeddable":true,"href":"https:\/\/secureus.se\/es\/wp-json\/wp\/v2\/product_tag?post=56494"}],"curies":[{"name":"wp","href":"https:\/\/api.w.org\/{rel}","templated":true}]}}