{"id":56506,"date":"2022-03-11T07:13:00","date_gmt":"2022-03-11T06:13:00","guid":{"rendered":"https:\/\/secureus.se\/produkt\/brandlarmssiren-24v-ip54-en54-3\/"},"modified":"2026-03-12T13:14:19","modified_gmt":"2026-03-12T12:14:19","slug":"siren-brandlarmssiren-18-28v","status":"publish","type":"product","link":"https:\/\/secureus.se\/es\/siren-brandlarmssiren-18-28v\/","title":{"rendered":"Sirena de alarma contra incendios de 18-28 V con certificado IP54 EN54-3"},"content":{"rendered":"<h1>\u00a0Sirena de alarma contra incendios SATEL IP54 EN54-3 con funciones flexibles<\/h1>\n<p>Este <strong>sirena de alarma contra incendios certificada<\/strong> de SATEL est\u00e1 dise\u00f1ado para satisfacer los m\u00e1s altos requisitos de seguridad y confiabilidad.<\/p>\n<p>Con la capacidad de elegir entre 32 sonidos diferentes y un control de volumen ajustable, la sirena se puede adaptar a una variedad de aplicaciones y entornos.<\/p>\n<p>Su dise\u00f1o robusto y certificaci\u00f3n IP54 lo hacen perfecto tanto para alarmas contra incendios como contra robos.<\/p>\n<p><strong>Caracter\u00edsticas principales:<\/strong><\/p>\n<ul>\n<li><strong>Proceso de dar un t\u00edtulo:<\/strong> Cumple con la norma EN54-3 para sistemas de alarma contra incendios.<\/li>\n<li><strong>Opciones de audio:<\/strong> Elija entre 32 se\u00f1ales de sonido diferentes para una m\u00e1xima flexibilidad.<\/li>\n<li><strong>Funci\u00f3n de audio dual:<\/strong> Posibilidad de activar dos sonidos separados para diferentes alertas.<\/li>\n<li><strong>Control de volumen:<\/strong> Ajuste el nivel de sonido al entorno de instalaci\u00f3n.<\/li>\n<li><strong>Construcci\u00f3n robusta:<\/strong> Certificado IP54 de resistencia al polvo y al agua.<\/li>\n<\/ul>\n<p><strong>Ventajas:<\/strong><\/p>\n<ul>\n<li>Eficiencia energ\u00e9tica con un consumo m\u00e1ximo de corriente de solo 32 mA.<\/li>\n<li>Soporta temperaturas entre -25\u00b0C y +70\u00b0C, lo que lo hace ideal para condiciones ambientales variables.<\/li>\n<li>Dise\u00f1o a prueba de manipulaciones que evita la manipulaci\u00f3n no autorizada.<\/li>\n<\/ul>\n<p>Esta sirena es perfecta para usar en propiedades comerciales, almacenes y edificios p\u00fablicos donde una se\u00f1alizaci\u00f3n confiable es esencial.<\/p>\n<p>Con su dise\u00f1o personalizable y funciones flexibles, es una soluci\u00f3n en la que puede confiar.<\/p>","protected":false},"excerpt":{"rendered":"<p>Sirena de alarma contra incendios certificada de SATEL seg\u00fan norma EN54-3.<\/p>\n<p>Equipado con 32 opciones de sonido, funci\u00f3n de sonido dual y control de volumen para m\u00e1xima flexibilidad.<\/p>\n<p>Perfecto para sistemas de seguridad y contra incendios.<\/p>","protected":false},"featured_media":144772,"template":"","meta":{"_acf_changed":false},"product_brand":[],"product_cat":[1562,1825,5098],"product_tag":[2959,2269,2422,2420],"class_list":{"0":"post-56506","1":"product","2":"type-product","3":"status-publish","4":"has-post-thumbnail","6":"product_cat-larmdon-blixtljus","7":"product_cat-sirener-brand","8":"product_cat-siren-brand","9":"product_tag-certifierad-en54","10":"product_tag-larmdon-brand-rod","11":"product_tag-rel-brand","12":"product_tag-rel-larmdonblixt","13":"product_shipping_class-tunga-paket","14":"pa_brands-satel","15":"tm-no-options","17":"first","18":"outofstock","19":"sale","20":"featured","21":"taxable","22":"shipping-taxable","23":"purchasable","24":"product-type-simple"},"acf":[],"_links":{"self":[{"href":"https:\/\/secureus.se\/es\/wp-json\/wp\/v2\/product\/56506","targetHints":{"allow":["GET"]}}],"collection":[{"href":"https:\/\/secureus.se\/es\/wp-json\/wp\/v2\/product"}],"about":[{"href":"https:\/\/secureus.se\/es\/wp-json\/wp\/v2\/types\/product"}],"wp:featuredmedia":[{"embeddable":true,"href":"https:\/\/secureus.se\/es\/wp-json\/wp\/v2\/media\/144772"}],"wp:attachment":[{"href":"https:\/\/secureus.se\/es\/wp-json\/wp\/v2\/media?parent=56506"}],"wp:term":[{"taxonomy":"product_brand","embeddable":true,"href":"https:\/\/secureus.se\/es\/wp-json\/wp\/v2\/product_brand?post=56506"},{"taxonomy":"product_cat","embeddable":true,"href":"https:\/\/secureus.se\/es\/wp-json\/wp\/v2\/product_cat?post=56506"},{"taxonomy":"product_tag","embeddable":true,"href":"https:\/\/secureus.se\/es\/wp-json\/wp\/v2\/product_tag?post=56506"}],"curies":[{"name":"wp","href":"https:\/\/api.w.org\/{rel}","templated":true}]}}