{"id":56508,"date":"2022-03-11T07:13:00","date_gmt":"2022-03-11T06:13:00","guid":{"rendered":"https:\/\/secureus.se\/produkt\/kopplingsdosa-38-skruvar-2-5-mm2-sabotage\/"},"modified":"2026-04-01T14:11:49","modified_gmt":"2026-04-01T12:11:49","slug":"kopplingsdosa-mz-3-l-38-skruvar","status":"publish","type":"product","link":"https:\/\/secureus.se\/es\/kopplingsdosa-mz-3-l-38-skruvar\/","title":{"rendered":"Caja de conexiones MZ-3 L 38 tornillos 2,5 mm2 + tamper"},"content":{"rendered":"<h1>MZ-3 L \u2013 Caja de conexiones para mayor seguridad y simplicidad<\/h1>\n<p>MZ-3 L de SATEL es una caja de conexiones que combina fiabilidad y facilidad de uso.<\/p>\n<p>Est\u00e1 dise\u00f1ado para instalaciones el\u00e9ctricas de bajo voltaje y sistemas de seguridad, lo que lo hace ideal tanto para propiedades residenciales como comerciales.<\/p>\n<p>Con sus 38 terminales de tornillo numerados y su interruptor antimanipulaci\u00f3n, ofrece un alto nivel de seguridad y flexibilidad.<\/p>\n<p><strong>Caracter\u00edsticas que destacan:<\/strong><\/p>\n<ul>\n<li><strong>Seguridad ante todo:<\/strong> El interruptor de seguridad incorporado protege el sistema contra acceso no autorizado.<\/li>\n<li><strong>Alta capacidad:<\/strong> Maneja un voltaje m\u00e1ximo de 24 V CA\/CC y hasta 500 mA.<\/li>\n<li><strong>Terminales numerados:<\/strong> F\u00e1cil identificaci\u00f3n de conexiones para una instalaci\u00f3n m\u00e1s fluida.<\/li>\n<li><strong>Dise\u00f1o robusto:<\/strong> Construcci\u00f3n duradera adecuada tanto para entornos residenciales como comerciales.<\/li>\n<\/ul>\n<p><strong>Instalaci\u00f3n r\u00e1pida y sencilla<\/strong> El MZ-3 L es f\u00e1cil de instalar gracias a su dise\u00f1o intuitivo.<\/p>\n<p>Est\u00e1 equipado con terminales de tornillo numerados que hacen que la gesti\u00f3n de cables sea eficiente y r\u00e1pida. Adem\u00e1s, el interruptor antimanipulaci\u00f3n simplifica la supervisi\u00f3n de la seguridad de la instalaci\u00f3n.<\/p>\n<p><strong>\u00c1reas de uso<\/strong><\/p>\n<ul>\n<li>Alarmas de seguridad y sistemas de monitoreo.<\/li>\n<li>Instalaciones de baja tensi\u00f3n en sistemas de intercomunicaci\u00f3n.<\/li>\n<li>Casas inteligentes y otros dispositivos conectados.<\/li>\n<\/ul>\n<p>Con el MZ-3 L obtendr\u00e1 una soluci\u00f3n confiable que hace que las instalaciones sean seguras y eficientes.<\/p>","protected":false},"excerpt":{"rendered":"<p><strong>MZ-3 L \u2013 Caja de conexiones para seguridad y flexibilidad<\/strong><br \/>\nMZ-3 L es una caja de conexiones confiable con 38 terminales de tornillo numerados y un interruptor de manipulaci\u00f3n.<\/p>\n<p>Perfecto para instalaciones de bajo voltaje como alarmas de seguridad y sistemas de intercomunicaci\u00f3n.<\/p>\n<p>F\u00e1cil de instalar y adaptado tanto para uso profesional como particular.<\/p>","protected":false},"featured_media":144652,"template":"","meta":{"_acf_changed":false},"product_brand":[],"product_cat":[1545],"product_tag":[2220,2421],"class_list":{"0":"post-56508","1":"product","2":"type-product","3":"status-publish","4":"has-post-thumbnail","6":"product_cat-kopplingsdosa-larmdosa","7":"product_tag-dosor-rekommenderade-lagt-pris","8":"product_tag-rel-installationstillbehor","9":"product_shipping_class-postnord-varubrev","10":"pa_brands-satel","11":"tm-no-options","13":"first","14":"instock","15":"sale","16":"featured","17":"taxable","18":"shipping-taxable","19":"purchasable","20":"product-type-simple"},"acf":[],"_links":{"self":[{"href":"https:\/\/secureus.se\/es\/wp-json\/wp\/v2\/product\/56508","targetHints":{"allow":["GET"]}}],"collection":[{"href":"https:\/\/secureus.se\/es\/wp-json\/wp\/v2\/product"}],"about":[{"href":"https:\/\/secureus.se\/es\/wp-json\/wp\/v2\/types\/product"}],"wp:featuredmedia":[{"embeddable":true,"href":"https:\/\/secureus.se\/es\/wp-json\/wp\/v2\/media\/144652"}],"wp:attachment":[{"href":"https:\/\/secureus.se\/es\/wp-json\/wp\/v2\/media?parent=56508"}],"wp:term":[{"taxonomy":"product_brand","embeddable":true,"href":"https:\/\/secureus.se\/es\/wp-json\/wp\/v2\/product_brand?post=56508"},{"taxonomy":"product_cat","embeddable":true,"href":"https:\/\/secureus.se\/es\/wp-json\/wp\/v2\/product_cat?post=56508"},{"taxonomy":"product_tag","embeddable":true,"href":"https:\/\/secureus.se\/es\/wp-json\/wp\/v2\/product_tag?post=56508"}],"curies":[{"name":"wp","href":"https:\/\/api.w.org\/{rel}","templated":true}]}}