{"id":56509,"date":"2022-03-11T07:13:00","date_gmt":"2022-03-11T06:13:00","guid":{"rendered":"https:\/\/secureus.se\/produkt\/spw-100-siren-inomhus-med-kraftigt-120-db-ljud\/"},"modified":"2026-04-01T14:10:21","modified_gmt":"2026-04-01T12:10:21","slug":"spw-100-siren-inomhus","status":"publish","type":"product","link":"https:\/\/secureus.se\/es\/spw-100-siren-inomhus\/","title":{"rendered":"Sirena de interior Satel SPW-100: potente sonido de 120 dB."},"content":{"rendered":"<h1>Sirena de interior SPW-100: indicaci\u00f3n de alarma eficaz y fiable<\/h1>\n<p>La SPW-100 de SATEL es una sirena de interior potente y flexible, dise\u00f1ada para satisfacer las demandas de las soluciones de seguridad modernas.<\/p>\n<p>Con un impresionante nivel de sonido de hasta 120 dB, garantiza una se\u00f1alizaci\u00f3n eficaz incluso en edificios grandes como almacenes, aparcamientos y oficinas.<\/p>\n<p>Esta sirena ofrece tres tonos seleccionables, lo que permite adaptar la alarma a diferentes necesidades.<\/p>\n<p>El elegante gabinete ovalado permite el montaje tanto en la pared como en el techo, lo que hace que la instalaci\u00f3n sea f\u00e1cil y flexible.<\/p>\n<p><strong>Caracter\u00edsticas principales:<\/strong><\/p>\n<ul>\n<li><strong>Alto volumen:<\/strong> La se\u00f1al de audio de 120 dB garantiza la audibilidad en entornos grandes y ruidosos.<\/li>\n<li><strong>Se\u00f1alizaci\u00f3n personalizable:<\/strong> Tres tonos diferentes para combinar con aplicaciones espec\u00edficas.<\/li>\n<li><strong>Protecci\u00f3n contra manipulaciones:<\/strong> Protecci\u00f3n incorporada contra acceso no autorizado mediante apertura de la carcasa o desmontaje de la pared.<\/li>\n<li><strong>Dise\u00f1o compacto:<\/strong> Se adapta f\u00e1cilmente a diversos entornos interiores.<\/li>\n<\/ul>\n<p>El SPW-100 es una soluci\u00f3n robusta y energ\u00e9ticamente eficiente con un bajo consumo de energ\u00eda de 320 mA.<\/p>\n<p>Ofrece alta seguridad y facilidad de uso tanto para propiedades residenciales como comerciales.<\/p>\n<p>&nbsp;<\/p>","protected":false},"excerpt":{"rendered":"<p>La sirena de interior SPW-100 de SATEL ofrece un alto volumen de 120 dB y tres tonos seleccionables.<\/p>\n<p>Con protecci\u00f3n contra manipulaciones y dise\u00f1o compacto, es ideal para entornos interiores que requieren una funcionalidad de alarma confiable.<\/p>","protected":false},"featured_media":144900,"template":"","meta":{"_acf_changed":false},"product_brand":[],"product_cat":[1306,1562],"product_tag":[2268],"class_list":{"0":"post-56509","1":"product","2":"type-product","3":"status-publish","4":"has-post-thumbnail","6":"product_cat-larm-sakerhet","7":"product_cat-larmdon-blixtljus","8":"product_tag-larmdon-siren-inomhus","9":"product_shipping_class-postnord-varubrev","10":"pa_brands-satel","11":"tm-no-options","13":"first","14":"instock","15":"sale","16":"featured","17":"taxable","18":"shipping-taxable","19":"purchasable","20":"product-type-simple"},"acf":[],"_links":{"self":[{"href":"https:\/\/secureus.se\/es\/wp-json\/wp\/v2\/product\/56509","targetHints":{"allow":["GET"]}}],"collection":[{"href":"https:\/\/secureus.se\/es\/wp-json\/wp\/v2\/product"}],"about":[{"href":"https:\/\/secureus.se\/es\/wp-json\/wp\/v2\/types\/product"}],"wp:featuredmedia":[{"embeddable":true,"href":"https:\/\/secureus.se\/es\/wp-json\/wp\/v2\/media\/144900"}],"wp:attachment":[{"href":"https:\/\/secureus.se\/es\/wp-json\/wp\/v2\/media?parent=56509"}],"wp:term":[{"taxonomy":"product_brand","embeddable":true,"href":"https:\/\/secureus.se\/es\/wp-json\/wp\/v2\/product_brand?post=56509"},{"taxonomy":"product_cat","embeddable":true,"href":"https:\/\/secureus.se\/es\/wp-json\/wp\/v2\/product_cat?post=56509"},{"taxonomy":"product_tag","embeddable":true,"href":"https:\/\/secureus.se\/es\/wp-json\/wp\/v2\/product_tag?post=56509"}],"curies":[{"name":"wp","href":"https:\/\/api.w.org\/{rel}","templated":true}]}}