{"id":56512,"date":"2022-03-11T07:13:00","date_gmt":"2022-03-11T06:13:00","guid":{"rendered":"https:\/\/secureus.se\/produkt\/kopplingsdosa-38-skruvar-sabotage\/"},"modified":"2026-04-01T14:37:44","modified_gmt":"2026-04-01T12:37:44","slug":"kopplingsdosa-mz-3-s38-skruvar","status":"publish","type":"product","link":"https:\/\/secureus.se\/es\/kopplingsdosa-mz-3-s38-skruvar\/","title":{"rendered":"Satel Monteringsplint Kopplingsdosa 38 plintar 2,5&#215;2,5mm 24V AC\/DC (MZ-3 S)"},"content":{"rendered":"<h1>MZ-3 S: la caja de conexiones definitiva para mayor seguridad y flexibilidad<\/h1>\n<p>MZ-3 S es una caja de conexiones de alta calidad dise\u00f1ada para instalaciones el\u00e9ctricas de bajo voltaje, incluidos los sistemas de alarma de seguridad.<\/p>\n<p>Con su tama\u00f1o compacto y dise\u00f1o f\u00e1cil de usar, es una opci\u00f3n perfecta tanto para instalaciones comerciales como privadas.<\/p>\n<p>Con 38 terminales de tornillo, el MZ-3 S ofrece muchas opciones de conexi\u00f3n. Cada bloque de terminales est\u00e1 numerado para una f\u00e1cil identificaci\u00f3n, lo que hace que la instalaci\u00f3n sea r\u00e1pida y sencilla.<\/p>\n<p>Adem\u00e1s, el m\u00f3dulo est\u00e1 equipado con un interruptor de manipulaci\u00f3n que garantiza que el sistema est\u00e9 protegido contra acceso no autorizado.<\/p>\n<p>El MZ-3 S es compatible con corrientes de hasta 500 mA y voltajes de 24 V CA\/CC, lo que lo convierte en una opci\u00f3n vers\u00e1til para una variedad de aplicaciones.<\/p>\n<p>La construcci\u00f3n robusta y las caracter\u00edsticas inteligentes, como la opci\u00f3n de utilizar los terminales con rieles de tolva separados, garantizan un uso y confiabilidad a largo plazo.<\/p>\n<h4>Ventajas:<\/h4>\n<ul>\n<li><strong>La seguridad en el punto de mira<\/strong>:Interruptor de manipulaci\u00f3n incorporado para mayor seguridad.<\/li>\n<li><strong>Instalaci\u00f3n eficiente<\/strong>:Los terminales de tornillo numerados simplifican el manejo y la conexi\u00f3n.<\/li>\n<li><strong>Uso flexible<\/strong>:Puede manejar alimentaci\u00f3n tanto de CA como de CC.<\/li>\n<li><strong>Dise\u00f1o sostenible<\/strong>:Construcci\u00f3n robusta y soporte para hasta 500 mA.<\/li>\n<\/ul>\n<h4>Presupuesto:<\/h4>\n<ul>\n<li><strong>N\u00famero m\u00e1ximo de terminales<\/strong>: 38<\/li>\n<li><strong>Capacidad actual<\/strong>:Hasta 500 mA<\/li>\n<li><strong>Voltaje<\/strong>: 12-24 V CA\/CC<\/li>\n<li><strong>Tama\u00f1o<\/strong>:132 x 89 x 30 mm<\/li>\n<li><strong>Peso<\/strong>:151 gramos<\/li>\n<\/ul>\n<p>MZ-3 S es la soluci\u00f3n perfecta para quienes buscan una caja de conexiones segura y flexible para instalaciones de baja tensi\u00f3n.<\/p>\n<p>Elija el MZ-3 S y aseg\u00farese el m\u00e1ximo rendimiento y una f\u00e1cil instalaci\u00f3n.<\/p>","protected":false},"excerpt":{"rendered":"<p>La caja de conexiones MZ-3 S con 38 terminales de tornillo e interruptor antimanipulaci\u00f3n es una soluci\u00f3n ideal para instalaciones el\u00e9ctricas de baja tensi\u00f3n.<\/p>\n<p>Perfecto para sistemas de alarma de seguridad con f\u00e1cil identificaci\u00f3n de conexiones gracias a la numeraci\u00f3n.<\/p>","protected":false},"featured_media":144745,"template":"","meta":{"_acf_changed":false},"product_brand":[],"product_cat":[1545],"product_tag":[2220,2421],"class_list":{"0":"post-56512","1":"product","2":"type-product","3":"status-publish","4":"has-post-thumbnail","6":"product_cat-kopplingsdosa-larmdosa","7":"product_tag-dosor-rekommenderade-lagt-pris","8":"product_tag-rel-installationstillbehor","9":"product_shipping_class-postnord-varubrev","10":"pa_brands-satel","11":"tm-no-options","13":"first","14":"instock","15":"sale","16":"featured","17":"taxable","18":"shipping-taxable","19":"purchasable","20":"product-type-simple"},"acf":[],"_links":{"self":[{"href":"https:\/\/secureus.se\/es\/wp-json\/wp\/v2\/product\/56512","targetHints":{"allow":["GET"]}}],"collection":[{"href":"https:\/\/secureus.se\/es\/wp-json\/wp\/v2\/product"}],"about":[{"href":"https:\/\/secureus.se\/es\/wp-json\/wp\/v2\/types\/product"}],"wp:featuredmedia":[{"embeddable":true,"href":"https:\/\/secureus.se\/es\/wp-json\/wp\/v2\/media\/144745"}],"wp:attachment":[{"href":"https:\/\/secureus.se\/es\/wp-json\/wp\/v2\/media?parent=56512"}],"wp:term":[{"taxonomy":"product_brand","embeddable":true,"href":"https:\/\/secureus.se\/es\/wp-json\/wp\/v2\/product_brand?post=56512"},{"taxonomy":"product_cat","embeddable":true,"href":"https:\/\/secureus.se\/es\/wp-json\/wp\/v2\/product_cat?post=56512"},{"taxonomy":"product_tag","embeddable":true,"href":"https:\/\/secureus.se\/es\/wp-json\/wp\/v2\/product_tag?post=56512"}],"curies":[{"name":"wp","href":"https:\/\/api.w.org\/{rel}","templated":true}]}}