{"id":56522,"date":"2022-03-11T07:13:00","date_gmt":"2022-03-11T06:13:00","guid":{"rendered":"https:\/\/secureus.se\/produkt\/oppnaknapp-touch-standard-smalprofil-metall\/"},"modified":"2025-12-31T20:00:22","modified_gmt":"2025-12-31T19:00:22","slug":"oppnaknapp-touch-standard-smalprofil-metall","status":"publish","type":"product","link":"https:\/\/secureus.se\/es\/oppnaknapp-touch-standard-smalprofil-metall\/","title":{"rendered":"Bot\u00f3n de apertura t\u00e1ctil est\u00e1ndar - Perfil estrecho met\u00e1lico, IP65, 12-36 V (NO\/NC\/COM)"},"content":{"rendered":"<p data-start=\"731\" data-end=\"1026\"><strong data-start=\"731\" data-end=\"780\">Bot\u00f3n de apertura Touch Standard \u2013 Perfil estrecho Metal<\/strong> Es un bot\u00f3n de apertura robusto y elegante, dise\u00f1ado para sistemas profesionales de control de acceso y control de puertas.<br data-start=\"876\" data-end=\"879\" \/>El bot\u00f3n se activa con un ligero toque y conmuta el rel\u00e9 entre NA\/NC\/COM, sin piezas mec\u00e1nicas, lo que proporciona una larga vida \u00fatil y una alta fiabilidad operativa.<\/p>\n<p data-start=\"1028\" data-end=\"1254\">El indicador LED incorporado cambia entre <strong data-start=\"1072\" data-end=\"1090\">rojo (en espera)<\/strong> y <strong data-start=\"1095\" data-end=\"1116\">verde (activado)<\/strong> para una retroalimentaci\u00f3n visual clara.<br data-start=\"1145\" data-end=\"1148\" \/>La construcci\u00f3n en <strong data-start=\"1165\" data-end=\"1179\">Aleaci\u00f3n de zinc<\/strong> con <strong data-start=\"1184\" data-end=\"1209\">componentes electr\u00f3nicos rellenos de epoxi<\/strong> Protege contra la humedad, el polvo y las influencias externas.<\/p>\n<p data-start=\"1256\" data-end=\"1484\">Gracias a su <strong data-start=\"1270\" data-end=\"1288\">Clasificaci\u00f3n IP65<\/strong> y <strong data-start=\"1293\" data-end=\"1316\">Perfil compacto y delgado<\/strong> Se puede instalar tanto en interiores como en exteriores, incluso en espacios reducidos.<br data-start=\"1383\" data-end=\"1386\" \/>No requiere programaci\u00f3n; simplemente conecte los cables de alimentaci\u00f3n y del rel\u00e9, y estar\u00e1 listo para usar.<\/p>\n<hr data-start=\"1486\" data-end=\"1489\" \/>\n<h3 data-start=\"1491\" data-end=\"1526\"><strong data-start=\"1498\" data-end=\"1526\">Especificaciones t\u00e9cnicas<\/strong><\/h3>\n<div class=\"_tableContainer_1rjym_1\">\n<div class=\"group _tableWrapper_1rjym_13 flex w-fit flex-col-reverse\">\n<table class=\"w-fit min-w-(--thread-content-width)\" data-start=\"1527\" data-end=\"2096\">\n<thead data-start=\"1527\" data-end=\"1547\">\n<tr data-start=\"1527\" data-end=\"1547\">\n<th data-start=\"1527\" data-end=\"1538\" data-col-size=\"sm\">Propiedad<\/th>\n<th data-start=\"1538\" data-end=\"1547\" data-col-size=\"md\">Valor<\/th>\n<\/tr>\n<\/thead>\n<tbody data-start=\"1571\" data-end=\"2096\">\n<tr data-start=\"1571\" data-end=\"1608\">\n<td data-start=\"1571\" data-end=\"1577\" data-col-size=\"sm\">Tipo<\/td>\n<td data-col-size=\"md\" data-start=\"1577\" data-end=\"1608\">Bot\u00f3n de apertura sensible al tacto<\/td>\n<\/tr>\n<tr data-start=\"1609\" data-end=\"1647\">\n<td data-start=\"1609\" data-end=\"1618\" data-col-size=\"sm\">Modelo<\/td>\n<td data-col-size=\"md\" data-start=\"1618\" data-end=\"1647\">Perfil estrecho est\u00e1ndar t\u00e1ctil<\/td>\n<\/tr>\n<tr data-start=\"1648\" data-end=\"1682\">\n<td data-start=\"1648\" data-end=\"1659\" data-col-size=\"sm\">Material<\/td>\n<td data-col-size=\"md\" data-start=\"1659\" data-end=\"1682\">Aleaci\u00f3n de zinc (metal)<\/td>\n<\/tr>\n<tr data-start=\"1683\" data-end=\"1720\">\n<td data-start=\"1683\" data-end=\"1691\" data-col-size=\"sm\">Protecci\u00f3n<\/td>\n<td data-start=\"1691\" data-end=\"1720\" data-col-size=\"md\">Componentes electr\u00f3nicos sellados con epoxi<\/td>\n<\/tr>\n<tr data-start=\"1721\" data-end=\"1746\">\n<td data-start=\"1721\" data-end=\"1732\" data-col-size=\"sm\">Voltaje<\/td>\n<td data-start=\"1732\" data-end=\"1746\" data-col-size=\"md\">12\u201336 V CC<\/td>\n<\/tr>\n<tr data-start=\"1747\" data-end=\"1781\">\n<td data-start=\"1747\" data-end=\"1764\" data-col-size=\"sm\">Capacidad actual<\/td>\n<td data-start=\"1764\" data-end=\"1781\" data-col-size=\"md\">3A a 36V CC<\/td>\n<\/tr>\n<tr data-start=\"1782\" data-end=\"1812\">\n<td data-start=\"1782\" data-end=\"1795\" data-col-size=\"sm\">Salida de rel\u00e9<\/td>\n<td data-start=\"1795\" data-end=\"1812\" data-col-size=\"md\">NO \/ NC \/ COM<\/td>\n<\/tr>\n<tr data-start=\"1813\" data-end=\"1866\">\n<td data-start=\"1813\" data-end=\"1826\" data-col-size=\"sm\">Indicaci\u00f3n<\/td>\n<td data-start=\"1826\" data-end=\"1866\" data-col-size=\"md\">LED: Rojo (en espera), Verde (activado)<\/td>\n<\/tr>\n<tr data-start=\"1867\" data-end=\"1902\">\n<td data-start=\"1867\" data-end=\"1882\" data-col-size=\"sm\">Clasificaci\u00f3n IP<\/td>\n<td data-start=\"1882\" data-end=\"1902\" data-col-size=\"md\">IP65 (resistente a salpicaduras)<\/td>\n<\/tr>\n<tr data-start=\"1903\" data-end=\"1941\">\n<td data-start=\"1903\" data-end=\"1915\" data-col-size=\"sm\">Vida<\/td>\n<td data-start=\"1915\" data-end=\"1941\" data-col-size=\"md\">&gt; 500.000 activaciones<\/td>\n<\/tr>\n<tr data-start=\"1942\" data-end=\"1968\">\n<td data-start=\"1942\" data-end=\"1949\" data-col-size=\"sm\">Medida<\/td>\n<td data-start=\"1949\" data-end=\"1968\" data-col-size=\"md\">80 \u00d7 32 \u00d7 16 mm<\/td>\n<\/tr>\n<tr data-start=\"1969\" data-end=\"2004\">\n<td data-start=\"1969\" data-end=\"1982\" data-col-size=\"sm\">Temperatura<\/td>\n<td data-col-size=\"md\" data-start=\"1982\" data-end=\"2004\">De -20 \u00b0C a +55 \u00b0C<\/td>\n<\/tr>\n<tr data-start=\"2005\" data-end=\"2070\">\n<td data-start=\"2005\" data-end=\"2017\" data-col-size=\"sm\">Montaje<\/td>\n<td data-col-size=\"md\" data-start=\"2017\" data-end=\"2070\">Marco de pared o puerta, f\u00e1cil fijaci\u00f3n con tornillo.<\/td>\n<\/tr>\n<tr data-start=\"2071\" data-end=\"2096\">\n<td data-start=\"2071\" data-end=\"2084\" data-col-size=\"sm\">Certificado<\/td>\n<td data-start=\"2084\" data-end=\"2096\" data-col-size=\"md\">CE, RoHS<\/td>\n<\/tr>\n<\/tbody>\n<\/table>\n<\/div>\n<\/div>\n<hr data-start=\"2098\" data-end=\"2101\" \/>\n<h3 data-start=\"2103\" data-end=\"2122\"><strong data-start=\"2110\" data-end=\"2122\">Beneficios<\/strong><\/h3>\n<ul data-start=\"2123\" data-end=\"2474\">\n<li data-start=\"2123\" data-end=\"2183\">\n<p data-start=\"2125\" data-end=\"2183\">Carcasa met\u00e1lica (aleaci\u00f3n de zinc): resistente al desgaste y a las inclemencias ambientales.<\/p>\n<\/li>\n<li data-start=\"2184\" data-end=\"2233\">\n<p data-start=\"2186\" data-end=\"2233\">Clasificaci\u00f3n IP65 y sellado con epoxi para protecci\u00f3n contra la humedad.<\/p>\n<\/li>\n<li data-start=\"2234\" data-end=\"2263\">\n<p data-start=\"2236\" data-end=\"2263\">No se requiere programaci\u00f3n<\/p>\n<\/li>\n<li data-start=\"2264\" data-end=\"2308\">\n<p data-start=\"2266\" data-end=\"2308\">Luz LED para retroalimentaci\u00f3n visual (roja\/verde)<\/p>\n<\/li>\n<li data-start=\"2309\" data-end=\"2360\">\n<p data-start=\"2311\" data-end=\"2360\">F\u00e1cil instalaci\u00f3n: ideal para reformas.<\/p>\n<\/li>\n<li data-start=\"2361\" data-end=\"2421\">\n<p data-start=\"2363\" data-end=\"2421\">Su perfil compacto y delgado se adapta incluso a espacios reducidos.<\/p>\n<\/li>\n<li data-start=\"2422\" data-end=\"2474\">\n<p data-start=\"2424\" data-end=\"2474\">Compatible con todos los controladores est\u00e1ndar con entrada normalmente abierta\/normalmente cerrada.<\/p>\n<\/li>\n<\/ul>\n<hr data-start=\"2476\" data-end=\"2479\" \/>\n<h3 data-start=\"2481\" data-end=\"2510\"><strong data-start=\"2488\" data-end=\"2510\">\u00c1reas de uso<\/strong><\/h3>\n<ul data-start=\"2511\" data-end=\"2679\">\n<li data-start=\"2511\" data-end=\"2549\">\n<p data-start=\"2513\" data-end=\"2549\">Apertura de puerta en el sistema de control de acceso<\/p>\n<\/li>\n<li data-start=\"2550\" data-end=\"2589\">\n<p data-start=\"2552\" data-end=\"2589\">Automatizaci\u00f3n de puertas y portones<\/p>\n<\/li>\n<li data-start=\"2590\" data-end=\"2619\">\n<p data-start=\"2592\" data-end=\"2619\">Sistemas de alarma y seguridad<\/p>\n<\/li>\n<li data-start=\"2620\" data-end=\"2679\">\n<p data-start=\"2622\" data-end=\"2679\">hospitales, oficinas, industria, escuelas, edificios p\u00fablicos<\/p>\n<\/li>\n<\/ul>","protected":false},"excerpt":{"rendered":"<p>Bot\u00f3n de apertura met\u00e1lico sensible al tacto con indicaci\u00f3n LED (rojo\/verde).<br data-start=\"551\" data-end=\"554\" \/>Construcci\u00f3n duradera con clasificaci\u00f3n IP65 y 500.000 activaciones.<br data-start=\"616\" data-end=\"619\" \/>Se adapta a puertas, portones y sistemas de control de acceso: f\u00e1cil instalaci\u00f3n, 12-36 V.<\/p>","protected":false},"featured_media":159140,"template":"","meta":{"_acf_changed":false},"product_brand":[],"product_cat":[4867],"product_tag":[3068,2937,2958],"class_list":{"0":"post-56522","1":"product","2":"type-product","3":"status-publish","4":"has-post-thumbnail","6":"product_cat-oppnaknappar-kategorier","7":"product_tag-oppnaknapp-beroringsfria","8":"product_tag-oppnaknappar","9":"product_tag-stonehouse-produkt","10":"product_shipping_class-postnord-varubrev","11":"pa_brands-stonehouse-security","12":"tm-no-options","14":"first","15":"instock","16":"sale","17":"featured","18":"taxable","19":"shipping-taxable","20":"purchasable","21":"product-type-simple"},"acf":[],"_links":{"self":[{"href":"https:\/\/secureus.se\/es\/wp-json\/wp\/v2\/product\/56522","targetHints":{"allow":["GET"]}}],"collection":[{"href":"https:\/\/secureus.se\/es\/wp-json\/wp\/v2\/product"}],"about":[{"href":"https:\/\/secureus.se\/es\/wp-json\/wp\/v2\/types\/product"}],"wp:featuredmedia":[{"embeddable":true,"href":"https:\/\/secureus.se\/es\/wp-json\/wp\/v2\/media\/159140"}],"wp:attachment":[{"href":"https:\/\/secureus.se\/es\/wp-json\/wp\/v2\/media?parent=56522"}],"wp:term":[{"taxonomy":"product_brand","embeddable":true,"href":"https:\/\/secureus.se\/es\/wp-json\/wp\/v2\/product_brand?post=56522"},{"taxonomy":"product_cat","embeddable":true,"href":"https:\/\/secureus.se\/es\/wp-json\/wp\/v2\/product_cat?post=56522"},{"taxonomy":"product_tag","embeddable":true,"href":"https:\/\/secureus.se\/es\/wp-json\/wp\/v2\/product_tag?post=56522"}],"curies":[{"name":"wp","href":"https:\/\/api.w.org\/{rel}","templated":true}]}}