{"id":56523,"date":"2022-03-11T07:13:00","date_gmt":"2022-03-11T06:13:00","guid":{"rendered":"https:\/\/secureus.se\/produkt\/signering-till-stonehouse-modulplintar\/"},"modified":"2026-01-19T12:42:29","modified_gmt":"2026-01-19T11:42:29","slug":"signering-till-stonehouse-modulplintar","status":"publish","type":"product","link":"https:\/\/secureus.se\/es\/signering-till-stonehouse-modulplintar\/","title":{"rendered":"Firma para terminales modulares Stonehouse."},"content":{"rendered":"<p>Terminal de firma suministrado con 1 etiqueta de papel.<\/p>\n<p>El terminal de firma est\u00e1 dise\u00f1ado para montarse en bloques de terminales en cajas de alarma Stonehouse, pero tambi\u00e9n es adecuado para otras marcas.<\/p>\n<p><strong>Puedes comprar este producto en Solar. N\u00famero electr\u00f3nico 50 104 09<\/strong><\/p>","protected":false},"excerpt":{"rendered":"<p>24 pares de alarmas e intercomunicadores a los precios m\u00e1s bajos de Suecia - Para profesionales de profesionales<\/p>","protected":false},"featured_media":144997,"template":"","meta":{"_acf_changed":false},"product_brand":[],"product_cat":[1547],"product_tag":[2205,2207,2211,2958],"class_list":{"0":"post-56523","1":"product","2":"type-product","3":"status-publish","4":"has-post-thumbnail","6":"product_cat-plint-larm-telebox","7":"product_tag-box-larmbox-larmplint","8":"product_tag-box-telebox-teleplint","9":"product_tag-box-tillbehor","10":"product_tag-stonehouse-produkt","11":"product_shipping_class-postnord-varubrev","12":"pa_brands-stonehouse-security","13":"tm-no-options","15":"first","16":"instock","17":"sale","18":"featured","19":"taxable","20":"shipping-taxable","21":"purchasable","22":"product-type-simple"},"acf":[],"_links":{"self":[{"href":"https:\/\/secureus.se\/es\/wp-json\/wp\/v2\/product\/56523","targetHints":{"allow":["GET"]}}],"collection":[{"href":"https:\/\/secureus.se\/es\/wp-json\/wp\/v2\/product"}],"about":[{"href":"https:\/\/secureus.se\/es\/wp-json\/wp\/v2\/types\/product"}],"wp:featuredmedia":[{"embeddable":true,"href":"https:\/\/secureus.se\/es\/wp-json\/wp\/v2\/media\/144997"}],"wp:attachment":[{"href":"https:\/\/secureus.se\/es\/wp-json\/wp\/v2\/media?parent=56523"}],"wp:term":[{"taxonomy":"product_brand","embeddable":true,"href":"https:\/\/secureus.se\/es\/wp-json\/wp\/v2\/product_brand?post=56523"},{"taxonomy":"product_cat","embeddable":true,"href":"https:\/\/secureus.se\/es\/wp-json\/wp\/v2\/product_cat?post=56523"},{"taxonomy":"product_tag","embeddable":true,"href":"https:\/\/secureus.se\/es\/wp-json\/wp\/v2\/product_tag?post=56523"}],"curies":[{"name":"wp","href":"https:\/\/api.w.org\/{rel}","templated":true}]}}