{"id":56525,"date":"2022-03-11T07:13:00","date_gmt":"2022-03-11T06:13:00","guid":{"rendered":"https:\/\/secureus.se\/produkt\/oppnaknapp-touch-standard-metall\/"},"modified":"2025-12-31T19:49:19","modified_gmt":"2025-12-31T18:49:19","slug":"oppnaknapp-touch-standard-metall","status":"publish","type":"product","link":"https:\/\/secureus.se\/es\/oppnaknapp-touch-standard-metall\/","title":{"rendered":"Bot\u00f3n de apertura t\u00e1ctil est\u00e1ndar - Metal, 12-24 V, IP65, CE\/ROHS"},"content":{"rendered":"<p data-start=\"806\" data-end=\"1128\"><strong data-start=\"806\" data-end=\"844\">Bot\u00f3n de apertura t\u00e1ctil est\u00e1ndar \u2013 Metal<\/strong> Es un bot\u00f3n de apertura duradero y moderno para alarmas, control de puertas y sistemas de control de acceso.<br data-start=\"931\" data-end=\"934\" \/>El bot\u00f3n se activa simplemente al tocarlo, sin necesidad de presi\u00f3n mec\u00e1nica. Al activarlo, el rel\u00e9 se activa con un clic claro y... <strong data-start=\"1074\" data-end=\"1097\">indicaci\u00f3n LED verde<\/strong> Se ilumina como confirmaci\u00f3n visual.<\/p>\n<p data-start=\"1130\" data-end=\"1380\">El bot\u00f3n est\u00e1 dise\u00f1ado para soportar entornos dif\u00edciles y un uso prolongado, hasta <strong data-start=\"1211\" data-end=\"1235\">500.000 activaciones<\/strong>.<br data-start=\"1236\" data-end=\"1239\" \/>La carcasa est\u00e1 hecha de <strong data-start=\"1262\" data-end=\"1291\">Aleaci\u00f3n de zinc<\/strong> y todos los componentes internos son <strong data-start=\"1324\" data-end=\"1339\">relleno de epoxi<\/strong> Para resistir la humedad, el polvo y el desgaste.<\/p>\n<h3 data-start=\"1382\" data-end=\"1400\"><strong data-start=\"1386\" data-end=\"1400\">Caracter\u00edsticas<\/strong><\/h3>\n<ul data-start=\"1401\" data-end=\"1855\">\n<li data-start=\"1401\" data-end=\"1458\">\n<p data-start=\"1403\" data-end=\"1458\">Activado por tacto \u2013 sin bot\u00f3n mec\u00e1nico<\/p>\n<\/li>\n<li data-start=\"1459\" data-end=\"1496\">\n<p data-start=\"1461\" data-end=\"1496\">Arriba a <strong data-start=\"1470\" data-end=\"1494\">500.000 activaciones<\/strong><\/p>\n<\/li>\n<li data-start=\"1497\" data-end=\"1524\">\n<p data-start=\"1499\" data-end=\"1524\">Voltaje: <strong data-start=\"1509\" data-end=\"1522\">12\u201324 V CC<\/strong><\/p>\n<\/li>\n<li data-start=\"1525\" data-end=\"1562\">\n<p data-start=\"1527\" data-end=\"1562\">Salida de rel\u00e9: <strong data-start=\"1539\" data-end=\"1560\">hasta 36 V \/ 3 A<\/strong><\/p>\n<\/li>\n<li data-start=\"1563\" data-end=\"1600\">\n<p data-start=\"1565\" data-end=\"1600\">Material: <strong data-start=\"1575\" data-end=\"1598\">Metal (aleaci\u00f3n de zinc)<\/strong><\/p>\n<\/li>\n<li data-start=\"1601\" data-end=\"1641\">\n<p data-start=\"1603\" data-end=\"1641\"><strong data-start=\"1603\" data-end=\"1620\">Relleno de epoxi<\/strong> para protecci\u00f3n contra la humedad<\/p>\n<\/li>\n<li data-start=\"1642\" data-end=\"1692\">\n<p data-start=\"1644\" data-end=\"1692\"><strong data-start=\"1644\" data-end=\"1660\">Clasificaci\u00f3n IP65<\/strong> \u2013 a prueba de descarga contra la entrada de agua<\/p>\n<\/li>\n<li data-start=\"1693\" data-end=\"1725\">\n<p data-start=\"1695\" data-end=\"1725\"><strong data-start=\"1695\" data-end=\"1723\">Certificaci\u00f3n CE y ROHS<\/strong><\/p>\n<\/li>\n<li data-start=\"1726\" data-end=\"1789\">\n<p data-start=\"1728\" data-end=\"1789\">F\u00e1cil instalaci\u00f3n con placa base incluida y 1 tornillo.<\/p>\n<\/li>\n<li data-start=\"1790\" data-end=\"1855\">\n<p data-start=\"1792\" data-end=\"1855\">Se adapta a la mayor\u00eda de los sistemas de control de puertas, alarmas y controles de acceso.<\/p>\n<\/li>\n<\/ul>\n<h3 data-start=\"1857\" data-end=\"1874\"><strong data-start=\"1861\" data-end=\"1874\">Montaje<\/strong><\/h3>\n<p data-start=\"1875\" data-end=\"2109\">El bot\u00f3n se instala r\u00e1pidamente aflojando la placa base con un tornillo, fij\u00e1ndola a la pared y conectando los cables. Una vez conectados los cables, el bot\u00f3n simplemente vuelve a encajar. <strong data-start=\"2057\" data-end=\"2108\">No requiere programaci\u00f3n ni herramientas especiales<\/strong>.<\/p>","protected":false},"excerpt":{"rendered":"<p>Bot\u00f3n de apertura met\u00e1lico robusto para sistemas de alarma y control de acceso.<br data-start=\"567\" data-end=\"570\" \/>Se activa al tacto, sin necesidad de ejercer presi\u00f3n.<br data-start=\"614\" data-end=\"617\" \/>Clasificaci\u00f3n IP65, funcionamiento de 12 a 24 V, hasta <strong data-start=\"654\" data-end=\"678\">500.000 activaciones<\/strong>.<br data-start=\"679\" data-end=\"682\" \/>Hecho de durable <strong data-start=\"705\" data-end=\"721\">aleaci\u00f3n de zinc<\/strong> con relleno de epoxi para m\u00e1xima protecci\u00f3n contra la humedad.<\/p>","protected":false},"featured_media":159126,"template":"","meta":{"_acf_changed":false},"product_brand":[],"product_cat":[4867],"product_tag":[3068,2937,2958],"class_list":{"0":"post-56525","1":"product","2":"type-product","3":"status-publish","4":"has-post-thumbnail","6":"product_cat-oppnaknappar-kategorier","7":"product_tag-oppnaknapp-beroringsfria","8":"product_tag-oppnaknappar","9":"product_tag-stonehouse-produkt","10":"product_shipping_class-postnord-varubrev","11":"pa_brands-stonehouse-security","12":"tm-no-options","14":"first","15":"instock","16":"sale","17":"featured","18":"taxable","19":"shipping-taxable","20":"purchasable","21":"product-type-simple"},"acf":[],"_links":{"self":[{"href":"https:\/\/secureus.se\/es\/wp-json\/wp\/v2\/product\/56525","targetHints":{"allow":["GET"]}}],"collection":[{"href":"https:\/\/secureus.se\/es\/wp-json\/wp\/v2\/product"}],"about":[{"href":"https:\/\/secureus.se\/es\/wp-json\/wp\/v2\/types\/product"}],"wp:featuredmedia":[{"embeddable":true,"href":"https:\/\/secureus.se\/es\/wp-json\/wp\/v2\/media\/159126"}],"wp:attachment":[{"href":"https:\/\/secureus.se\/es\/wp-json\/wp\/v2\/media?parent=56525"}],"wp:term":[{"taxonomy":"product_brand","embeddable":true,"href":"https:\/\/secureus.se\/es\/wp-json\/wp\/v2\/product_brand?post=56525"},{"taxonomy":"product_cat","embeddable":true,"href":"https:\/\/secureus.se\/es\/wp-json\/wp\/v2\/product_cat?post=56525"},{"taxonomy":"product_tag","embeddable":true,"href":"https:\/\/secureus.se\/es\/wp-json\/wp\/v2\/product_tag?post=56525"}],"curies":[{"name":"wp","href":"https:\/\/api.w.org\/{rel}","templated":true}]}}