{"id":56536,"date":"2022-03-11T07:13:00","date_gmt":"2022-03-11T06:13:00","guid":{"rendered":"https:\/\/secureus.se\/produkt\/rela-12-vdc-2-vxl-relaer-avsakrad-indikering\/"},"modified":"2026-04-01T14:38:08","modified_gmt":"2026-04-01T12:38:08","slug":"rela-12-vdc-2-vxl-relaer-avsakrad-indikering","status":"publish","type":"product","link":"https:\/\/secureus.se\/es\/rela-12-vdc-2-vxl-relaer-avsakrad-indikering\/","title":{"rendered":"UPK-2.1 Rel\u00e9 EWIMAR 12 V CC, 2 rel\u00e9s de conmutaci\u00f3n \u2013 Con fusible + indicador"},"content":{"rendered":"<p>Fuente de alimentaci\u00f3n: 12 VCC<\/p>\n<p>Voltaje m\u00e1ximo conmutable: 30 VCC\/CA<\/p>\n<p>Potencia de salida: 2A<\/p>\n<p>Corriente m\u00e1xima del fusible: 2 A a 12 V CC<\/p>\n<p>Consumo de energ\u00eda: 28 mA a 12 V CC<\/p>\n<p>Indicaci\u00f3n con LED rojo<\/p>","protected":false},"excerpt":{"rendered":"<p>Alimentaci\u00f3n: 12 V CC Tensi\u00f3n m\u00e1xima conmutable: 30 V CC\/CA Potencia de salida: 2 A Corriente m\u00e1xima del fusible: 2 A a 12 V CC Consumo de corriente: 28 mA a 12 V CC Indicaci\u00f3n con LED rojo<\/p>","protected":false},"featured_media":145383,"template":"","meta":{"_acf_changed":false},"product_brand":[],"product_cat":[4151,1548],"product_tag":[2427,2229],"class_list":{"0":"post-56536","1":"product","2":"type-product","3":"status-publish","4":"has-post-thumbnail","6":"product_cat-rela-12-volt","7":"product_cat-relaer-elektronik","8":"product_tag-rel-relaelektonik","9":"product_tag-rela-12v","10":"product_shipping_class-postnord-varubrev","11":"pa_brands-ewimar","12":"tm-no-options","14":"first","15":"instock","16":"sale","17":"featured","18":"taxable","19":"shipping-taxable","20":"purchasable","21":"product-type-simple"},"acf":[],"_links":{"self":[{"href":"https:\/\/secureus.se\/es\/wp-json\/wp\/v2\/product\/56536","targetHints":{"allow":["GET"]}}],"collection":[{"href":"https:\/\/secureus.se\/es\/wp-json\/wp\/v2\/product"}],"about":[{"href":"https:\/\/secureus.se\/es\/wp-json\/wp\/v2\/types\/product"}],"wp:featuredmedia":[{"embeddable":true,"href":"https:\/\/secureus.se\/es\/wp-json\/wp\/v2\/media\/145383"}],"wp:attachment":[{"href":"https:\/\/secureus.se\/es\/wp-json\/wp\/v2\/media?parent=56536"}],"wp:term":[{"taxonomy":"product_brand","embeddable":true,"href":"https:\/\/secureus.se\/es\/wp-json\/wp\/v2\/product_brand?post=56536"},{"taxonomy":"product_cat","embeddable":true,"href":"https:\/\/secureus.se\/es\/wp-json\/wp\/v2\/product_cat?post=56536"},{"taxonomy":"product_tag","embeddable":true,"href":"https:\/\/secureus.se\/es\/wp-json\/wp\/v2\/product_tag?post=56536"}],"curies":[{"name":"wp","href":"https:\/\/api.w.org\/{rel}","templated":true}]}}