{"id":56537,"date":"2022-03-11T07:13:00","date_gmt":"2022-03-11T06:13:00","guid":{"rendered":"https:\/\/secureus.se\/produkt\/stonehouse-larmbox-10-par-slits-slits\/"},"modified":"2026-03-18T07:45:05","modified_gmt":"2026-03-18T06:45:05","slug":"stonehouse-larmbox-10-par-slits-slits","status":"publish","type":"product","link":"https:\/\/secureus.se\/es\/stonehouse-larmbox-10-par-slits-slits\/","title":{"rendered":"Caja de alarma Stonehouse de 10 pares ranura\/ranura"},"content":{"rendered":"<p>Caja de alarma de 10 pares con terminal de conexi\u00f3n separado para cable de alimentaci\u00f3n entrante.<\/p>\n<p>Terminal de conexi\u00f3n independiente para interruptor de manipulaci\u00f3n y blindaje.<\/p>\n<p>Conexi\u00f3n de ranura de entrada y conexi\u00f3n de ranura de salida. Proveedor: Stonehouse<\/p>\n<p>Tenga en cuenta que tambi\u00e9n puede tener un n\u00famero o su logotipo grabado en la caja como una opci\u00f3n a continuaci\u00f3n.<\/p>\n<p>Conexi\u00f3n: Ranurada \/ Ranurada<\/p>\n<p>Pares de polos: 10<\/p>\n<p>Dimensiones: 133x72x50 mm<\/p>","protected":false},"excerpt":{"rendered":"<p>10 pares de alarmas e intercomunicadores a los precios m\u00e1s bajos de Suecia - Para profesionales de profesionales<\/p>","protected":false},"featured_media":144819,"template":"","meta":{"_acf_changed":false},"product_brand":[],"product_cat":[1547],"product_tag":[2205,2989,2958],"class_list":{"0":"post-56537","1":"product","2":"type-product","3":"status-publish","4":"has-post-thumbnail","6":"product_cat-plint-larm-telebox","7":"product_tag-box-larmbox-larmplint","8":"product_tag-egen-logo-ej-taggar-kort","9":"product_tag-stonehouse-produkt","10":"product_shipping_class-postnord-varubrev","11":"pa_brands-stonehouse-security","12":"tm-no-options","14":"first","15":"instock","16":"sale","17":"featured","18":"taxable","19":"shipping-taxable","20":"purchasable","21":"product-type-simple"},"acf":[],"_links":{"self":[{"href":"https:\/\/secureus.se\/es\/wp-json\/wp\/v2\/product\/56537","targetHints":{"allow":["GET"]}}],"collection":[{"href":"https:\/\/secureus.se\/es\/wp-json\/wp\/v2\/product"}],"about":[{"href":"https:\/\/secureus.se\/es\/wp-json\/wp\/v2\/types\/product"}],"wp:featuredmedia":[{"embeddable":true,"href":"https:\/\/secureus.se\/es\/wp-json\/wp\/v2\/media\/144819"}],"wp:attachment":[{"href":"https:\/\/secureus.se\/es\/wp-json\/wp\/v2\/media?parent=56537"}],"wp:term":[{"taxonomy":"product_brand","embeddable":true,"href":"https:\/\/secureus.se\/es\/wp-json\/wp\/v2\/product_brand?post=56537"},{"taxonomy":"product_cat","embeddable":true,"href":"https:\/\/secureus.se\/es\/wp-json\/wp\/v2\/product_cat?post=56537"},{"taxonomy":"product_tag","embeddable":true,"href":"https:\/\/secureus.se\/es\/wp-json\/wp\/v2\/product_tag?post=56537"}],"curies":[{"name":"wp","href":"https:\/\/api.w.org\/{rel}","templated":true}]}}