{"id":56544,"date":"2022-03-11T07:13:00","date_gmt":"2022-03-11T06:13:00","guid":{"rendered":"https:\/\/secureus.se\/produkt\/kopplingsdosa-6-skruvar-sabotage\/"},"modified":"2026-04-17T14:45:59","modified_gmt":"2026-04-17T12:45:59","slug":"kopplingsdosa-mz-1-s-6-skruvar-sabotage","status":"publish","type":"product","link":"https:\/\/secureus.se\/es\/kopplingsdosa-mz-1-s-6-skruvar-sabotage\/","title":{"rendered":"Caja de conexiones MZ-1-S 6 tornillos + tamper"},"content":{"rendered":"<h1>Caja de conexiones MZ-1-S \u2013 Para una instalaci\u00f3n segura y eficiente<\/h1>\n<p>La MZ-1 S es una caja de conexiones de alta calidad que es perfecta para instalaciones de bajo voltaje, como sistemas de alarma de seguridad e intercomunicadores.<\/p>\n<p>Est\u00e1 equipado con 6 terminales de tornillo que pueden manejar hasta 24 V CA\/CC y una corriente de 500 mA.<\/p>\n<p>Para mayor seguridad, la caja est\u00e1 equipada con un interruptor de seguridad que advierte de una apertura no autorizada.<\/p>\n<p><strong>Caracter\u00edsticas y beneficios:<\/strong><\/p>\n<ul>\n<li><strong>Conexi\u00f3n segura:<\/strong> 6 terminales de tornillo numerados para una f\u00e1cil identificaci\u00f3n y una instalaci\u00f3n r\u00e1pida.<\/li>\n<li><strong>Seguridad adicional:<\/strong> El interruptor de seguridad incorporado protege contra el acceso no autorizado.<\/li>\n<li><strong>Dise\u00f1o robusto:<\/strong> Dise\u00f1ado para soportar un uso prolongado en diversos entornos.<\/li>\n<li><strong>Tama\u00f1o compacto:<\/strong> Con unas dimensiones de 89 x 28 x 30 mm, se adapta f\u00e1cilmente a cualquier instalaci\u00f3n.<\/li>\n<\/ul>\n<p>El MZ-1 S es una soluci\u00f3n ideal para sistemas de seguridad comerciales y privados.<\/p>\n<p>Garantiza que sus conexiones el\u00e9ctricas sean seguras y eficientes.<\/p>\n<p><strong>\u00c1reas de uso:<\/strong><\/p>\n<ul>\n<li>Sistema de alarma de seguridad<\/li>\n<li>Instalaciones de intercomunicaci\u00f3n<\/li>\n<li>Otras soluciones de baja tensi\u00f3n<\/li>\n<\/ul>\n<p>Con su dise\u00f1o duradero y rendimiento confiable, el MZ-1 S es una excelente opci\u00f3n para todo tipo de instalaciones el\u00e9ctricas.<\/p>","protected":false},"excerpt":{"rendered":"<p>MZ-1 S es una caja de conexiones dise\u00f1ada para instalaciones de baja tensi\u00f3n, incluidos los sistemas de alarma de seguridad.<\/p>\n<p>Tiene 6 terminales de tornillo y un interruptor de manipulaci\u00f3n incorporado para mayor seguridad.<\/p>\n<p>F\u00e1cil de instalar y confiable en su funcionamiento.<\/p>","protected":false},"featured_media":145353,"template":"","meta":{"_acf_changed":false},"product_brand":[],"product_cat":[1545],"product_tag":[2220,2421],"class_list":{"0":"post-56544","1":"product","2":"type-product","3":"status-publish","4":"has-post-thumbnail","6":"product_cat-kopplingsdosa-larmdosa","7":"product_tag-dosor-rekommenderade-lagt-pris","8":"product_tag-rel-installationstillbehor","9":"product_shipping_class-postnord-varubrev","10":"pa_brands-satel","11":"tm-no-options","13":"first","14":"instock","15":"sale","16":"featured","17":"taxable","18":"shipping-taxable","19":"purchasable","20":"product-type-simple"},"acf":[],"_links":{"self":[{"href":"https:\/\/secureus.se\/es\/wp-json\/wp\/v2\/product\/56544","targetHints":{"allow":["GET"]}}],"collection":[{"href":"https:\/\/secureus.se\/es\/wp-json\/wp\/v2\/product"}],"about":[{"href":"https:\/\/secureus.se\/es\/wp-json\/wp\/v2\/types\/product"}],"wp:featuredmedia":[{"embeddable":true,"href":"https:\/\/secureus.se\/es\/wp-json\/wp\/v2\/media\/145353"}],"wp:attachment":[{"href":"https:\/\/secureus.se\/es\/wp-json\/wp\/v2\/media?parent=56544"}],"wp:term":[{"taxonomy":"product_brand","embeddable":true,"href":"https:\/\/secureus.se\/es\/wp-json\/wp\/v2\/product_brand?post=56544"},{"taxonomy":"product_cat","embeddable":true,"href":"https:\/\/secureus.se\/es\/wp-json\/wp\/v2\/product_cat?post=56544"},{"taxonomy":"product_tag","embeddable":true,"href":"https:\/\/secureus.se\/es\/wp-json\/wp\/v2\/product_tag?post=56544"}],"curies":[{"name":"wp","href":"https:\/\/api.w.org\/{rel}","templated":true}]}}