{"id":56546,"date":"2022-03-11T07:13:00","date_gmt":"2022-03-11T06:13:00","guid":{"rendered":"https:\/\/secureus.se\/produkt\/stonehouse-teleplint-10-par-slits-slits\/"},"modified":"2025-12-31T20:00:49","modified_gmt":"2025-12-31T19:00:49","slug":"stonehouse-teleplint-10-par-slits-slits","status":"publish","type":"product","link":"https:\/\/secureus.se\/es\/stonehouse-teleplint-10-par-slits-slits\/","title":{"rendered":"Terminal telef\u00f3nico Stonehouse de 10 pares ranura\/ranura"},"content":{"rendered":"<p>Bloque de terminales telef\u00f3nicos de 10 pares con bloque de terminales de conexi\u00f3n separado para cable de alimentaci\u00f3n entrante.<\/p>\n<p>Terminal de conexi\u00f3n independiente para pantalla.<\/p>\n<p>Conexi\u00f3n de ranura de entrada y conexi\u00f3n de ranura de salida.<\/p>\n<p>Proveedor: Stonehouse<\/p>\n<p>Conexi\u00f3n: Ranurada \/ Ranurada<\/p>\n<p>Pares de polos: 10<\/p>\n<p>Dimensiones: 116x40x12 mm<\/p>","protected":false},"excerpt":{"rendered":"<p>10 pares de alarmas e intercomunicadores a los precios m\u00e1s bajos de Suecia - Para profesionales de profesionales<\/p>","protected":false},"featured_media":145323,"template":"","meta":{"_acf_changed":false},"product_brand":[],"product_cat":[1547],"product_tag":[2207,2958],"class_list":{"0":"post-56546","1":"product","2":"type-product","3":"status-publish","4":"has-post-thumbnail","6":"product_cat-plint-larm-telebox","7":"product_tag-box-telebox-teleplint","8":"product_tag-stonehouse-produkt","9":"product_shipping_class-postnord-varubrev","10":"pa_brands-stonehouse-security","11":"tm-no-options","13":"first","14":"instock","15":"sale","16":"featured","17":"taxable","18":"shipping-taxable","19":"purchasable","20":"product-type-simple"},"acf":[],"_links":{"self":[{"href":"https:\/\/secureus.se\/es\/wp-json\/wp\/v2\/product\/56546","targetHints":{"allow":["GET"]}}],"collection":[{"href":"https:\/\/secureus.se\/es\/wp-json\/wp\/v2\/product"}],"about":[{"href":"https:\/\/secureus.se\/es\/wp-json\/wp\/v2\/types\/product"}],"wp:featuredmedia":[{"embeddable":true,"href":"https:\/\/secureus.se\/es\/wp-json\/wp\/v2\/media\/145323"}],"wp:attachment":[{"href":"https:\/\/secureus.se\/es\/wp-json\/wp\/v2\/media?parent=56546"}],"wp:term":[{"taxonomy":"product_brand","embeddable":true,"href":"https:\/\/secureus.se\/es\/wp-json\/wp\/v2\/product_brand?post=56546"},{"taxonomy":"product_cat","embeddable":true,"href":"https:\/\/secureus.se\/es\/wp-json\/wp\/v2\/product_cat?post=56546"},{"taxonomy":"product_tag","embeddable":true,"href":"https:\/\/secureus.se\/es\/wp-json\/wp\/v2\/product_tag?post=56546"}],"curies":[{"name":"wp","href":"https:\/\/api.w.org\/{rel}","templated":true}]}}