{"id":56549,"date":"2022-03-11T07:13:00","date_gmt":"2022-03-11T06:13:00","guid":{"rendered":"https:\/\/secureus.se\/produkt\/stonehouse-teleplint-10-par-slits-skruv\/"},"modified":"2025-12-31T20:01:01","modified_gmt":"2025-12-31T19:01:01","slug":"stonehouse-teleplint-10-par-slits-skruv","status":"publish","type":"product","link":"https:\/\/secureus.se\/es\/stonehouse-teleplint-10-par-slits-skruv\/","title":{"rendered":"Bloque de terminales telef\u00f3nicos Stonehouse de 10 pares con ranura\/tornillo"},"content":{"rendered":"<p>Bloque de terminales telef\u00f3nicos de 10 pares con bloque de terminales de conexi\u00f3n separado para cable de alimentaci\u00f3n entrante.<\/p>\n<p>Terminal de conexi\u00f3n independiente para pantalla.<\/p>\n<p>Conexi\u00f3n ranurada de entrada y conexi\u00f3n roscada de salida.<\/p>\n<p>Proveedor: Stonehouse<\/p>\n<p>Conexi\u00f3n: Ranura \/ Tornillo<\/p>\n<p>Pares de polos: 10<\/p>\n<p>Dimensiones: 116x40x12 mm<\/p>","protected":false},"excerpt":{"rendered":"<p>10 pares de alarmas e intercomunicadores a los precios m\u00e1s bajos de Suecia - Para profesionales de profesionales<\/p>","protected":false},"featured_media":144852,"template":"","meta":{"_acf_changed":false},"product_brand":[],"product_cat":[1547],"product_tag":[2207,2958],"class_list":{"0":"post-56549","1":"product","2":"type-product","3":"status-publish","4":"has-post-thumbnail","6":"product_cat-plint-larm-telebox","7":"product_tag-box-telebox-teleplint","8":"product_tag-stonehouse-produkt","9":"product_shipping_class-postnord-varubrev","10":"pa_brands-stonehouse-security","11":"tm-no-options","13":"first","14":"instock","15":"sale","16":"featured","17":"taxable","18":"shipping-taxable","19":"purchasable","20":"product-type-simple"},"acf":[],"_links":{"self":[{"href":"https:\/\/secureus.se\/es\/wp-json\/wp\/v2\/product\/56549","targetHints":{"allow":["GET"]}}],"collection":[{"href":"https:\/\/secureus.se\/es\/wp-json\/wp\/v2\/product"}],"about":[{"href":"https:\/\/secureus.se\/es\/wp-json\/wp\/v2\/types\/product"}],"wp:featuredmedia":[{"embeddable":true,"href":"https:\/\/secureus.se\/es\/wp-json\/wp\/v2\/media\/144852"}],"wp:attachment":[{"href":"https:\/\/secureus.se\/es\/wp-json\/wp\/v2\/media?parent=56549"}],"wp:term":[{"taxonomy":"product_brand","embeddable":true,"href":"https:\/\/secureus.se\/es\/wp-json\/wp\/v2\/product_brand?post=56549"},{"taxonomy":"product_cat","embeddable":true,"href":"https:\/\/secureus.se\/es\/wp-json\/wp\/v2\/product_cat?post=56549"},{"taxonomy":"product_tag","embeddable":true,"href":"https:\/\/secureus.se\/es\/wp-json\/wp\/v2\/product_tag?post=56549"}],"curies":[{"name":"wp","href":"https:\/\/api.w.org\/{rel}","templated":true}]}}