{"id":56554,"date":"2022-03-11T07:13:00","date_gmt":"2022-03-11T06:13:00","guid":{"rendered":"https:\/\/secureus.se\/produkt\/sd-6000-utomhussiren-120-db-blixt-grade-2\/"},"modified":"2026-01-03T15:37:58","modified_gmt":"2026-01-03T14:37:58","slug":"sd-6000r-utomhussiren-120-db","status":"publish","type":"product","link":"https:\/\/secureus.se\/es\/sd-6000r-utomhussiren-120-db\/","title":{"rendered":"Sirena exterior SD 6000R de 120 db + destello \u2013 Grado 2"},"content":{"rendered":"<h1>Sirena exterior SATEL SD-6000R con luz estrobosc\u00f3pica y funciones personalizables<\/h1>\n<p>La SATEL SD-6000R es una sirena exterior vers\u00e1til y de alto rendimiento que combina una potente se\u00f1alizaci\u00f3n ac\u00fastica con luz LED intermitente. Con un nivel de sonido de hasta 120 dB y una se\u00f1alizaci\u00f3n \u00f3ptica, est\u00e1 dise\u00f1ado para garantizar que las alarmas nunca pasen desapercibidas.<\/p>\n<p><strong>Caracter\u00edsticas que destacan:<\/strong><\/p>\n<ul>\n<li><strong>Configuraciones flexibles:<\/strong> Personalice la duraci\u00f3n y el volumen de la alarma para satisfacer sus necesidades espec\u00edficas.<\/li>\n<li><strong>Alta seguridad:<\/strong> La protecci\u00f3n contra manipulaciones tanto para la tapa como para el soporte de pared protege la unidad contra manipulaciones no deseadas.<\/li>\n<li><strong>Rendimiento confiable:<\/strong> Soporta temperaturas extremas de -25 \u00b0C a +70 \u00b0C, lo que lo hace perfecto para las condiciones n\u00f3rdicas.<\/li>\n<li><strong>Bater\u00eda de respaldo:<\/strong> Posibilidad de a\u00f1adir una bater\u00eda de 12 V \/ 2,3 Ah para funcionamiento continuo durante cortes de electricidad.<\/li>\n<\/ul>\n<p>El SD-6000R es igualmente adecuado para viviendas particulares y edificios comerciales y es compatible con la mayor\u00eda de los sistemas de seguridad. Con su robusta carcasa de policarbonato y protecci\u00f3n interior galvanizada, ofrece larga vida \u00fatil y durabilidad.<\/p>\n<p><strong>\u00bfPor qu\u00e9 elegir SATEL SD-6000R?<\/strong><\/p>\n<ul>\n<li>Fiabilidad: Volumen de sonido y se\u00f1alizaci\u00f3n luminosa que no se puede pasar por alto.<\/li>\n<li>Facilidad de uso: F\u00e1cil instalaci\u00f3n y configuraciones ajustables.<\/li>\n<li>Flexibilidad: Se puede utilizar con diferentes tipos de unidades centrales y sistemas de seguridad.<\/li>\n<\/ul>\n<p>Con el SD-6000R, usted garantiza que su propiedad est\u00e9 siempre bien protegida, independientemente de las condiciones clim\u00e1ticas y ambientales.<\/p>","protected":false},"excerpt":{"rendered":"<p>La SATEL SD-6000R es una potente sirena para exteriores con un nivel de sonido de 120 dB y luz estrobosc\u00f3pica programable.<\/p>\n<p>Con su carcasa robusta y protecci\u00f3n antimanipulaci\u00f3n, es ideal para todos los sistemas de seguridad.<\/p>\n<p>Personalice f\u00e1cilmente el sonido, la luz y la hora de la alarma para adaptarlos a sus necesidades.<\/p>","protected":false},"featured_media":145042,"template":"","meta":{"_acf_changed":false},"product_brand":[],"product_cat":[1562],"product_tag":[2266,2268,2262,2420],"class_list":{"0":"post-56554","1":"product","2":"type-product","3":"status-publish","4":"has-post-thumbnail","6":"product_cat-larmdon-blixtljus","7":"product_tag-larmdon-blixtljus-blixtljus-i-samma-enhet","8":"product_tag-larmdon-siren-inomhus","9":"product_tag-larmdon-siren-utomhus","10":"product_tag-rel-larmdonblixt","11":"product_shipping_class-tunga-paket","12":"pa_brands-satel","13":"tm-no-options","15":"first","16":"onbackorder","17":"sale","18":"featured","19":"taxable","20":"shipping-taxable","21":"purchasable","22":"product-type-simple"},"acf":[],"_links":{"self":[{"href":"https:\/\/secureus.se\/es\/wp-json\/wp\/v2\/product\/56554","targetHints":{"allow":["GET"]}}],"collection":[{"href":"https:\/\/secureus.se\/es\/wp-json\/wp\/v2\/product"}],"about":[{"href":"https:\/\/secureus.se\/es\/wp-json\/wp\/v2\/types\/product"}],"wp:featuredmedia":[{"embeddable":true,"href":"https:\/\/secureus.se\/es\/wp-json\/wp\/v2\/media\/145042"}],"wp:attachment":[{"href":"https:\/\/secureus.se\/es\/wp-json\/wp\/v2\/media?parent=56554"}],"wp:term":[{"taxonomy":"product_brand","embeddable":true,"href":"https:\/\/secureus.se\/es\/wp-json\/wp\/v2\/product_brand?post=56554"},{"taxonomy":"product_cat","embeddable":true,"href":"https:\/\/secureus.se\/es\/wp-json\/wp\/v2\/product_cat?post=56554"},{"taxonomy":"product_tag","embeddable":true,"href":"https:\/\/secureus.se\/es\/wp-json\/wp\/v2\/product_tag?post=56554"}],"curies":[{"name":"wp","href":"https:\/\/api.w.org\/{rel}","templated":true}]}}