{"id":56853,"date":"2022-03-10T16:24:00","date_gmt":"2022-03-10T15:24:00","guid":{"rendered":"https:\/\/secureus.se\/produkt\/larmknapp-rod-2-vaxlande-lk-50r\/"},"modified":"2026-03-17T11:56:52","modified_gmt":"2026-03-17T10:56:52","slug":"larmknapp-rod-2-vaxlande-lk-50r","status":"publish","type":"product","link":"https:\/\/secureus.se\/es\/larmknapp-rod-2-vaxlande-lk-50r\/","title":{"rendered":"Bot\u00f3n de alarma de incendio \u2013 Bot\u00f3n de alarma de incendio rojo alterno LK-50R \u2013 Reiniciable sin reemplazo de vidrio"},"content":{"rendered":"<p>El bot\u00f3n de alarma LK-50R es una soluci\u00f3n robusta y eficaz para los sistemas de alarma contra incendios. El bot\u00f3n rojo con el s\u00edmbolo de \u201ccasa en llamas\u201d proporciona una activaci\u00f3n r\u00e1pida y clara en situaciones de emergencia. Con dos contactos de cambio libre, la instalaci\u00f3n es flexible para diferentes sistemas.<\/p>\n<h4>Ventajas:<\/h4>\n<ul>\n<li><strong>Funci\u00f3n reiniciable<\/strong>:No es necesario reemplazar el vidrio luego de la activaci\u00f3n. Reinicio con la llave incluida para menores costos de mantenimiento.<\/li>\n<li><strong>Indicador visual<\/strong>:Aparece una marca al activarse y desaparece al reiniciarse, lo que facilita la verificaci\u00f3n del estado de la alarma.<\/li>\n<li><strong>Tecla de prueba y reinicio<\/strong>:La clave facilita la realizaci\u00f3n de pruebas y el reinicio del dispositivo despu\u00e9s de la activaci\u00f3n.<\/li>\n<\/ul>\n<h4>Presupuesto:<\/h4>\n<ul>\n<li><strong>Medida<\/strong>:87x87x59mm<\/li>\n<li><strong>Clasificaci\u00f3n<\/strong>:IP22<\/li>\n<li><strong>Voltaje<\/strong>: 24 V, 2 A a trav\u00e9s de los contactos<\/li>\n<\/ul>\n<h4>Accesorios:<\/h4>\n<ul>\n<li><strong>Cubierta protectora LK-5-GLAS<\/strong> (Art\u00edculo n.\u00ba: 6301061-SH) \u2013 \u00a1Incluido!<\/li>\n<li><strong>Llave de repuesto<\/strong> (Art\u00edculo n.\u00ba: 6301060-SH) \u2013 \u00a1Incluido!<\/li>\n<\/ul>\n<p>El bot\u00f3n de alarma LK-50R es perfecto para quienes buscan un bot\u00f3n de alarma contra incendios confiable sin costosos costos de mantenimiento.<\/p>","protected":false},"excerpt":{"rendered":"<p>Pulsador de llamada de alarma de incendio con dos contactos de conmutaci\u00f3n libres y s\u00edmbolo claro de \u201ccasa en llamas\u201d. Se restablece f\u00e1cilmente con la llave incluida sin reemplazar el vidrio, eliminando costos operativos adicionales. Indicaci\u00f3n visual cuando se activa para mayor seguridad.<\/p>","protected":false},"featured_media":159123,"template":"","meta":{"_acf_changed":false},"product_brand":[],"product_cat":[1830,2903,4828,1332],"product_tag":[2938,2422,2958],"class_list":{"0":"post-56853","1":"product","2":"type-product","3":"status-publish","4":"has-post-thumbnail","6":"product_cat-brandknappar","7":"product_cat-brandskydd","8":"product_cat-nodknappar","9":"product_cat-utrymning-tillbehor","10":"product_tag-brandknappar","11":"product_tag-rel-brand","12":"product_tag-stonehouse-produkt","13":"product_shipping_class-postnord-varubrev","14":"pa_brands-stonehouse-security","15":"pa_sakerhetssystem-larmtillbehor-elektronik","16":"tm-no-options","18":"first","19":"instock","20":"sale","21":"featured","22":"taxable","23":"shipping-taxable","24":"purchasable","25":"product-type-simple"},"acf":[],"_links":{"self":[{"href":"https:\/\/secureus.se\/es\/wp-json\/wp\/v2\/product\/56853","targetHints":{"allow":["GET"]}}],"collection":[{"href":"https:\/\/secureus.se\/es\/wp-json\/wp\/v2\/product"}],"about":[{"href":"https:\/\/secureus.se\/es\/wp-json\/wp\/v2\/types\/product"}],"wp:featuredmedia":[{"embeddable":true,"href":"https:\/\/secureus.se\/es\/wp-json\/wp\/v2\/media\/159123"}],"wp:attachment":[{"href":"https:\/\/secureus.se\/es\/wp-json\/wp\/v2\/media?parent=56853"}],"wp:term":[{"taxonomy":"product_brand","embeddable":true,"href":"https:\/\/secureus.se\/es\/wp-json\/wp\/v2\/product_brand?post=56853"},{"taxonomy":"product_cat","embeddable":true,"href":"https:\/\/secureus.se\/es\/wp-json\/wp\/v2\/product_cat?post=56853"},{"taxonomy":"product_tag","embeddable":true,"href":"https:\/\/secureus.se\/es\/wp-json\/wp\/v2\/product_tag?post=56853"}],"curies":[{"name":"wp","href":"https:\/\/api.w.org\/{rel}","templated":true}]}}