{"id":56865,"date":"2022-03-10T16:24:00","date_gmt":"2022-03-10T15:24:00","guid":{"rendered":"https:\/\/secureus.se\/produkt\/easybadge-professional-id-card-design-software-unlimited\/"},"modified":"2025-12-31T19:59:29","modified_gmt":"2025-12-31T18:59:29","slug":"easybadge-professional-id-card-design-software-unlimited","status":"publish","type":"product","link":"https:\/\/secureus.se\/es\/easybadge-professional-id-card-design-software-unlimited\/","title":{"rendered":"Software de dise\u00f1o de tarjetas de identificaci\u00f3n profesional EasyBadge (ilimitado)"},"content":{"rendered":"<div id=\"Product-Description\">\n<p>Al ser el software de impresi\u00f3n de tarjetas pl\u00e1sticas m\u00e1s avanzado del planeta, EasyBadge es la soluci\u00f3n sin estr\u00e9s que necesita. EasyBadge Pro te permite crear entradas ilimitadas y es tan simple e intuitivo que cualquiera puede usarlo.<\/p>\n<p>Una de las caracter\u00edsticas principales de EasyBadge es el asistente de instalaci\u00f3n que le permite comenzar a imprimir tarjetas pl\u00e1sticas dentro de los 60 segundos posteriores a la instalaci\u00f3n del software. Luego, el software utiliza su logotipo existente o dise\u00f1o personalizado para crear un dise\u00f1o de tarjeta profesional.<\/p>\n<p>El software tambi\u00e9n viene completo con su propia aplicaci\u00f3n que te permite buscar, agregar o editar registros, tomar una foto desde tu tel\u00e9fono m\u00f3vil o tableta desde cualquier parte del mundo, lo que significa que no tienes que configurar tu c\u00e1mara y las largas colas son cosa del pasado.<\/p>\n<p>EasyBadge no viene con un manual en papel, por lo que si encuentra alg\u00fan problema, simplemente ingrese su pregunta en el software y EasyBadge la responder\u00e1 por usted y completar\u00e1 la tarea si lo desea.<\/p>\n<p>EasyBadge Pro es la soluci\u00f3n perfecta de sistema de tarjetas de identificaci\u00f3n para empresas grandes y clubes u organizaciones de alcance nacional que desean emitir f\u00e1cilmente a sus miembros una nueva tarjeta de membres\u00eda.<\/p>\n<p>Tenga en cuenta que EasyBadge Pro es compatible con todas las principales impresoras de tarjetas de pl\u00e1stico, pero no puede codificar tarjetas sin contacto y NFC. Si necesita codificaci\u00f3n de tarjetas sin contacto, la edici\u00f3n EasyBadge Enterprise se adapta mejor a sus necesidades.<\/p>\n<p>*TENGA EN CUENTA QUE NO TODAS LAS VERSIONES DEL SOFTWARE EASYBADGE SON COMPATIBLES CON MAC. *<\/p>\n<p>Peso del producto: 0,02 kg<\/p>\n<\/div>","protected":false},"excerpt":{"rendered":"<p>Att vara den mest avancerade mjukvaran f&ouml;r plastkortutskrift p&aring; planeten EasyBadge &auml;r den stressfria l&ouml;sningen du beh&ouml;ver. EasyBadge Pro l&aring;ter dig skapa obegr&auml;nsade poster och &auml;r s&aring; enkelt och intuitivt<\/p>","protected":false},"featured_media":144675,"template":"","meta":{"_acf_changed":false},"product_brand":[],"product_cat":[1653],"product_tag":[],"class_list":{"0":"post-56865","1":"product","2":"type-product","3":"status-publish","4":"has-post-thumbnail","6":"product_cat-gor-dina-egna-foretagskort","7":"product_shipping_class-postnord-varubrev","8":"pa_brands-easybadge","9":"pa_sakerhetssystem-kortprinter-fargband","10":"tm-has-options","12":"first","13":"instock","14":"sale","15":"featured","16":"taxable","17":"shipping-taxable","18":"purchasable","19":"product-type-simple"},"acf":[],"_links":{"self":[{"href":"https:\/\/secureus.se\/es\/wp-json\/wp\/v2\/product\/56865","targetHints":{"allow":["GET"]}}],"collection":[{"href":"https:\/\/secureus.se\/es\/wp-json\/wp\/v2\/product"}],"about":[{"href":"https:\/\/secureus.se\/es\/wp-json\/wp\/v2\/types\/product"}],"wp:featuredmedia":[{"embeddable":true,"href":"https:\/\/secureus.se\/es\/wp-json\/wp\/v2\/media\/144675"}],"wp:attachment":[{"href":"https:\/\/secureus.se\/es\/wp-json\/wp\/v2\/media?parent=56865"}],"wp:term":[{"taxonomy":"product_brand","embeddable":true,"href":"https:\/\/secureus.se\/es\/wp-json\/wp\/v2\/product_brand?post=56865"},{"taxonomy":"product_cat","embeddable":true,"href":"https:\/\/secureus.se\/es\/wp-json\/wp\/v2\/product_cat?post=56865"},{"taxonomy":"product_tag","embeddable":true,"href":"https:\/\/secureus.se\/es\/wp-json\/wp\/v2\/product_tag?post=56865"}],"curies":[{"name":"wp","href":"https:\/\/api.w.org\/{rel}","templated":true}]}}