{"id":56871,"date":"2022-03-10T16:24:00","date_gmt":"2022-03-10T15:24:00","guid":{"rendered":"https:\/\/secureus.se\/produkt\/easybadge-smart-id-card-design-software\/"},"modified":"2025-12-31T19:59:42","modified_gmt":"2025-12-31T18:59:42","slug":"easybadge-smart-id-card-design-software","status":"publish","type":"product","link":"https:\/\/secureus.se\/es\/easybadge-smart-id-card-design-software\/","title":{"rendered":"Software de dise\u00f1o de tarjetas de identificaci\u00f3n inteligentes EasyBadge"},"content":{"rendered":"<div id=\"Product-Description\">\n<div>\n<div id=\"Product-Description\">\n<div id=\"Product-Description\">\n<div id=\"Product-Description\">\n<div>\n<div id=\"Product-Description\">\n<div id=\"Product-Description\">\n<div id=\"Product-Description\">\n<p>El software EasyBadge Smart puede codificar tarjetas inteligentes NFC y sin contacto para su organizaci\u00f3n y es un software avanzado de impresi\u00f3n de tarjetas pl\u00e1sticas.<\/p>\n<p>Con su sistema intuitivo podr\u00e1s empezar en tan solo 60 segundos.<\/p>\n<p>El asistente de configuraci\u00f3n lo gu\u00eda a trav\u00e9s del proceso paso a paso utilizando su logotipo o ilustraci\u00f3n personalizada para crear un impresionante dise\u00f1o de tarjeta personalizado.<\/p>\n<p>Adem\u00e1s del software Smart, EasyBadge tambi\u00e9n viene completo con su propia aplicaci\u00f3n que le permite agregar o editar entradas, tomar fotograf\u00edas desde su tel\u00e9fono m\u00f3vil o tableta, cargar entradas nuevas o editadas desde cualquier parte del mundo.<\/p>\n<p>EasyBadge ha sido desarrollado para ahorrarle tiempo y el sistema de ayuda interactivo le permite hacer una pregunta dentro del software y EasyBadge no solo le dar\u00e1 la respuesta, sino que completar\u00e1 la tarea por usted, eliminando la necesidad de perder tiempo buscando ayuda en un manual en papel.<\/p>\n<p>Con entradas ilimitadas y la capacidad de codificar tarjetas NFC y sin contacto, EasyBadge Smart es una soluci\u00f3n perfecta para tarjetas de estudiantes universitarios, identificaciones de empleados de grandes empresas y sistemas de emisi\u00f3n de tarjetas de viaje.<\/p>\n<p>Para ver c\u00f3mo EasyBadge es la soluci\u00f3n adecuada para usted, mire el video o llame directamente al equipo para reservar su demostraci\u00f3n gratuita.<\/p>\n<p>EasyBadge Smart es compatible con todas las principales impresoras de tarjetas de pl\u00e1stico.<\/p>\n<p>*TENGA EN CUENTA QUE NO TODAS LAS VERSIONES DEL SOFTWARE EASYBADGE SON COMPATIBLES CON MAC. *<\/p>\n<p>Peso del producto: 0,02 kg<\/p>\n<\/div>\n<\/div>\n<\/div>\n<\/div>\n<\/div>\n<\/div>\n<\/div>\n<\/div>\n<\/div>","protected":false},"excerpt":{"rendered":"<p>EasyBadge Smart-programvara kan koda NFC och kontaktl&ouml;sa smartkort f&ouml;r din organisation och &auml;r en avancerad&nbsp;programvaran f&ouml;r plastkortutskrift. Med sitt intuitiva system kan du komma ig&aring;ng p&aring; bara 60 sekunder. Installationsguiden<\/p>","protected":false},"featured_media":144951,"template":"","meta":{"_acf_changed":false},"product_brand":[],"product_cat":[1653],"product_tag":[],"class_list":{"0":"post-56871","1":"product","2":"type-product","3":"status-publish","4":"has-post-thumbnail","6":"product_cat-gor-dina-egna-foretagskort","7":"product_shipping_class-postnord-varubrev","8":"pa_brands-easybadge","9":"pa_sakerhetssystem-kortprinter-fargband","10":"tm-has-options","12":"first","13":"instock","14":"sale","15":"featured","16":"taxable","17":"shipping-taxable","18":"purchasable","19":"product-type-simple"},"acf":[],"_links":{"self":[{"href":"https:\/\/secureus.se\/es\/wp-json\/wp\/v2\/product\/56871","targetHints":{"allow":["GET"]}}],"collection":[{"href":"https:\/\/secureus.se\/es\/wp-json\/wp\/v2\/product"}],"about":[{"href":"https:\/\/secureus.se\/es\/wp-json\/wp\/v2\/types\/product"}],"wp:featuredmedia":[{"embeddable":true,"href":"https:\/\/secureus.se\/es\/wp-json\/wp\/v2\/media\/144951"}],"wp:attachment":[{"href":"https:\/\/secureus.se\/es\/wp-json\/wp\/v2\/media?parent=56871"}],"wp:term":[{"taxonomy":"product_brand","embeddable":true,"href":"https:\/\/secureus.se\/es\/wp-json\/wp\/v2\/product_brand?post=56871"},{"taxonomy":"product_cat","embeddable":true,"href":"https:\/\/secureus.se\/es\/wp-json\/wp\/v2\/product_cat?post=56871"},{"taxonomy":"product_tag","embeddable":true,"href":"https:\/\/secureus.se\/es\/wp-json\/wp\/v2\/product_tag?post=56871"}],"curies":[{"name":"wp","href":"https:\/\/api.w.org\/{rel}","templated":true}]}}