{"id":56882,"date":"2022-03-10T16:23:00","date_gmt":"2022-03-10T15:23:00","guid":{"rendered":"https:\/\/secureus.se\/produkt\/larmknapp-nodoppning-gron-2-vaxlande-lk-50g\/"},"modified":"2026-04-17T12:18:49","modified_gmt":"2026-04-17T10:18:49","slug":"larmknapp-nodoppning-gron-2-vaxlande-lk-50g","status":"publish","type":"product","link":"https:\/\/secureus.se\/es\/larmknapp-nodoppning-gron-2-vaxlande-lk-50g\/","title":{"rendered":"Bot\u00f3n de apertura de emergencia verde LK50-G Bot\u00f3n de alarma \u2013 2 interruptores gratuitos, reiniciable sin necesidad de reemplazar el cristal"},"content":{"rendered":"<h4 class=\"\" data-start=\"431\" data-end=\"508\"><strong data-start=\"436\" data-end=\"508\">Bot\u00f3n de apertura de emergencia verde - 2 interruptores gratuitos, reiniciable sin reemplazo de vidrio<\/strong><\/h4>\n<p class=\"\" data-start=\"510\" data-end=\"782\">Este bot\u00f3n de liberaci\u00f3n de emergencia verde es una opci\u00f3n robusta y pr\u00e1ctica para aplicaciones de seguridad y alarma. Est\u00e1 equipado con <strong data-start=\"636\" data-end=\"660\">dos rel\u00e9s (C\/NC\/NO)<\/strong> para un control flexible de puertas, alarmas u otros sistemas y sigue el diagrama de cableado <strong data-start=\"745\" data-end=\"757\">FA1054AX<\/strong> (ver manual adjunto).<\/p>\n<p class=\"\" data-start=\"784\" data-end=\"1138\">El frente est\u00e1 claramente marcado con un <strong data-start=\"821\" data-end=\"855\">S\u00edmbolo de hombre corriendo hacia la puerta<\/strong> para una f\u00e1cil comprensi\u00f3n, incluso para usuarios inexpertos. Despu\u00e9s de la activaci\u00f3n, no es necesario reemplazar el vidrio: el bot\u00f3n se restablece f\u00e1cilmente con el <strong data-start=\"979\" data-end=\"1002\">la llave incluida<\/strong>, lo que elimina los costos operativos. Un indicador visual muestra cuando se ha activado el bot\u00f3n y desaparece autom\u00e1ticamente al reiniciarse.<\/p>\n<p data-start=\"784\" data-end=\"1138\"><span style=\"text-decoration: underline;\"><strong>El producto cuenta con la certificaci\u00f3n CE para los mercados europeos y n\u00f3rdicos.<\/strong><\/span><\/p>\n<hr class=\"\" data-start=\"1140\" data-end=\"1143\" \/>\n<h4 class=\"\" data-start=\"1145\" data-end=\"1172\"><strong data-start=\"1152\" data-end=\"1172\">El paquete incluye:<\/strong><\/h4>\n<ul data-start=\"1174\" data-end=\"1340\">\n<li class=\"\" data-start=\"1174\" data-end=\"1220\">\n<p class=\"\" data-start=\"1176\" data-end=\"1220\">Bot\u00f3n de alarma verde (2 cambios libres, C\/NC\/NO)<\/p>\n<\/li>\n<li class=\"\" data-start=\"1221\" data-end=\"1243\">\n<p class=\"\" data-start=\"1223\" data-end=\"1243\">Vidrio protector de pl\u00e1stico<\/p>\n<\/li>\n<li class=\"\" data-start=\"1244\" data-end=\"1275\">\n<p class=\"\" data-start=\"1246\" data-end=\"1275\">Tornillos de montaje<\/p>\n<\/li>\n<li class=\"\" data-start=\"1276\" data-end=\"1329\">\n<p class=\"\" data-start=\"1278\" data-end=\"1329\">Tecla de reinicio (para reiniciar y probar)<\/p>\n<\/li>\n<li class=\"\" data-start=\"1330\" data-end=\"1340\">\n<p class=\"\" data-start=\"1332\" data-end=\"1340\">Manual<\/p>\n<\/li>\n<\/ul>\n<hr class=\"\" data-start=\"1342\" data-end=\"1345\" \/>\n<h4 class=\"\" data-start=\"1347\" data-end=\"1377\"><strong data-start=\"1355\" data-end=\"1377\">Detalles t\u00e9cnicos:<\/strong><\/h4>\n<ul data-start=\"1379\" data-end=\"1657\">\n<li class=\"\" data-start=\"1379\" data-end=\"1409\">\n<p class=\"\" data-start=\"1381\" data-end=\"1409\"><strong data-start=\"1381\" data-end=\"1392\">Rel\u00e9s:<\/strong> 2 piezas (C\/NC\/NO)<\/p>\n<\/li>\n<li class=\"\" data-start=\"1410\" data-end=\"1443\">\n<p class=\"\" data-start=\"1412\" data-end=\"1443\"><strong data-start=\"1412\" data-end=\"1432\">Diagrama de cableado:<\/strong> FA1054AX<\/p>\n<\/li>\n<li class=\"\" data-start=\"1444\" data-end=\"1492\">\n<p class=\"\" data-start=\"1446\" data-end=\"1492\"><strong data-start=\"1446\" data-end=\"1468\">Marcado visual:<\/strong> S\u00ed, visible en el momento del impacto.<\/p>\n<\/li>\n<li class=\"\" data-start=\"1493\" data-end=\"1541\">\n<p class=\"\" data-start=\"1495\" data-end=\"1541\"><strong data-start=\"1495\" data-end=\"1513\">Reiniciar:<\/strong> Con llave, sin cambio de cristal<\/p>\n<\/li>\n<li class=\"\" data-start=\"1542\" data-end=\"1657\">\n<p class=\"\" data-start=\"1544\" data-end=\"1568\"><strong data-start=\"1544\" data-end=\"1566\">Accesorios (extras\/repuestos):<\/strong><\/p>\n<ul data-start=\"1572\" data-end=\"1657\">\n<li class=\"\" data-start=\"1572\" data-end=\"1617\">\n<p class=\"\" data-start=\"1574\" data-end=\"1617\">Cubierta protectora LK-5-GLAS (n.\u00ba de art. 6301061-SH)<\/p>\n<\/li>\n<li class=\"\" data-start=\"1621\" data-end=\"1657\">\n<p class=\"\" data-start=\"1623\" data-end=\"1657\">Llave adicional (n.\u00ba de pieza 6301060-SH)<\/p>\n<\/li>\n<\/ul>\n<\/li>\n<\/ul>\n<hr class=\"\" data-start=\"1659\" data-end=\"1662\" \/>\n<p class=\"\" data-start=\"1664\" data-end=\"1799\">Un bot\u00f3n de emergencia confiable y f\u00e1cil de instalar que proporciona una se\u00f1alizaci\u00f3n clara y una larga vida \u00fatil, perfecto tanto para instalaciones nuevas como para reemplazos.<\/p>","protected":false},"excerpt":{"rendered":"<p><strong data-start=\"153\" data-end=\"214\">Bot\u00f3n de apertura de emergencia verde \u2013 2 rel\u00e9s, reiniciable con llave<\/strong><br data-start=\"214\" data-end=\"217\" \/>Pulsador de alarma verde con s\u00edmbolo de hombre corriendo para evacuaci\u00f3n, dos cambios libres (C\/NC\/NO), rearme sin cambiar el cristal, completo con llave, manual y tornillos de montaje.<\/p>","protected":false},"featured_media":159122,"template":"","meta":{"_acf_changed":false},"product_brand":[],"product_cat":[1830,4828,1332],"product_tag":[2937,2958],"class_list":{"0":"post-56882","1":"product","2":"type-product","3":"status-publish","4":"has-post-thumbnail","6":"product_cat-brandknappar","7":"product_cat-nodknappar","8":"product_cat-utrymning-tillbehor","9":"product_tag-oppnaknappar","10":"product_tag-stonehouse-produkt","11":"product_shipping_class-postnord-varubrev","12":"pa_brands-stonehouse-security","13":"pa_farg-gron","14":"pa_sakerhetssystem-larmtillbehor-elektronik","15":"tm-no-options","17":"first","18":"instock","19":"sale","20":"featured","21":"taxable","22":"shipping-taxable","23":"purchasable","24":"product-type-simple"},"acf":[],"_links":{"self":[{"href":"https:\/\/secureus.se\/es\/wp-json\/wp\/v2\/product\/56882","targetHints":{"allow":["GET"]}}],"collection":[{"href":"https:\/\/secureus.se\/es\/wp-json\/wp\/v2\/product"}],"about":[{"href":"https:\/\/secureus.se\/es\/wp-json\/wp\/v2\/types\/product"}],"wp:featuredmedia":[{"embeddable":true,"href":"https:\/\/secureus.se\/es\/wp-json\/wp\/v2\/media\/159122"}],"wp:attachment":[{"href":"https:\/\/secureus.se\/es\/wp-json\/wp\/v2\/media?parent=56882"}],"wp:term":[{"taxonomy":"product_brand","embeddable":true,"href":"https:\/\/secureus.se\/es\/wp-json\/wp\/v2\/product_brand?post=56882"},{"taxonomy":"product_cat","embeddable":true,"href":"https:\/\/secureus.se\/es\/wp-json\/wp\/v2\/product_cat?post=56882"},{"taxonomy":"product_tag","embeddable":true,"href":"https:\/\/secureus.se\/es\/wp-json\/wp\/v2\/product_tag?post=56882"}],"curies":[{"name":"wp","href":"https:\/\/api.w.org\/{rel}","templated":true}]}}