{"id":56893,"date":"2022-03-10T16:21:00","date_gmt":"2022-03-10T15:21:00","guid":{"rendered":"https:\/\/secureus.se\/produkt\/oppnaknapp-exklusive-beroringsfri-12-26-v-ac-dc\/"},"modified":"2025-12-31T19:58:51","modified_gmt":"2025-12-31T18:58:51","slug":"oppnaknapp-exklusive-beroringsfri-12-26-v-ac-dc","status":"publish","type":"product","link":"https:\/\/secureus.se\/es\/oppnaknapp-exklusive-beroringsfri-12-26-v-ac-dc\/","title":{"rendered":"Interruptor de bot\u00f3n de apertura sin contacto, cristal, 12-36 V, LED azul, IP65 (montaje en pared)"},"content":{"rendered":"<p data-start=\"691\" data-end=\"923\">Este <strong data-start=\"697\" data-end=\"725\">bot\u00f3n de apertura sin contacto<\/strong> Combina un dise\u00f1o moderno con una alta funcionalidad.<br data-start=\"774\" data-end=\"777\" \/>Con su <strong data-start=\"785\" data-end=\"838\">Iluminaci\u00f3n LED azul y frente de vidrio templado<\/strong> Es perfecto para entornos donde la higiene, el dise\u00f1o y la fiabilidad operativa son importantes.<\/p>\n<p data-start=\"925\" data-end=\"1177\">El bot\u00f3n responde al movimiento de la mano sin contacto f\u00edsico, ideal para hospitales, oficinas, tiendas, escuelas y otros entornos p\u00fablicos.<br data-start=\"1052\" data-end=\"1055\" \/><strong data-start=\"1055\" data-end=\"1094\">Ajuste f\u00e1cilmente la distancia de sensibilidad<\/strong> (1\u201315 cm) y el modo de funcionamiento del rel\u00e9 (NO\/NC\/COM) para adaptarse a las necesidades de la instalaci\u00f3n.<\/p>\n<p data-start=\"1179\" data-end=\"1318\">Gracias a su <strong data-start=\"1193\" data-end=\"1230\">Clasificaci\u00f3n IP65 y carcasa met\u00e1lica<\/strong> Es resistente tanto a la humedad como al polvo, por lo que es adecuado tanto para uso en interiores como en exteriores.<\/p>\n<hr data-start=\"1320\" data-end=\"1323\" \/>\n<h3 data-start=\"1325\" data-end=\"1360\"><strong data-start=\"1332\" data-end=\"1360\">Especificaciones t\u00e9cnicas<\/strong><\/h3>\n<div class=\"_tableContainer_1rjym_1\">\n<div class=\"group _tableWrapper_1rjym_13 flex w-fit flex-col-reverse\">\n<table class=\"w-fit min-w-(--thread-content-width)\" data-start=\"1361\" data-end=\"1891\">\n<thead data-start=\"1361\" data-end=\"1381\">\n<tr data-start=\"1361\" data-end=\"1381\">\n<th data-start=\"1361\" data-end=\"1372\" data-col-size=\"sm\">Propiedad<\/th>\n<th data-start=\"1372\" data-end=\"1381\" data-col-size=\"sm\">Valor<\/th>\n<\/tr>\n<\/thead>\n<tbody data-start=\"1405\" data-end=\"1891\">\n<tr data-start=\"1405\" data-end=\"1438\">\n<td data-start=\"1405\" data-end=\"1411\" data-col-size=\"sm\">Tipo<\/td>\n<td data-start=\"1411\" data-end=\"1438\" data-col-size=\"sm\">Bot\u00f3n de apertura sin contacto<\/td>\n<\/tr>\n<tr data-start=\"1439\" data-end=\"1474\">\n<td data-start=\"1439\" data-end=\"1455\" data-col-size=\"sm\">Material frontal<\/td>\n<td data-col-size=\"sm\" data-start=\"1455\" data-end=\"1474\">Vidrio templado<\/td>\n<\/tr>\n<tr data-start=\"1475\" data-end=\"1491\">\n<td data-start=\"1475\" data-end=\"1481\" data-col-size=\"sm\">Marco<\/td>\n<td data-col-size=\"sm\" data-start=\"1481\" data-end=\"1491\">Metal<\/td>\n<\/tr>\n<tr data-start=\"1492\" data-end=\"1542\">\n<td data-start=\"1492\" data-end=\"1503\" data-col-size=\"sm\">Voltaje<\/td>\n<td data-col-size=\"sm\" data-start=\"1503\" data-end=\"1542\">12\u201336 V CA\/CC (independiente de la polaridad)<\/td>\n<\/tr>\n<tr data-start=\"1543\" data-end=\"1573\">\n<td data-start=\"1543\" data-end=\"1556\" data-col-size=\"sm\">Salida de rel\u00e9<\/td>\n<td data-col-size=\"sm\" data-start=\"1556\" data-end=\"1573\">NO \/ NC \/ COM<\/td>\n<\/tr>\n<tr data-start=\"1574\" data-end=\"1619\">\n<td data-start=\"1574\" data-end=\"1595\" data-col-size=\"sm\">Distancia de sensibilidad<\/td>\n<td data-col-size=\"sm\" data-start=\"1595\" data-end=\"1619\">1\u201315 cm (ajustable)<\/td>\n<\/tr>\n<tr data-start=\"1620\" data-end=\"1673\">\n<td data-start=\"1620\" data-end=\"1637\" data-col-size=\"sm\">Indicaci\u00f3n LED<\/td>\n<td data-col-size=\"sm\" data-start=\"1637\" data-end=\"1673\">Azul (en espera) \/ Verde (activado)<\/td>\n<\/tr>\n<tr data-start=\"1674\" data-end=\"1696\">\n<td data-start=\"1674\" data-end=\"1688\" data-col-size=\"sm\">Clase de protecci\u00f3n<\/td>\n<td data-col-size=\"sm\" data-start=\"1688\" data-end=\"1696\">IP65<\/td>\n<\/tr>\n<tr data-start=\"1697\" data-end=\"1747\">\n<td data-start=\"1697\" data-end=\"1713\" data-col-size=\"sm\">Orificios de montaje<\/td>\n<td data-col-size=\"sm\" data-start=\"1713\" data-end=\"1747\">\u00d8 60 mm (caja de dispositivo est\u00e1ndar)<\/td>\n<\/tr>\n<tr data-start=\"1748\" data-end=\"1773\">\n<td data-start=\"1748\" data-end=\"1755\" data-col-size=\"sm\">Medida<\/td>\n<td data-col-size=\"sm\" data-start=\"1755\" data-end=\"1773\">86 \u00d7 86 \u00d7 7 mm<\/td>\n<\/tr>\n<tr data-start=\"1774\" data-end=\"1815\">\n<td data-start=\"1774\" data-end=\"1793\" data-col-size=\"sm\">Temperatura de funcionamiento<\/td>\n<td data-col-size=\"sm\" data-start=\"1793\" data-end=\"1815\">\u201310 \u00b0C a +70 \u00b0C<\/td>\n<\/tr>\n<tr data-start=\"1816\" data-end=\"1846\">\n<td data-start=\"1816\" data-end=\"1832\" data-col-size=\"sm\">Humedad<\/td>\n<td data-col-size=\"sm\" data-start=\"1832\" data-end=\"1846\">10\u201390 % derecha<\/td>\n<\/tr>\n<tr data-start=\"1847\" data-end=\"1863\">\n<td data-start=\"1847\" data-end=\"1854\" data-col-size=\"sm\">Peso<\/td>\n<td data-start=\"1854\" data-end=\"1863\" data-col-size=\"sm\">125 gramos<\/td>\n<\/tr>\n<tr data-start=\"1864\" data-end=\"1891\">\n<td data-start=\"1864\" data-end=\"1879\" data-col-size=\"sm\">Proceso de dar un t\u00edtulo<\/td>\n<td data-start=\"1879\" data-end=\"1891\" data-col-size=\"sm\">CE, RoHS<\/td>\n<\/tr>\n<\/tbody>\n<\/table>\n<\/div>\n<\/div>\n<hr data-start=\"1893\" data-end=\"1896\" \/>\n<h3 data-start=\"1898\" data-end=\"1917\"><strong data-start=\"1905\" data-end=\"1917\">Beneficios<\/strong><\/h3>\n<ul data-start=\"1918\" data-end=\"2210\">\n<li data-start=\"1918\" data-end=\"1971\">\n<p data-start=\"1920\" data-end=\"1971\">Activaci\u00f3n sin contacto: higi\u00e9nica y duradera<\/p>\n<\/li>\n<li data-start=\"1972\" data-end=\"2021\">\n<p data-start=\"1974\" data-end=\"2021\">Clasificaci\u00f3n IP65: resistente al polvo, la humedad y la limpieza.<\/p>\n<\/li>\n<li data-start=\"2022\" data-end=\"2062\">\n<p data-start=\"2024\" data-end=\"2062\">Distancia ajustable para diferentes entornos.<\/p>\n<\/li>\n<li data-start=\"2063\" data-end=\"2099\">\n<p data-start=\"2065\" data-end=\"2099\">Indicaci\u00f3n LED para estado claro<\/p>\n<\/li>\n<li data-start=\"2100\" data-end=\"2154\">\n<p data-start=\"2102\" data-end=\"2154\">Compatible con todos los sistemas que utilizan rel\u00e9s NO\/NC<\/p>\n<\/li>\n<li data-start=\"2155\" data-end=\"2210\">\n<p data-start=\"2157\" data-end=\"2210\">Elegante superficie de vidrio azul: dise\u00f1o moderno y profesional.<\/p>\n<\/li>\n<\/ul>","protected":false},"excerpt":{"rendered":"<p>Elegante bot\u00f3n de apertura sin contacto en vidrio templado con indicaci\u00f3n LED azul\/verde.<br data-start=\"506\" data-end=\"509\" \/>Clasificaci\u00f3n IP65, distancia ajustable (1\u201315 cm) y salida de rel\u00e9 universal (NO\/NC\/COM).<br data-start=\"590\" data-end=\"593\" \/>Apto para instalaci\u00f3n en caja el\u00e9ctrica est\u00e1ndar, 12\u201336 V CA\/CC.<\/p>","protected":false},"featured_media":159138,"template":"","meta":{"_acf_changed":false},"product_brand":[],"product_cat":[4867],"product_tag":[3068,2937,2958],"class_list":{"0":"post-56893","1":"product","2":"type-product","3":"status-publish","4":"has-post-thumbnail","6":"product_cat-oppnaknappar-kategorier","7":"product_tag-oppnaknapp-beroringsfria","8":"product_tag-oppnaknappar","9":"product_tag-stonehouse-produkt","10":"product_shipping_class-postnord-varubrev","11":"pa_brands-stonehouse-security","12":"pa_sakerhetssystem-larmtillbehor-elektronik","13":"tm-no-options","15":"first","16":"instock","17":"sale","18":"featured","19":"taxable","20":"shipping-taxable","21":"purchasable","22":"product-type-simple"},"acf":[],"_links":{"self":[{"href":"https:\/\/secureus.se\/es\/wp-json\/wp\/v2\/product\/56893","targetHints":{"allow":["GET"]}}],"collection":[{"href":"https:\/\/secureus.se\/es\/wp-json\/wp\/v2\/product"}],"about":[{"href":"https:\/\/secureus.se\/es\/wp-json\/wp\/v2\/types\/product"}],"wp:featuredmedia":[{"embeddable":true,"href":"https:\/\/secureus.se\/es\/wp-json\/wp\/v2\/media\/159138"}],"wp:attachment":[{"href":"https:\/\/secureus.se\/es\/wp-json\/wp\/v2\/media?parent=56893"}],"wp:term":[{"taxonomy":"product_brand","embeddable":true,"href":"https:\/\/secureus.se\/es\/wp-json\/wp\/v2\/product_brand?post=56893"},{"taxonomy":"product_cat","embeddable":true,"href":"https:\/\/secureus.se\/es\/wp-json\/wp\/v2\/product_cat?post=56893"},{"taxonomy":"product_tag","embeddable":true,"href":"https:\/\/secureus.se\/es\/wp-json\/wp\/v2\/product_tag?post=56893"}],"curies":[{"name":"wp","href":"https:\/\/api.w.org\/{rel}","templated":true}]}}