{"id":56894,"date":"2022-03-10T16:21:00","date_gmt":"2022-03-10T15:21:00","guid":{"rendered":"https:\/\/secureus.se\/produkt\/salto-tagg-nyckelbricka-abs-plus-mifare1k-saltokod-farg-svart\/"},"modified":"2026-03-31T13:27:11","modified_gmt":"2026-03-31T11:27:11","slug":"salto-tagg-mifare1k-svart-plus","status":"publish","type":"product","link":"https:\/\/secureus.se\/es\/salto-tagg-mifare1k-svart-plus\/","title":{"rendered":"Salto Tag Mifare1k\u00ae con Saltokod - Negro Plus"},"content":{"rendered":"<h1>Salto Tag Mifare1k con Saltokod - ABS Plus<\/h1>\n<p>Nuestra etiqueta RFID \u201cABS Plus\u201d est\u00e1 dise\u00f1ada para satisfacer las necesidades m\u00e1s exigentes en seguridad e identificaci\u00f3n.<\/p>\n<p>Con su robusta construcci\u00f3n en material ABS extra estable de 3,9 mm, ofrece un equilibrio perfecto entre durabilidad y elegancia.<\/p>\n<p>Su elegante superficie lo hace ideal para grabar con n\u00fameros est\u00e1ndar o incluir su logotipo, ya sea a trav\u00e9s de un dise\u00f1o grabado o coloreado.<\/p>\n<p>Ya sea que necesite una etiqueta RFID confiable para control de acceso, gesti\u00f3n de visitantes, reservas, alarmas u otras aplicaciones, nuestra etiqueta RFID \u201cABS Plus\u201d es la elecci\u00f3n perfecta.<\/p>\n<p>Con una amplia gama de variantes de chip, EM4200, Mifare1k, la combinaci\u00f3n de Mifare1k y EM4200, Mifare4k, la combinaci\u00f3n de Mifare4k y EM4200,<\/p>\n<p>Adem\u00e1s de DESFire, puede adaptar su soluci\u00f3n a sus necesidades espec\u00edficas.<\/p>\n<p>Entendemos la importancia de entregar etiquetas RFID de alta calidad que satisfagan las demandas y expectativas actuales.<\/p>\n<p>Por eso nos esforzamos en ofrecer la mejor tecnolog\u00eda y compatibilidad para mejorar la seguridad y la eficiencia de sus sistemas.<\/p>\n<h4><strong>Etiqueta RFID personalizada para proyectos \u00fanicos - salto tag<\/strong><\/h4>\n<p>Las ventajas de nuestras etiquetas RFID incluyen la compatibilidad con diferentes sistemas\/tecnolog\u00edas, as\u00ed como la capacidad de personalizar las etiquetas para adaptarse a proyectos \u00fanicos.<\/p>\n<p>Podemos programar e integrar diferentes chips para satisfacer requisitos de aplicaciones espec\u00edficas y crear soluciones personalizadas.<\/p>\n<p>Cont\u00e1ctenos hoy para discutir sus ideas de proyecto y obtener una soluci\u00f3n de etiqueta RFID personalizada para sus necesidades.<\/p>\n<h5><strong>Entrega r\u00e1pida y siempre en stock - salto tag<\/strong><\/h5>\n<p>Las etiquetas RFID \u201cABS Plus\u201d est\u00e1n siempre en stock con m\u00e1s de 25.000 unidades en 6 colores y con diferentes soluciones de chip.<\/p>\n<p>Utilizando nuestras m\u00e1quinas l\u00e1ser y software, puede elegir logotipos y n\u00fameros \u00fanicos para grabar con entrega en 1-3 d\u00edas.<\/p>\n<p>Descubra los beneficios de nuestra etiqueta RFID \u201cABS Plus\u201d y lleve su seguridad e identificaci\u00f3n a un nuevo nivel. Como siempre de nuestra parte,<\/p>\n<p>Chip original de NXP y EM Microelectronic.<\/p>\n<p>Todo para garantizar que nuestras etiquetas RFID funcionen de forma segura y durante mucho tiempo, con garant\u00eda.<\/p>\n<ul>\n<li><strong>La tecnolog\u00eda RFID se puede utilizar para:<\/strong>\n<ul>\n<li>Sistema de control de acceso<\/li>\n<li>Sistema de visitantes<\/li>\n<li>Reserva<\/li>\n<li>Alarma y seguridad<\/li>\n<\/ul>\n<\/li>\n<li><strong>Ventajas del \u201cABS Plus\u201d:<\/strong>\n<ul>\n<li>Construcci\u00f3n robusta en material ABS<\/li>\n<li>Extra resistente en ABS de 3,9 mm<\/li>\n<li>Posibilidad de grabar n\u00fameros est\u00e1ndar o incluir logotipo.<\/li>\n<li>Amplia gama de variantes de chips para adaptarse a diferentes necesidades y siempre en stock.<\/li>\n<\/ul>\n<\/li>\n<\/ul>","protected":false},"excerpt":{"rendered":"<p>Nuestra cl\u00e1sica etiqueta RFID \u201cABS Plus\u201d: la soluci\u00f3n perfecta para sistemas de seguridad e identificaci\u00f3n. Chip Mifare1k programado para el sistema de control de acceso SALTO. La etiqueta est\u00e1 hecha de un material ABS duro de 3,9 mm de espesor con una superficie elegante que se adapta a cualquier lugar. Este producto tiene un chip certificado por NXP\u00ae, una empresa de tecnolog\u00eda global con sede en los Pa\u00edses Bajos. NXP\u00ae se especializa en RFID y NFC y ofrece una gama de productos en seguridad, conectividad y soluciones integradas.<\/p>","protected":false},"featured_media":163673,"template":"","meta":{"_acf_changed":false},"product_brand":[],"product_cat":[2354,1337,4791],"product_tag":[2437,2074,4146,2151,2150,2958],"class_list":{"0":"post-56894","1":"product","2":"type-product","3":"status-publish","4":"has-post-thumbnail","6":"product_cat-rfid-taggar","7":"product_cat-rfid-tagg-abs-plus","8":"product_cat-salto-tagg","9":"product_tag-200-moq-plus-4k-och-salto","10":"product_tag-ej-lagerfraga","11":"product_tag-nxp","12":"product_tag-rfid-salto","13":"product_tag-stonehouse-iloq-salto","14":"product_tag-stonehouse-produkt","15":"product_shipping_class-postnord-varubrev","16":"pa_brands-stonehouse-security","17":"pa_chip-teknik-salto","18":"pa_color-svart","19":"pa_farg-svart","20":"pa_rfid-ovriga-system-salto","21":"pa_sakerhetssystem-ovriga-sakerhets-besokssystem","22":"tm-has-options","24":"first","25":"instock","26":"sale","27":"featured","28":"taxable","29":"shipping-taxable","30":"purchasable","31":"product-type-simple"},"acf":[],"_links":{"self":[{"href":"https:\/\/secureus.se\/es\/wp-json\/wp\/v2\/product\/56894","targetHints":{"allow":["GET"]}}],"collection":[{"href":"https:\/\/secureus.se\/es\/wp-json\/wp\/v2\/product"}],"about":[{"href":"https:\/\/secureus.se\/es\/wp-json\/wp\/v2\/types\/product"}],"wp:featuredmedia":[{"embeddable":true,"href":"https:\/\/secureus.se\/es\/wp-json\/wp\/v2\/media\/163673"}],"wp:attachment":[{"href":"https:\/\/secureus.se\/es\/wp-json\/wp\/v2\/media?parent=56894"}],"wp:term":[{"taxonomy":"product_brand","embeddable":true,"href":"https:\/\/secureus.se\/es\/wp-json\/wp\/v2\/product_brand?post=56894"},{"taxonomy":"product_cat","embeddable":true,"href":"https:\/\/secureus.se\/es\/wp-json\/wp\/v2\/product_cat?post=56894"},{"taxonomy":"product_tag","embeddable":true,"href":"https:\/\/secureus.se\/es\/wp-json\/wp\/v2\/product_tag?post=56894"}],"curies":[{"name":"wp","href":"https:\/\/api.w.org\/{rel}","templated":true}]}}