{"id":56900,"date":"2022-03-10T16:20:00","date_gmt":"2022-03-10T15:20:00","guid":{"rendered":"https:\/\/secureus.se\/produkt\/indikering-rod-programmerbar-funktion\/"},"modified":"2026-03-10T11:45:47","modified_gmt":"2026-03-10T10:45:47","slug":"indikering-led-lampa-rod","status":"publish","type":"product","link":"https:\/\/secureus.se\/es\/indikering-led-lampa-rod\/","title":{"rendered":"L\u00e1mpara LED indicadora Roja \u2013 Funci\u00f3n programable"},"content":{"rendered":"<h1>L\u00e1mpara LED de indicaci\u00f3n roja SOW-300 Roja \u2013 L\u00e1mpara LED para aplicaciones de seguridad<\/h1>\n<p>SOW-300 Rojo de SATEL es una l\u00e1mpara LED de alta calidad dise\u00f1ada para uso interior en sistemas de seguridad y alerta.<\/p>\n<p>Con cuatro modos de se\u00f1alizaci\u00f3n diferentes, ofrece flexibilidad y claridad para diferentes aplicaciones.<\/p>\n<p>El dise\u00f1o robusto y compacto hace que el SOW-300 sea perfecto para indicaci\u00f3n de alarmas, alarmas de p\u00e1nico, ba\u00f1os para discapacitados y otros requisitos de seguridad.<\/p>\n<p>Gracias al interruptor de manipulaci\u00f3n, puede estar seguro de que la instalaci\u00f3n est\u00e1 protegida contra accesos no autorizados.<\/p>\n<p><strong>Caracter\u00edsticas y beneficios<\/strong><\/p>\n<ul>\n<li><strong>Se\u00f1ales programables:<\/strong> Elija entre luz fija, destello r\u00e1pido, destello lento o dos destellos seguidos de una pausa.<\/li>\n<li><strong>Alta visibilidad:<\/strong> Los LED superbrillantes garantizan advertencias claras.<\/li>\n<li><strong>Protecci\u00f3n contra manipulaciones:<\/strong> Un interruptor de seguridad incorporado proporciona seguridad adicional.<\/li>\n<li><strong>Eficiencia energ\u00e9tica:<\/strong> Funcionamiento con bajo consumo de energ\u00eda (44 mA).<\/li>\n<li><strong>F\u00e1cil de usar:<\/strong> F\u00e1cil instalaci\u00f3n y conexi\u00f3n al sistema de alarma.<\/li>\n<\/ul>\n<p><strong>Presupuesto:<\/strong><\/p>\n<ul>\n<li>Voltaje: 12 V CC \u00b115%<\/li>\n<li>Consumo m\u00e1ximo de corriente: 44 mA<\/li>\n<li>Temperatura de funcionamiento: -10 a +55 \u00b0C<\/li>\n<li>Dimensiones: \u00d8 97 x 37 mm<\/li>\n<li>Peso: 50g<\/li>\n<\/ul>\n<p><strong>\u00c1reas de uso:<\/strong><br \/>\nEl SOW-300 es ideal para aplicaciones donde la indicaci\u00f3n visual es crucial, incluidas alarmas, emergencias y advertencias de seguridad.<\/p>\n<p>Aseg\u00farese de que sus instalaciones de seguridad sean fiables y eficaces con el SOW-300 Red de SATEL.<\/p>","protected":false},"excerpt":{"rendered":"<p><strong>SOW-300 Rojo \u2013 L\u00e1mpara LED con funci\u00f3n programable<\/strong><br \/>\nObtenga indicaciones de alarma claras y flexibles con el SOW-300.<\/p>\n<p>Ofrece cuatro modos de se\u00f1alizaci\u00f3n, interruptor antisabotaje y un dise\u00f1o compacto para uso en interiores.<\/p>\n<p>\u00a1Perfecto para aplicaciones de seguridad!<\/p>","protected":false},"featured_media":145451,"template":"","meta":{"_acf_changed":false},"product_brand":[],"product_cat":[1562],"product_tag":[2261,2420],"class_list":{"0":"post-56900","1":"product","2":"type-product","3":"status-publish","4":"has-post-thumbnail","6":"product_cat-larmdon-blixtljus","7":"product_tag-larmdon-indikering-summer","8":"product_tag-rel-larmdonblixt","9":"product_shipping_class-postnord-varubrev","10":"pa_brands-satel","11":"pa_farg-gra","12":"pa_sakerhetssystem-larmtillbehor-elektronik","13":"tm-no-options","15":"first","16":"onbackorder","17":"sale","18":"featured","19":"taxable","20":"shipping-taxable","21":"purchasable","22":"product-type-simple"},"acf":[],"_links":{"self":[{"href":"https:\/\/secureus.se\/es\/wp-json\/wp\/v2\/product\/56900","targetHints":{"allow":["GET"]}}],"collection":[{"href":"https:\/\/secureus.se\/es\/wp-json\/wp\/v2\/product"}],"about":[{"href":"https:\/\/secureus.se\/es\/wp-json\/wp\/v2\/types\/product"}],"wp:featuredmedia":[{"embeddable":true,"href":"https:\/\/secureus.se\/es\/wp-json\/wp\/v2\/media\/145451"}],"wp:attachment":[{"href":"https:\/\/secureus.se\/es\/wp-json\/wp\/v2\/media?parent=56900"}],"wp:term":[{"taxonomy":"product_brand","embeddable":true,"href":"https:\/\/secureus.se\/es\/wp-json\/wp\/v2\/product_brand?post=56900"},{"taxonomy":"product_cat","embeddable":true,"href":"https:\/\/secureus.se\/es\/wp-json\/wp\/v2\/product_cat?post=56900"},{"taxonomy":"product_tag","embeddable":true,"href":"https:\/\/secureus.se\/es\/wp-json\/wp\/v2\/product_tag?post=56900"}],"curies":[{"name":"wp","href":"https:\/\/api.w.org\/{rel}","templated":true}]}}