{"id":56929,"date":"2022-03-10T16:16:00","date_gmt":"2022-03-10T15:16:00","guid":{"rendered":"https:\/\/secureus.se\/produkt\/tagg-abs-pro-mifare-desfire-ev2-farg-svart-minnestorlek-4k\/"},"modified":"2026-03-27T14:29:48","modified_gmt":"2026-03-27T13:29:48","slug":"tagg-desfire-ev2-svart-4k-pro","status":"publish","type":"product","link":"https:\/\/secureus.se\/es\/tagg-desfire-ev2-svart-4k-pro\/","title":{"rendered":"Etiqueta DESFire\u00ae EV2 4K Negro \u2013 Pro"},"content":{"rendered":"<h1><strong>Etiqueta Mifare DESFire \u2013 Mayor seguridad\u00a0<\/strong><\/h1>\n<h3>Esta etiqueta funciona en sistemas que utilizan tecnolog\u00eda DESFire.<\/h3>\n<p><span style=\"text-decoration: underline\"><strong>RCO, Bewator\/Vanderbilt, Aptus, ASSA ARX, sistema de visitantes e inicio de sesi\u00f3n.<\/strong><\/span><\/p>\n<p>Tenga en cuenta que la etiqueta no est\u00e1 programada con RAID para RCO, sino que se entrega con un chip est\u00e1ndar.<\/p>\n<p>Nuestra etiqueta \u201cABS Pro\u201d Mifare DESFire est\u00e1 creada para satisfacer las necesidades m\u00e1s exigentes en seguridad e identificaci\u00f3n.<\/p>\n<p>Con su robusta construcci\u00f3n en material ABS y perfil delgado de tan solo 2,9 mm, ofrece un equilibrio perfecto entre durabilidad y elegancia.<\/p>\n<p>Su elegante superficie lo hace ideal para grabar con n\u00fameros est\u00e1ndar o incluir su logotipo, ya sea a trav\u00e9s de un dise\u00f1o grabado o coloreado.<\/p>\n<p>Nuestras etiquetas son adecuadas para sistemas de control de acceso, sistemas de visitas, reservas, alarmas, cargadores de coches, gesti\u00f3n de almacenes u otras aplicaciones.<\/p>\n<p>La etiqueta \u201cABS Pro\u201d con chip Tag Mifare DESFire proporciona mayor seguridad que Mifare Classic.<\/p>\n<p>Est\u00e1 disponible en muchas variantes de la etiqueta Mifare DESFire y tambi\u00e9n podemos fabricarla con el chip de su elecci\u00f3n.<\/p>\n<p>Los est\u00e1ndares actuales para tarjetas de acceso son: EM4200, Mifare1k, etiquetas combinadas y DESFire, independientemente de que podamos personalizar la etiqueta para usted.<\/p>\n<p>Entendemos la importancia de entregar etiquetas RFID de alta calidad que satisfagan las demandas y expectativas actuales.<\/p>\n<p>Por eso nos esforzamos en ofrecer la mejor tecnolog\u00eda y compatibilidad para mejorar la seguridad y la eficiencia de sus sistemas.<\/p>\n<p><strong><span style=\"text-decoration: underline\">Personalizado para proyectos \u00fanicos \u2013 Etiqueta Mifare DESFire ABS Pro<\/span><\/strong><\/p>\n<p>Las ventajas de nuestras etiquetas RFID incluyen la compatibilidad con diferentes sistemas\/tecnolog\u00edas, as\u00ed como la capacidad de personalizar las etiquetas para proyectos \u00fanicos.<\/p>\n<p>Podemos programar e integrar diferentes chips para satisfacer requisitos de aplicaciones espec\u00edficas y crear soluciones personalizadas.<\/p>\n<p>Cont\u00e1ctenos hoy para discutir sus ideas de proyecto y obtener una soluci\u00f3n de etiqueta RFID personalizada para sus necesidades.<\/p>\n<p><strong>Entrega r\u00e1pida y siempre en stock: etiqueta Mifare DESFire disponible en diferentes versiones\u00a0<\/strong><\/p>\n<p>La etiqueta llavero RFID \u201cABS Pro\u201d est\u00e1 siempre en stock con m\u00e1s de 80.000 unidades en 6 colores (rojo, azul, blanco, negro, verde, amarillo) y con diferentes chips.<\/p>\n<p>Utilizando nuestras m\u00e1quinas l\u00e1ser y software, puede elegir logotipos y n\u00fameros \u00fanicos para grabar con entrega en 1-3 d\u00edas.<\/p>\n<p>\u00a1Como siempre! Etiqueta Mifare DESFire con chip original de<a href=\"https:\/\/www.nxp.com\/\" rel=\"noopener\"> NXP<\/a><\/p>\n<p><strong>Adecuado para todo y para todos \u2013 Etiqueta Mifare DESFire<\/strong><\/p>\n<ul>\n<li>Sistema de control de acceso<\/li>\n<li>Sistema de visitantes<\/li>\n<li>Reserva<\/li>\n<li>Sistemas de alarma y seguridad<\/li>\n<\/ul>\n<p><strong>Ventajas de \u201cABS Pro\u201d \u2013 Etiqueta Mifare DESFire<\/strong><\/p>\n<ul>\n<li>Construcci\u00f3n robusta en material ABS<\/li>\n<li>Perfil delgado de s\u00f3lo 2,9 mm<\/li>\n<li>Posibilidad de grabar n\u00fameros est\u00e1ndar o incluir logotipo.<\/li>\n<li>Amplia gama de variantes de chips para adaptarse a diferentes necesidades y siempre en stock.<\/li>\n<\/ul>\n<ul>\n<li>Amplia gama de variantes de chips para adaptarse a diferentes necesidades y siempre en stock.<\/li>\n<\/ul>","protected":false},"excerpt":{"rendered":"<p>Este producto tiene un chip certificado de NXP\u00ae, una empresa tecnol\u00f3gica global con sede en los Pa\u00edses Bajos. NXP\u00ae est\u00e1 especializada en RFID y NFC y ofrece una gama de productos de seguridad, conectividad y soluciones integradas. Tenga en cuenta que este producto no funcionar\u00e1, por ejemplo, con sistemas Yale o si su sistema tiene c\u00f3digos rodantes.<\/p>","protected":false},"featured_media":163673,"template":"","meta":{"_acf_changed":false},"product_brand":[],"product_cat":[1340,4789],"product_tag":[2314,3137,3136,2074,4806,4146,2095,2958],"class_list":{"0":"post-56929","1":"product","2":"type-product","3":"status-publish","4":"has-post-thumbnail","6":"product_cat-rfid-tagg-abs-pro","7":"product_cat-desfire-4k-tagg","8":"product_tag-desfire-lop-logo","9":"product_tag-desfire-ev2-4k","10":"product_tag-desfire-taggar-kort","11":"product_tag-ej-lagerfraga","12":"product_tag-fungerar-ej-till-yale","13":"product_tag-nxp","14":"product_tag-rfid-500","15":"product_tag-stonehouse-produkt","16":"product_shipping_class-postnord-varubrev","17":"pa_brands-stonehouse-security","18":"pa_chip-teknik-mifare-desfire-4k-minne","19":"pa_farg-svart","20":"pa_sakerhetssystem-rfid-taggar","21":"tm-has-options","23":"first","24":"instock","25":"sale","26":"featured","27":"taxable","28":"shipping-taxable","29":"purchasable","30":"product-type-simple"},"acf":[],"_links":{"self":[{"href":"https:\/\/secureus.se\/es\/wp-json\/wp\/v2\/product\/56929","targetHints":{"allow":["GET"]}}],"collection":[{"href":"https:\/\/secureus.se\/es\/wp-json\/wp\/v2\/product"}],"about":[{"href":"https:\/\/secureus.se\/es\/wp-json\/wp\/v2\/types\/product"}],"wp:featuredmedia":[{"embeddable":true,"href":"https:\/\/secureus.se\/es\/wp-json\/wp\/v2\/media\/163673"}],"wp:attachment":[{"href":"https:\/\/secureus.se\/es\/wp-json\/wp\/v2\/media?parent=56929"}],"wp:term":[{"taxonomy":"product_brand","embeddable":true,"href":"https:\/\/secureus.se\/es\/wp-json\/wp\/v2\/product_brand?post=56929"},{"taxonomy":"product_cat","embeddable":true,"href":"https:\/\/secureus.se\/es\/wp-json\/wp\/v2\/product_cat?post=56929"},{"taxonomy":"product_tag","embeddable":true,"href":"https:\/\/secureus.se\/es\/wp-json\/wp\/v2\/product_tag?post=56929"}],"curies":[{"name":"wp","href":"https:\/\/api.w.org\/{rel}","templated":true}]}}