{"id":56974,"date":"2022-03-10T16:01:00","date_gmt":"2022-03-10T15:01:00","guid":{"rendered":"https:\/\/secureus.se\/produkt\/armband-silikon-fast-em4200-storlek-74-mm-large\/"},"modified":"2025-12-31T19:51:13","modified_gmt":"2025-12-31T18:51:13","slug":"rfid-armband-silikon-fast-em4200-storlek-74-mm-large","status":"publish","type":"product","link":"https:\/\/secureus.se\/es\/rfid-armband-silikon-fast-em4200-storlek-74-mm-large\/","title":{"rendered":"Pulsera RFID EM4200 \u2013 Grande, Azul, 74 mm"},"content":{"rendered":"<p>Nuestras pulseras RFID est\u00e1n disponibles en diferentes tama\u00f1os y colores. Tambi\u00e9n eliges qu\u00e9 tecnolog\u00eda quieres instalar en la pulsera. Si desea que tengamos n\u00fameros grabados, p\u00f3ngase en contacto con nosotros antes de realizar el pedido. Disponemos de muchas m\u00e1s versiones de pulseras para que siempre puedas consultarnos el mejor precio independientemente del modelo.<\/p>","protected":false},"excerpt":{"rendered":"<p>Las pulseras se pueden pedir en cualquier color con un valor de pedido m\u00ednimo de 100 unidades. Por favor cont\u00e1ctenos para obtener el mejor precio.<\/p>","protected":false},"featured_media":144866,"template":"","meta":{"_acf_changed":false},"product_brand":[],"product_cat":[1849],"product_tag":[2958],"class_list":{"0":"post-56974","1":"product","2":"type-product","3":"status-publish","4":"has-post-thumbnail","6":"product_cat-rfid-armband","7":"product_tag-stonehouse-produkt","8":"product_shipping_class-postnord-varubrev","9":"pa_brands-stonehouse-security","10":"pa_rfid-armband-farg-bla","11":"pa_rfid-armband-modell-fast-storlek-small-55-mm","12":"pa_rfid-armband-teknik-em4200","13":"pa_storlek-large","14":"tm-has-options","16":"first","17":"instock","18":"sale","19":"featured","20":"taxable","21":"shipping-taxable","22":"purchasable","23":"product-type-simple"},"acf":[],"_links":{"self":[{"href":"https:\/\/secureus.se\/es\/wp-json\/wp\/v2\/product\/56974","targetHints":{"allow":["GET"]}}],"collection":[{"href":"https:\/\/secureus.se\/es\/wp-json\/wp\/v2\/product"}],"about":[{"href":"https:\/\/secureus.se\/es\/wp-json\/wp\/v2\/types\/product"}],"wp:featuredmedia":[{"embeddable":true,"href":"https:\/\/secureus.se\/es\/wp-json\/wp\/v2\/media\/144866"}],"wp:attachment":[{"href":"https:\/\/secureus.se\/es\/wp-json\/wp\/v2\/media?parent=56974"}],"wp:term":[{"taxonomy":"product_brand","embeddable":true,"href":"https:\/\/secureus.se\/es\/wp-json\/wp\/v2\/product_brand?post=56974"},{"taxonomy":"product_cat","embeddable":true,"href":"https:\/\/secureus.se\/es\/wp-json\/wp\/v2\/product_cat?post=56974"},{"taxonomy":"product_tag","embeddable":true,"href":"https:\/\/secureus.se\/es\/wp-json\/wp\/v2\/product_tag?post=56974"}],"curies":[{"name":"wp","href":"https:\/\/api.w.org\/{rel}","templated":true}]}}