{"id":56989,"date":"2022-03-10T15:57:00","date_gmt":"2022-03-10T14:57:00","guid":{"rendered":"https:\/\/secureus.se\/produkt\/ackumulator-batteri-12v-3-6-ah\/"},"modified":"2026-04-02T11:15:18","modified_gmt":"2026-04-02T09:15:18","slug":"agm-batteri-12v-36ah","status":"publish","type":"product","link":"https:\/\/secureus.se\/es\/agm-batteri-12v-36ah\/","title":{"rendered":"Bater\u00eda de 12 V y 3,6 Ah, versi\u00f3n Pro"},"content":{"rendered":"<h1>Bater\u00eda AGM 12V 3.6Ah<\/h1>\n<p data-start=\"444\" data-end=\"891\">La bater\u00eda AGM 12V 3.6Ah es una fuente de energ\u00eda confiable para sistemas de seguridad y alarma, donde es crucial tener un suministro de energ\u00eda constante y confiable.<\/p>\n<p data-start=\"444\" data-end=\"891\">La bater\u00eda est\u00e1 dise\u00f1ada para no necesitar mantenimiento, lo que significa que requiere una supervisi\u00f3n m\u00ednima y ofrece una larga vida \u00fatil de hasta tres a\u00f1os.<\/p>\n<p data-start=\"444\" data-end=\"891\">Para garantizar que la bater\u00eda contin\u00fae proporcionando suficiente energ\u00eda de respaldo, debe reemplazarse despu\u00e9s de aproximadamente tres a\u00f1os, independientemente de su estado.<\/p>\n<p data-start=\"893\" data-end=\"1268\">Esta tecnolog\u00eda AGM (Absorbent Glass Mat) utiliza un separador de estera de vidrio para absorber y mantener el electrolito en su lugar, lo que hace que la bater\u00eda sea extremadamente resistente a las fugas y garantiza un alto rendimiento incluso en entornos exigentes.<\/p>\n<p data-start=\"893\" data-end=\"1268\">Esto hace que las bater\u00edas AGM sean una soluci\u00f3n ideal para aplicaciones como alarmas y sistemas de telecomunicaciones, donde la confiabilidad de la bater\u00eda es de suma importancia.<\/p>\n<p data-start=\"1270\" data-end=\"1543\">La construcci\u00f3n de la bater\u00eda AGM tambi\u00e9n la hace m\u00e1s resistente a la descarga profunda que las bater\u00edas de plomo-\u00e1cido tradicionales, reduciendo el riesgo de falla de la bater\u00eda en los sistemas de seguridad.<\/p>\n<p data-start=\"1270\" data-end=\"1543\">Adem\u00e1s, las bater\u00edas AGM generalmente tienen una vida \u00fatil prolongada, lo que las hace rentables a lo largo del tiempo.<\/p>\n<p data-start=\"1545\" data-end=\"1788\">La bater\u00eda es compacta y liviana, lo que facilita su instalaci\u00f3n en la mayor\u00eda de los sistemas de alarma y equipos de seguridad.<\/p>\n<p data-start=\"1545\" data-end=\"1788\">Sus dimensiones de 134x34x66 mm y un peso de 0,635 kg lo hacen compatible con una variedad de sistemas de seguridad.<\/p>\n<p data-start=\"1790\" data-end=\"1820\"><strong data-start=\"1790\" data-end=\"1818\">Caracter\u00edsticas principales:<\/strong><\/p>\n<ul data-start=\"1821\" data-end=\"2171\">\n<li data-start=\"1821\" data-end=\"1842\">\n<p data-start=\"1823\" data-end=\"1842\"><strong data-start=\"1823\" data-end=\"1836\">Voltaje:<\/strong> 12 V<\/p>\n<\/li>\n<li data-start=\"1843\" data-end=\"1868\">\n<p data-start=\"1845\" data-end=\"1868\"><strong data-start=\"1845\" data-end=\"1859\">Capacidad:<\/strong> 3,6 Ah<\/p>\n<\/li>\n<li data-start=\"1869\" data-end=\"1913\">\n<p data-start=\"1871\" data-end=\"1913\"><strong data-start=\"1871\" data-end=\"1885\">Tecnolog\u00eda:<\/strong> AGM (estera de vidrio absorbente)<\/p>\n<\/li>\n<li data-start=\"1914\" data-end=\"1955\">\n<p data-start=\"1916\" data-end=\"1955\"><strong data-start=\"1916\" data-end=\"1928\">Tama\u00f1o:<\/strong> 134 x 34 x 66 mm (largo x ancho x alto)<\/p>\n<\/li>\n<li data-start=\"1979\" data-end=\"2006\">\n<p data-start=\"1981\" data-end=\"2006\"><strong data-start=\"1981\" data-end=\"2001\">Libre de mantenimiento:<\/strong> S\u00ed<\/p>\n<\/li>\n<li data-start=\"2007\" data-end=\"2053\">\n<p data-start=\"2009\" data-end=\"2053\"><strong data-start=\"2009\" data-end=\"2024\">Usar:<\/strong> Sistemas de alarma y telecomunicaciones<\/p>\n<\/li>\n<li data-start=\"2054\" data-end=\"2086\">\n<p data-start=\"2056\" data-end=\"2086\"><strong data-start=\"2056\" data-end=\"2070\">Vida:<\/strong> Hasta 3 a\u00f1os<\/p>\n<\/li>\n<li data-start=\"2087\" data-end=\"2132\">\n<p data-start=\"2089\" data-end=\"2132\"><strong data-start=\"2089\" data-end=\"2127\">Resistencia a descargas profundas:<\/strong> S\u00ed<\/p>\n<\/li>\n<li data-start=\"2133\" data-end=\"2171\">\n<p data-start=\"2135\" data-end=\"2171\"><strong data-start=\"2135\" data-end=\"2164\">N\u00famero de art\u00edculo del proveedor:<\/strong> 500036<\/p>\n<\/li>\n<\/ul>\n<p data-start=\"2173\" data-end=\"2188\"><strong data-start=\"2173\" data-end=\"2186\">Ventajas:<\/strong><\/p>\n<ul data-start=\"2189\" data-end=\"2510\">\n<li data-start=\"2189\" data-end=\"2242\">\n<p data-start=\"2191\" data-end=\"2242\"><strong data-start=\"2191\" data-end=\"2210\">Libre de mantenimiento<\/strong> \u2013 Requiere una supervisi\u00f3n m\u00ednima<\/p>\n<\/li>\n<li data-start=\"2243\" data-end=\"2319\">\n<p data-start=\"2245\" data-end=\"2319\"><strong data-start=\"2245\" data-end=\"2269\">Alta confiabilidad<\/strong> \u2013 Ideal para aplicaciones de seguridad y alarmas.<\/p>\n<\/li>\n<li data-start=\"2320\" data-end=\"2419\">\n<p data-start=\"2322\" data-end=\"2419\"><strong data-start=\"2322\" data-end=\"2354\">Resistente a fugas<\/strong> \u2013 Adecuado para su uso en entornos donde la fiabilidad es crucial<\/p>\n<\/li>\n<li data-start=\"2420\" data-end=\"2510\">\n<p data-start=\"2422\" data-end=\"2510\"><strong data-start=\"2422\" data-end=\"2440\">Larga vida \u00fatil<\/strong> \u2013 Proporciona soluciones rentables para sistemas con uso a largo plazo<\/p>\n<\/li>\n<\/ul>\n<p data-start=\"2512\" data-end=\"2734\">En resumen, la Bater\u00eda AGM 12V 3.6Ah ofrece una soluci\u00f3n confiable y eficiente para sistemas de seguridad y alarmas, convirti\u00e9ndola en una excelente opci\u00f3n para cualquiera que priorice la durabilidad y confiabilidad en sus sistemas.<\/p>","protected":false},"excerpt":{"rendered":"<p>La bater\u00eda AGM 12V 3.6Ah es una bater\u00eda que no requiere mantenimiento dise\u00f1ada para sistemas de alarma y sistemas de telecomunicaciones que requieren una fuente de alimentaci\u00f3n de 12 voltios.<\/p>\n<p>Con una larga vida \u00fatil y resistencia a descargas profundas, garantiza que su sistema tenga energ\u00eda de respaldo confiable por hasta tres a\u00f1os.<\/p>","protected":false},"featured_media":156159,"template":"","meta":{"_acf_changed":false},"product_brand":[],"product_cat":[1596,1862],"product_tag":[4513,2419,2426],"class_list":{"0":"post-56989","1":"product","2":"type-product","3":"status-publish","4":"has-post-thumbnail","6":"product_cat-ackumulatorer-12v-agm-batterier","7":"product_cat-batterier-knappcell","8":"product_tag-batteri-1-6-ah","9":"product_tag-rel-batteri","10":"product_tag-rel-risco","11":"product_shipping_class-tunga-paket","12":"tm-no-options","14":"first","15":"instock","16":"sale","17":"featured","18":"taxable","19":"shipping-taxable","20":"purchasable","21":"product-type-simple"},"acf":[],"_links":{"self":[{"href":"https:\/\/secureus.se\/es\/wp-json\/wp\/v2\/product\/56989","targetHints":{"allow":["GET"]}}],"collection":[{"href":"https:\/\/secureus.se\/es\/wp-json\/wp\/v2\/product"}],"about":[{"href":"https:\/\/secureus.se\/es\/wp-json\/wp\/v2\/types\/product"}],"wp:featuredmedia":[{"embeddable":true,"href":"https:\/\/secureus.se\/es\/wp-json\/wp\/v2\/media\/156159"}],"wp:attachment":[{"href":"https:\/\/secureus.se\/es\/wp-json\/wp\/v2\/media?parent=56989"}],"wp:term":[{"taxonomy":"product_brand","embeddable":true,"href":"https:\/\/secureus.se\/es\/wp-json\/wp\/v2\/product_brand?post=56989"},{"taxonomy":"product_cat","embeddable":true,"href":"https:\/\/secureus.se\/es\/wp-json\/wp\/v2\/product_cat?post=56989"},{"taxonomy":"product_tag","embeddable":true,"href":"https:\/\/secureus.se\/es\/wp-json\/wp\/v2\/product_tag?post=56989"}],"curies":[{"name":"wp","href":"https:\/\/api.w.org\/{rel}","templated":true}]}}