{"id":56997,"date":"2022-03-10T15:57:00","date_gmt":"2022-03-10T14:57:00","guid":{"rendered":"https:\/\/secureus.se\/produkt\/batteri-lithium-cr2-850-mah-3-volt-fran-pk-cell-ej-uppladningsbart\/"},"modified":"2026-04-16T16:22:11","modified_gmt":"2026-04-16T14:22:11","slug":"batteri-lithium-cr2-850-mah-3-volt-fran-pk-cell-ej-uppladningsbart","status":"publish","type":"product","link":"https:\/\/secureus.se\/es\/batteri-lithium-cr2-850-mah-3-volt-fran-pk-cell-ej-uppladningsbart\/","title":{"rendered":"Bater\u00eda de litio CR2 850 mAh 3 voltios de PK-cell"},"content":{"rendered":"<h1>Bater\u00eda de litio CR2 850 mAh 3 voltios de PK-cell<\/h1>\n<p data-start=\"528\" data-end=\"909\">La bater\u00eda de litio CR2 850mAh 3V de PK-Cell es una bater\u00eda potente y confiable que ofrece un rendimiento duradero para una variedad de dispositivos.<\/p>\n<p data-start=\"528\" data-end=\"909\">Esta bater\u00eda de litio no recargable est\u00e1 dise\u00f1ada para proporcionar energ\u00eda constante y confiable en aplicaciones que requieren alta capacidad y larga vida \u00fatil, como c\u00e1maras digitales, productos de seguridad y otros dispositivos electr\u00f3nicos.<\/p>\n<p data-start=\"911\" data-end=\"1391\">Con un voltaje nominal de 3,0 V y una capacidad de 850 mAh, la bater\u00eda CR2 proporciona un suministro de energ\u00eda estable y duradero.<\/p>\n<p data-start=\"911\" data-end=\"1391\">La descarga continua de la bater\u00eda a 5 mA produce un voltaje de 2,0 V a 20 \u00b1 3 \u2103, lo que la convierte en una excelente opci\u00f3n para dispositivos que requieren energ\u00eda constante durante un per\u00edodo de tiempo prolongado.<\/p>\n<p data-start=\"911\" data-end=\"1391\">Con cargas m\u00e1s elevadas, la bater\u00eda es capaz de manejar una corriente constante de hasta 1000 mA y una corriente de pulso de 2000 mA, lo que proporciona flexibilidad para soportar dispositivos m\u00e1s potentes cuando sea necesario.<\/p>\n<p data-start=\"1393\" data-end=\"1716\">La bater\u00eda CR2 es particularmente \u00fatil en una variedad de aplicaciones, incluidos productos de seguridad donde la alta confiabilidad y un largo tiempo de funcionamiento son esenciales.<\/p>\n<p data-start=\"1393\" data-end=\"1716\">Su construcci\u00f3n robusta significa que funciona bien en temperaturas de -40\u00b0C a +80\u00b0C, proporcionando flexibilidad y seguridad adicionales para su uso en condiciones dif\u00edciles.<\/p>\n<p data-start=\"1718\" data-end=\"2045\">La bater\u00eda est\u00e1 dise\u00f1ada para una larga durabilidad y una larga vida \u00fatil de almacenamiento.<\/p>\n<p data-start=\"1718\" data-end=\"2045\">Cuando se compra recientemente, la bater\u00eda muestra un voltaje de 3,10 V a 3,30 V y mantiene un voltaje estable de \u22653,00 V despu\u00e9s de 12 meses de almacenamiento.<\/p>\n<p data-start=\"1718\" data-end=\"2045\">Esto le permite almacenar la bater\u00eda durante per\u00edodos m\u00e1s largos sin preocuparse de que se deteriore su rendimiento.<\/p>\n<p data-start=\"2047\" data-end=\"2371\">La bater\u00eda CR2 tambi\u00e9n es f\u00e1cil de utilizar. No requiere carga, por lo que es f\u00e1cil reemplazarlo cuando llega el momento de cambiar la bater\u00eda de sus dispositivos.<\/p>\n<p data-start=\"2047\" data-end=\"2371\">Tambi\u00e9n es importante tener en cuenta que la bater\u00eda CR2 no es recargable y debe manipularse y almacenarse con cuidado para evitar da\u00f1os como fugas o explosiones.<\/p>\n<p data-start=\"2373\" data-end=\"2643\">En conclusi\u00f3n, la bater\u00eda PK-Cell CR2 850mAh 3V ofrece una soluci\u00f3n confiable y duradera para una variedad de aplicaciones que requieren alto rendimiento y seguridad.<\/p>\n<p data-start=\"2373\" data-end=\"2643\">Con su dise\u00f1o robusto y capacidad confiable, esta bater\u00eda es un componente indispensable para muchos dispositivos.<\/p>","protected":false},"excerpt":{"rendered":"<p>La bater\u00eda de litio CR2 850mAh 3V de PK-Cell es una bater\u00eda de litio no recargable, ideal para utilizar en c\u00e1maras digitales, productos de seguridad y otros dispositivos que requieren un alto rendimiento.<\/p>\n<p>Con una capacidad de 850 mAh y una corriente m\u00e1xima constante de 1000 mA, esta bater\u00eda ofrece un funcionamiento duradero y confiable.<\/p>","protected":false},"featured_media":145546,"template":"","meta":{"_acf_changed":false},"product_brand":[],"product_cat":[1862],"product_tag":[2419],"class_list":{"0":"post-56997","1":"product","2":"type-product","3":"status-publish","4":"has-post-thumbnail","6":"product_cat-batterier-knappcell","7":"product_tag-rel-batteri","8":"product_shipping_class-postnord-varubrev","9":"pa_brands-pk-cell","10":"tm-no-options","12":"first","13":"instock","14":"sale","15":"featured","16":"taxable","17":"shipping-taxable","18":"purchasable","19":"product-type-simple"},"acf":[],"_links":{"self":[{"href":"https:\/\/secureus.se\/es\/wp-json\/wp\/v2\/product\/56997","targetHints":{"allow":["GET"]}}],"collection":[{"href":"https:\/\/secureus.se\/es\/wp-json\/wp\/v2\/product"}],"about":[{"href":"https:\/\/secureus.se\/es\/wp-json\/wp\/v2\/types\/product"}],"wp:featuredmedia":[{"embeddable":true,"href":"https:\/\/secureus.se\/es\/wp-json\/wp\/v2\/media\/145546"}],"wp:attachment":[{"href":"https:\/\/secureus.se\/es\/wp-json\/wp\/v2\/media?parent=56997"}],"wp:term":[{"taxonomy":"product_brand","embeddable":true,"href":"https:\/\/secureus.se\/es\/wp-json\/wp\/v2\/product_brand?post=56997"},{"taxonomy":"product_cat","embeddable":true,"href":"https:\/\/secureus.se\/es\/wp-json\/wp\/v2\/product_cat?post=56997"},{"taxonomy":"product_tag","embeddable":true,"href":"https:\/\/secureus.se\/es\/wp-json\/wp\/v2\/product_tag?post=56997"}],"curies":[{"name":"wp","href":"https:\/\/api.w.org\/{rel}","templated":true}]}}