{"id":56998,"date":"2022-03-10T15:57:00","date_gmt":"2022-03-10T14:57:00","guid":{"rendered":"https:\/\/secureus.se\/produkt\/ackumulator-batteri-agm-helios-12v-28ah\/"},"modified":"2026-04-15T13:43:45","modified_gmt":"2026-04-15T11:43:45","slug":"agm-batteri-12v-28ah","status":"publish","type":"product","link":"https:\/\/secureus.se\/es\/agm-batteri-12v-28ah\/","title":{"rendered":"Bater\u00eda de 12V 28Ah, 8-10 a\u00f1os, versi\u00f3n Pro"},"content":{"rendered":"<h1>Bater\u00eda AGM 12V 28Ah HELIOS Bater\u00eda AGM 8-10 a\u00f1os<\/h1>\n<h2>Suministro de energ\u00eda confiable para alarmas, UPS y sistemas de telecomunicaciones<\/h2>\n<p>Bienvenido a nuestra gama de bater\u00edas Helios AGM, tambi\u00e9n conocidas como bater\u00edas, dise\u00f1adas para satisfacer las necesidades de los sistemas de alarma, UPS y telecomunicaciones.<\/p>\n<p>Con una capacidad de 28 Ah y un voltaje de 12 V, nuestras bater\u00edas ofrecen un suministro de energ\u00eda confiable y duradero para diversas aplicaciones, incluidas soluciones de respaldo.<\/p>\n<h3>Enfoque en la calidad<\/h3>\n<p>Nuestras bater\u00edas Helios AGM son fabricadas por fabricantes cuidadosamente seleccionados con un fuerte enfoque en la calidad. Todas las bater\u00edas est\u00e1n certificadas seg\u00fan las normas ISO de calidad y medio ambiente, lo que garantiza un alto nivel de rendimiento y confiabilidad.<\/p>\n<h3>Bater\u00eda AGM de 12 V y 28 Ah con una tasa de fallos muy baja<\/h3>\n<p>Con una tasa de fallas muy baja de menos de 0.03% de f\u00e1brica, puede confiar en que nuestras bater\u00edas Helios AGM est\u00e1n dise\u00f1adas para durar y brindar energ\u00eda confiable durante mucho tiempo.<\/p>\n<h3>Costo optimizado<\/h3>\n<p>Nuestra ambici\u00f3n es poder ofrecer estas bater\u00edas AGM de alta calidad a su almac\u00e9n al precio m\u00e1s bajo posible, para que pueda tener acceso a un suministro de energ\u00eda confiable sin comprometer la calidad.<\/p>\n<h3>Usar para copia de seguridad<\/h3>\n<p>La serie Helios ofrece una amplia gama de capacidades de bater\u00eda de 7 a 45 Ah, lo que permite encontrar la soluci\u00f3n adecuada para sus necesidades espec\u00edficas de respaldo en sistemas de alarmas, UPS y telecomunicaciones.<\/p>\n<p>Con la bater\u00eda Helios AGM, puede estar seguro de tener una soluci\u00f3n confiable y rentable para su suministro de energ\u00eda de respaldo, ya sea para alarmas, UPS o sistemas de telecomunicaciones que necesitan energ\u00eda de respaldo.<\/p>\n<p>Tama\u00f1o 181x77x167 (LxAnxAl)<\/p>\n<p>Tama\u00f1o 175x166x126 (LxAnxAl)<\/p>\n<p>Peso 9 Kg<\/p>\n<p><span class=\"ui-provider a b c d e f g h i j k l m n o p q r s t u v w x y z ab ac ae af ag ah ai aj ak\" dir=\"ltr\">Las bater\u00edas Helios se fabrican con los siguientes certificados: CE, UL, ROSH, ISO9000, ISO14000 e ISO18000<\/span><\/p>","protected":false},"excerpt":{"rendered":"<p>Bater\u00eda AGM 28 AH 8-10 a\u00f1os de vida \u00fatil para sistemas de telefon\u00eda, alarma y seguridad.<\/p>","protected":false},"featured_media":0,"template":"","meta":{"_acf_changed":false},"product_brand":[],"product_cat":[1596],"product_tag":[4406],"class_list":{"0":"post-56998","1":"product","2":"type-product","3":"status-publish","5":"product_cat-ackumulatorer-12v-agm-batterier","6":"product_tag-batteri-13-45-ah","7":"product_shipping_class-tunga-paket","8":"pa_brands-stonehouse-security","9":"tm-no-options","11":"first","12":"onbackorder","13":"sale","14":"featured","15":"taxable","16":"shipping-taxable","17":"purchasable","18":"product-type-simple"},"acf":[],"_links":{"self":[{"href":"https:\/\/secureus.se\/es\/wp-json\/wp\/v2\/product\/56998","targetHints":{"allow":["GET"]}}],"collection":[{"href":"https:\/\/secureus.se\/es\/wp-json\/wp\/v2\/product"}],"about":[{"href":"https:\/\/secureus.se\/es\/wp-json\/wp\/v2\/types\/product"}],"wp:attachment":[{"href":"https:\/\/secureus.se\/es\/wp-json\/wp\/v2\/media?parent=56998"}],"wp:term":[{"taxonomy":"product_brand","embeddable":true,"href":"https:\/\/secureus.se\/es\/wp-json\/wp\/v2\/product_brand?post=56998"},{"taxonomy":"product_cat","embeddable":true,"href":"https:\/\/secureus.se\/es\/wp-json\/wp\/v2\/product_cat?post=56998"},{"taxonomy":"product_tag","embeddable":true,"href":"https:\/\/secureus.se\/es\/wp-json\/wp\/v2\/product_tag?post=56998"}],"curies":[{"name":"wp","href":"https:\/\/api.w.org\/{rel}","templated":true}]}}