{"id":56999,"date":"2022-03-10T15:57:00","date_gmt":"2022-03-10T14:57:00","guid":{"rendered":"https:\/\/secureus.se\/produkt\/lithium-extra-longlife-9-volts-batteri-fran-pk-cell-ej-uppladdningsbart\/"},"modified":"2026-04-15T16:52:43","modified_gmt":"2026-04-15T14:52:43","slug":"9v-batteri-lithium-cr9v-long-life-1200mah","status":"publish","type":"product","link":"https:\/\/secureus.se\/es\/9v-batteri-lithium-cr9v-long-life-1200mah\/","title":{"rendered":"Pila de litio CR9V de 9 V (larga duraci\u00f3n, 1200 mAh)"},"content":{"rendered":"<h1><strong>Pila de litio CR9V de 9 V (larga duraci\u00f3n, 1200 mAh)<\/strong><\/h1>\n<p>Esta bater\u00eda CR9V de alto rendimiento con capacidad de 1200 mAh es la soluci\u00f3n perfecta para aplicaciones que requieren potencia adicional y un rendimiento duradero.<\/p>\n<p>La tecnolog\u00eda de litio significa que la bater\u00eda dura significativamente m\u00e1s que las bater\u00edas alcalinas est\u00e1ndar, y su mayor capacidad ofrece la ventaja de que rara vez es necesario reemplazarla.<\/p>\n<p><strong>Ventajas de las bater\u00edas de litio frente a las alcalinas:<\/strong><\/p>\n<ul>\n<li>Mayor vida \u00fatil: hasta 3-5 veces m\u00e1s que las pilas alcalinas.<\/li>\n<li>Rendimiento confiable en temperaturas extremas: soporta de -40 \u00b0C a +60 \u00b0C sin afectar el rendimiento.<\/li>\n<li>Mayor densidad de energ\u00eda: ideal para equipos que se utilizan de forma continua, como alarmas de seguridad, detectores de incendios y equipos m\u00e9dicos.<\/li>\n<li>Menor peso: Las bater\u00edas de litio pesan menos que sus contrapartes alcalinas, lo que las hace m\u00e1s f\u00e1ciles de manipular en dispositivos port\u00e1tiles.<\/li>\n<\/ul>\n<p><strong>\u00c1reas de uso:<\/strong><\/p>\n<ul>\n<li>Equipos de seguridad, como alarmas contra incendios y robos.<\/li>\n<li>Equipo m\u00e9dico.<\/li>\n<li>Dispositivos electr\u00f3nicos en entornos extremos.<\/li>\n<li>Uso profesional donde se requiere un funcionamiento a largo plazo.<\/li>\n<\/ul>\n<p><strong>Especificaciones del producto:<\/strong><\/p>\n<ul>\n<li>Tipo: Litio de 9 V (CR9V)<\/li>\n<li>Capacidad: 1200 mAh<\/li>\n<li>Temperatura de trabajo: -40\u00b0C a +60\u00b0C<\/li>\n<li>Larga vida \u00fatil para aplicaciones exigentes<\/li>\n<\/ul>\n<p>Invierta en una bater\u00eda que ofrezca un rendimiento confiable y duradero en sus dispositivos m\u00e1s exigentes.<\/p>","protected":false},"excerpt":{"rendered":"<p>Esta bater\u00eda de litio de 9 V (CR9V) con 1200 mAh est\u00e1 dise\u00f1ada para aplicaciones exigentes como productos de seguridad y equipos utilizados en temperaturas extremas. Con una larga vida \u00fatil y un rendimiento confiable, puede soportar temperaturas de funcionamiento de -40 \u00b0C a +60 \u00b0C. Mayor durabilidad que las pilas alcalinas.<\/p>","protected":false},"featured_media":145295,"template":"","meta":{"_acf_changed":false},"product_brand":[],"product_cat":[1862],"product_tag":[2419],"class_list":{"0":"post-56999","1":"product","2":"type-product","3":"status-publish","4":"has-post-thumbnail","6":"product_cat-batterier-knappcell","7":"product_tag-rel-batteri","8":"product_shipping_class-postnord-varubrev","9":"pa_brands-pk-cell","10":"tm-no-options","12":"first","13":"instock","14":"sale","15":"featured","16":"taxable","17":"shipping-taxable","18":"purchasable","19":"product-type-simple"},"acf":[],"_links":{"self":[{"href":"https:\/\/secureus.se\/es\/wp-json\/wp\/v2\/product\/56999","targetHints":{"allow":["GET"]}}],"collection":[{"href":"https:\/\/secureus.se\/es\/wp-json\/wp\/v2\/product"}],"about":[{"href":"https:\/\/secureus.se\/es\/wp-json\/wp\/v2\/types\/product"}],"wp:featuredmedia":[{"embeddable":true,"href":"https:\/\/secureus.se\/es\/wp-json\/wp\/v2\/media\/145295"}],"wp:attachment":[{"href":"https:\/\/secureus.se\/es\/wp-json\/wp\/v2\/media?parent=56999"}],"wp:term":[{"taxonomy":"product_brand","embeddable":true,"href":"https:\/\/secureus.se\/es\/wp-json\/wp\/v2\/product_brand?post=56999"},{"taxonomy":"product_cat","embeddable":true,"href":"https:\/\/secureus.se\/es\/wp-json\/wp\/v2\/product_cat?post=56999"},{"taxonomy":"product_tag","embeddable":true,"href":"https:\/\/secureus.se\/es\/wp-json\/wp\/v2\/product_tag?post=56999"}],"curies":[{"name":"wp","href":"https:\/\/api.w.org\/{rel}","templated":true}]}}