{"id":57002,"date":"2022-03-10T15:57:00","date_gmt":"2022-03-10T14:57:00","guid":{"rendered":"https:\/\/secureus.se\/produkt\/ackumulator-batteri-agm-helios-12v-7ah\/"},"modified":"2026-04-28T09:41:19","modified_gmt":"2026-04-28T07:41:19","slug":"12v-7ah-agm-batteri-helios","status":"publish","type":"product","link":"https:\/\/secureus.se\/es\/12v-7ah-agm-batteri-helios\/","title":{"rendered":"Bater\u00eda HELIOS de 12 V y 7 Ah, versi\u00f3n Pro de 5 a\u00f1os."},"content":{"rendered":"<p data-start=\"1208\" data-end=\"1225\"><strong data-start=\"619\" data-end=\"656\">Bater\u00eda AGM HELIOS 12V 7Ah (VRLA)<\/strong> Es un sistema confiable y libre de mantenimiento. <strong data-start=\"691\" data-end=\"716\">Alarma y bater\u00eda UPS<\/strong> Con una vida \u00fatil de 5 a\u00f1os. Reemplaza la mayor\u00eda <strong data-start=\"767\" data-end=\"803\">Bater\u00edas AGM\/VRLA de 12V 7Ah\/7,2Ah<\/strong> en el tama\u00f1o est\u00e1ndar <strong data-start=\"821\" data-end=\"837\">151\u00d765\u00d794 mm<\/strong> y proporciona un suministro de energ\u00eda estable en todo, desde <strong data-start=\"882\" data-end=\"921\">Sistemas de alarma para soluciones de energ\u00eda de emergencia.<\/strong><\/p>\n<h2 data-start=\"1208\" data-end=\"1225\">\u00bfPor qu\u00e9 HELIOS?<\/h2>\n<ul data-start=\"1226\" data-end=\"1607\">\n<li data-start=\"1226\" data-end=\"1326\">\n<p data-start=\"1228\" data-end=\"1326\"><strong data-start=\"1228\" data-end=\"1244\">Operaci\u00f3n estable<\/strong> \u2013 dise\u00f1ado para uso en modo de reserva\/respaldo y c\u00edclico en muchos sistemas comunes.<\/p>\n<\/li>\n<li data-start=\"1327\" data-end=\"1398\">\n<p data-start=\"1329\" data-end=\"1398\"><strong data-start=\"1329\" data-end=\"1352\">AGM sin mantenimiento<\/strong> \u2013 sellado, a prueba de vibraciones y fugas.<\/p>\n<\/li>\n<li data-start=\"1399\" data-end=\"1465\">\n<p data-start=\"1401\" data-end=\"1465\"><strong data-start=\"1401\" data-end=\"1425\">Vida \u00fatil del dise\u00f1o: 5 a\u00f1os<\/strong> \u2013 rentable para alarmas y UPS.<\/p>\n<\/li>\n<li data-start=\"1466\" data-end=\"1528\">\n<p data-start=\"1468\" data-end=\"1528\"><strong data-start=\"1468\" data-end=\"1486\">Baja tasa de fallos<\/strong> de f\u00e1brica y control de calidad constante.<\/p>\n<\/li>\n<li data-start=\"1529\" data-end=\"1607\">\n<p data-start=\"1531\" data-end=\"1607\"><strong data-start=\"1531\" data-end=\"1549\">Formato est\u00e1ndar<\/strong> \u2013 f\u00e1cil sustituci\u00f3n de una bater\u00eda existente de 12 V y 7 Ah del mismo tama\u00f1o.<\/p>\n<\/li>\n<\/ul>\n<h2 data-start=\"1609\" data-end=\"1638\">Usos t\u00edpicos<\/h2>\n<ul data-start=\"1639\" data-end=\"1821\">\n<li data-start=\"1639\" data-end=\"1683\">\n<p data-start=\"1641\" data-end=\"1683\">Paneles de alarma, sirenas y sistemas de acceso<\/p>\n<\/li>\n<li data-start=\"1684\" data-end=\"1714\">\n<p data-start=\"1686\" data-end=\"1714\">Soluciones de energ\u00eda de emergencia y UPS<\/p>\n<\/li>\n<li data-start=\"1715\" data-end=\"1744\">\n<p data-start=\"1717\" data-end=\"1744\">Luces de emergencia\/se\u00f1ales de escape<\/p>\n<\/li>\n<li data-start=\"1745\" data-end=\"1785\">\n<p data-start=\"1747\" data-end=\"1785\">Equipos de telecomunicaciones\/datos, m\u00f3dems, enrutadores<\/p>\n<\/li>\n<li data-start=\"1786\" data-end=\"1821\">\n<p data-start=\"1788\" data-end=\"1821\">Cerca el\u00e9ctrica y almacenamiento de energ\u00eda m\u00e1s peque\u00f1o<\/p>\n<\/li>\n<\/ul>\n<h2 data-start=\"1823\" data-end=\"1853\">Compatibilidad y ajuste<\/h2>\n<p data-start=\"1854\" data-end=\"2065\">La bater\u00eda reemplaza la mayor\u00eda <strong data-start=\"1883\" data-end=\"1915\">12 V 7 Ah\/7,2 Ah\/6,5 Ah AGM\/VRLA<\/strong> en la medida <strong data-start=\"1925\" data-end=\"1941\">151\u00d765\u00d794 mm<\/strong>.<br data-start=\"1942\" data-end=\"1945\" \/><strong data-start=\"1945\" data-end=\"1958\">Terminal:<\/strong> Faston (F2 6,3 mm) <em data-start=\"1978\" data-end=\"2065\">Si su dispositivo actual utiliza F1 (4,8 mm), se requiere un adaptador; cont\u00e1ctenos si es necesario.<\/em><\/p>\n<blockquote data-start=\"2067\" data-end=\"2189\">\n<p data-start=\"2069\" data-end=\"2189\">Consejo: Compara siempre <strong data-start=\"2089\" data-end=\"2107\">voltaje (12 V)<\/strong>, <strong data-start=\"2109\" data-end=\"2131\">capacidad (aprox. 7 Ah)<\/strong>, <strong data-start=\"2133\" data-end=\"2141\">medida<\/strong> y <strong data-start=\"2146\" data-end=\"2161\">tipo de terminal<\/strong> contra su bater\u00eda actual.<\/p>\n<\/blockquote>\n<h2 data-start=\"2191\" data-end=\"2207\">Datos t\u00e9cnicos<\/h2>\n<ul data-start=\"2208\" data-end=\"2595\">\n<li data-start=\"2208\" data-end=\"2230\">\n<p data-start=\"2210\" data-end=\"2230\"><strong data-start=\"2210\" data-end=\"2223\">Voltaje:<\/strong> 12 V<\/p>\n<\/li>\n<li data-start=\"2231\" data-end=\"2254\">\n<p data-start=\"2233\" data-end=\"2254\"><strong data-start=\"2233\" data-end=\"2247\">Capacidad:<\/strong> 7 Ah<\/p>\n<\/li>\n<li data-start=\"2255\" data-end=\"2331\">\n<p data-start=\"2257\" data-end=\"2331\"><strong data-start=\"2257\" data-end=\"2270\">Qu\u00edmica\/Tipo:<\/strong> AGM (pilas de plomo-\u00e1cido reguladas por v\u00e1lvula, selladas y sin mantenimiento)<\/p>\n<\/li>\n<li data-start=\"2332\" data-end=\"2371\">\n<p data-start=\"2334\" data-end=\"2371\"><strong data-start=\"2334\" data-end=\"2354\">Vida del dise\u00f1o:<\/strong> 5 a\u00f1os (en espera)<\/p>\n<\/li>\n<li data-start=\"2372\" data-end=\"2410\">\n<p data-start=\"2374\" data-end=\"2410\"><strong data-start=\"2374\" data-end=\"2391\">Dimensiones (L\u00d7An\u00d7Al):<\/strong> 151 \u00d7 65 \u00d7 94 mm<\/p>\n<\/li>\n<li data-start=\"2411\" data-end=\"2434\">\n<p data-start=\"2413\" data-end=\"2434\"><strong data-start=\"2413\" data-end=\"2422\">Peso:<\/strong> alrededor de 2,1 kilogramos<\/p>\n<\/li>\n<li data-start=\"2435\" data-end=\"2471\">\n<p data-start=\"2437\" data-end=\"2471\"><strong data-start=\"2437\" data-end=\"2450\">Terminal:<\/strong> Faston F2 (6,3 mm)<\/p>\n<\/li>\n<li data-start=\"2472\" data-end=\"2530\">\n<p data-start=\"2474\" data-end=\"2530\"><strong data-start=\"2474\" data-end=\"2493\">Certificaciones:<\/strong> CE, UL, RoHS, ISO 9000\/14000\/18000<\/p>\n<\/li>\n<li data-start=\"2531\" data-end=\"2565\">\n<p data-start=\"2533\" data-end=\"2565\"><strong data-start=\"2533\" data-end=\"2557\">N\u00famero de art\u00edculo (SKU):<\/strong> 50007<\/p>\n<\/li>\n<li data-start=\"2566\" data-end=\"2595\">\n<p data-start=\"2568\" data-end=\"2595\"><strong data-start=\"2568\" data-end=\"2588\">Marca\/Serie:<\/strong> HELIOS<\/p>\n<\/li>\n<\/ul>\n<p data-start=\"2597\" data-end=\"2730\"><em data-start=\"2597\" data-end=\"2730\">(Los voltajes de carga y las curvas operativas exactas var\u00edan seg\u00fan la instalaci\u00f3n; siga siempre la recomendaci\u00f3n del manual del equipo o del cargador).<\/em><\/p>\n<h2 data-start=\"2732\" data-end=\"2768\">Instalaci\u00f3n: f\u00e1cil reemplazo de bater\u00eda<\/h2>\n<ol data-start=\"2769\" data-end=\"3100\">\n<li data-start=\"2769\" data-end=\"2833\">\n<p data-start=\"2772\" data-end=\"2833\">Desconecte el equipo de la tensi\u00f3n de red (seguridad ante todo).<\/p>\n<\/li>\n<li data-start=\"2834\" data-end=\"2901\">\n<p data-start=\"2837\" data-end=\"2901\">Abra el compartimento de la bater\u00eda y <strong data-start=\"2861\" data-end=\"2898\">fotografiar\/comprobar polaridad<\/strong>.<\/p>\n<\/li>\n<li data-start=\"2902\" data-end=\"3001\">\n<p data-start=\"2905\" data-end=\"3001\">Retire los clips de liberaci\u00f3n r\u00e1pida (F2) de la bater\u00eda vieja y f\u00edjelos a la nueva (<strong data-start=\"2975\" data-end=\"2997\">rojo = +, negro = \u2013<\/strong>).<\/p>\n<\/li>\n<li data-start=\"3002\" data-end=\"3073\">\n<p data-start=\"3005\" data-end=\"3073\">Coloque la bater\u00eda en el compartimento, cierre la tapa y reconecte la tensi\u00f3n de red.<\/p>\n<\/li>\n<li data-start=\"3074\" data-end=\"3100\">\n<p data-start=\"3077\" data-end=\"3100\">Prueba funcional \u2013 realizada.<\/p>\n<\/li>\n<\/ol>\n<blockquote data-start=\"3102\" data-end=\"3195\">\n<p data-start=\"3104\" data-end=\"3195\"><strong data-start=\"3104\" data-end=\"3114\">Ambiente:<\/strong> Devuelva las bater\u00edas de plomo-\u00e1cido usadas a <strong data-start=\"3148\" data-end=\"3163\">reciclaje<\/strong> (el producto es reciclable).<\/p>\n<\/blockquote>\n<hr data-start=\"3197\" data-end=\"3200\" \/>\n<h1 data-start=\"3202\" data-end=\"3207\">Preguntas frecuentes<\/h1>\n<p data-start=\"3209\" data-end=\"3395\"><strong data-start=\"3209\" data-end=\"3237\">\u00bfCabe en UPS\/alarma X?<\/strong><br data-start=\"3237\" data-end=\"3240\" \/>Si su dispositivo lo requiere <strong data-start=\"3260\" data-end=\"3271\">12 V 7 Ah<\/strong> en tama\u00f1o <strong data-start=\"3282\" data-end=\"3298\">151\u00d765\u00d794 mm<\/strong> y tiene <strong data-start=\"3307\" data-end=\"3323\">Contactos F2<\/strong> Se adapta a la mayor\u00eda de los casos. Compare siempre la etiqueta, las dimensiones y el terminal.<\/p>\n<p data-start=\"3397\" data-end=\"3608\"><strong data-start=\"3397\" data-end=\"3436\">\u00bfQu\u00e9 significa \u201cvida \u00fatil del dise\u00f1o 5 a\u00f1os\u201d?<\/strong><br data-start=\"3436\" data-end=\"3439\" \/>La bater\u00eda est\u00e1 dise\u00f1ada para funcionar en modo de espera hasta aproximadamente 5 a\u00f1os en las condiciones adecuadas (temperatura y carga). La vida \u00fatil real depende del entorno y los h\u00e1bitos de uso.<\/p>\n<p data-start=\"3610\" data-end=\"3764\"><strong data-start=\"3610\" data-end=\"3635\">Terminal F1 o F2?<\/strong><br data-start=\"3635\" data-end=\"3638\" \/>Esta bater\u00eda viene con <strong data-start=\"3666\" data-end=\"3681\">F2 (6,3 mm)<\/strong>. Tenga su equipo <strong data-start=\"3702\" data-end=\"3717\">F1 (4,8 mm)<\/strong> Puedes utilizar un adaptador: estaremos encantados de ayudarte.<\/p>\n<p data-start=\"3766\" data-end=\"3862\"><strong data-start=\"3766\" data-end=\"3793\">\u00bfEs libre de mantenimiento?<\/strong><br data-start=\"3793\" data-end=\"3796\" \/>S\u00ed, lo es. <strong data-start=\"3811\" data-end=\"3836\">bater\u00eda AGM sellada<\/strong>No es necesario rellenarlo.<\/p>\n<p data-start=\"3766\" data-end=\"3862\"><strong data-start=\"1516\" data-end=\"1551\">\u00bfEsta bater\u00eda es AGM o GEL?<\/strong><br data-start=\"1551\" data-end=\"1554\" \/>Este es un <strong data-start=\"1569\" data-end=\"1591\">Bater\u00eda AGM (VRLA)<\/strong>Es decir, regulada por v\u00e1lvula y sin mantenimiento. No es una bater\u00eda de gel, pero funciona en sistemas similares.<\/p>\n<p data-start=\"3766\" data-end=\"3862\"><strong data-start=\"1880\" data-end=\"1899\">Resumen:<\/strong><br data-start=\"1899\" data-end=\"1902\" \/>La bater\u00eda AGM HELIOS de 12 V y 7 Ah (VRLA) es fiable y no requiere mantenimiento, con una vida \u00fatil de cinco a\u00f1os. Es el sustituto perfecto para las bater\u00edas de 12 V y 7 Ah\/7,2 Ah en alarmas, SAI y otros equipos cr\u00edticos.<\/p>\n<p data-start=\"3766\" data-end=\"3862\"><b>\u00a0<\/b><\/p>","protected":false},"excerpt":{"rendered":"<p><strong data-start=\"1871\" data-end=\"1935\">Bater\u00eda AGM 12V 7Ah (VRLA) libre de mantenimiento para alarmas y UPS.<\/strong><br data-start=\"1935\" data-end=\"1938\" \/>Dimensiones est\u00e1ndar <strong data-start=\"1951\" data-end=\"1967\">151\u00d765\u00d794 mm<\/strong>, <strong data-start=\"1969\" data-end=\"1984\">F2 (6,3 mm)<\/strong>Reemplaza 12V <strong data-start=\"1999\" data-end=\"2012\">7 Ah\/7,2 Ah<\/strong> en el mismo formato. <strong data-start=\"2029\" data-end=\"2054\">Vida \u00fatil del dise\u00f1o: 5 a\u00f1os.<\/strong> Entrega r\u00e1pida desde tienda sueca.<\/p>","protected":false},"featured_media":159334,"template":"","meta":{"_acf_changed":false},"product_brand":[],"product_cat":[1596,2428],"product_tag":[4519,2423,2419,2422],"class_list":{"0":"post-57002","1":"product","2":"type-product","3":"status-publish","4":"has-post-thumbnail","6":"product_cat-ackumulatorer-12v-agm-batterier","7":"product_cat-stromforsorjning-batterier","8":"product_tag-batteri-7-12-ah","9":"product_tag-rel-larm-allman","10":"product_tag-rel-batteri","11":"product_tag-rel-brand","12":"product_shipping_class-tunga-paket","13":"pa_brands-stonehouse-security","14":"tm-no-options","16":"first","17":"instock","18":"sale","19":"featured","20":"taxable","21":"shipping-taxable","22":"purchasable","23":"product-type-simple"},"acf":[],"_links":{"self":[{"href":"https:\/\/secureus.se\/es\/wp-json\/wp\/v2\/product\/57002","targetHints":{"allow":["GET"]}}],"collection":[{"href":"https:\/\/secureus.se\/es\/wp-json\/wp\/v2\/product"}],"about":[{"href":"https:\/\/secureus.se\/es\/wp-json\/wp\/v2\/types\/product"}],"wp:featuredmedia":[{"embeddable":true,"href":"https:\/\/secureus.se\/es\/wp-json\/wp\/v2\/media\/159334"}],"wp:attachment":[{"href":"https:\/\/secureus.se\/es\/wp-json\/wp\/v2\/media?parent=57002"}],"wp:term":[{"taxonomy":"product_brand","embeddable":true,"href":"https:\/\/secureus.se\/es\/wp-json\/wp\/v2\/product_brand?post=57002"},{"taxonomy":"product_cat","embeddable":true,"href":"https:\/\/secureus.se\/es\/wp-json\/wp\/v2\/product_cat?post=57002"},{"taxonomy":"product_tag","embeddable":true,"href":"https:\/\/secureus.se\/es\/wp-json\/wp\/v2\/product_tag?post=57002"}],"curies":[{"name":"wp","href":"https:\/\/api.w.org\/{rel}","templated":true}]}}