{"id":57003,"date":"2022-03-10T15:57:00","date_gmt":"2022-03-10T14:57:00","guid":{"rendered":"https:\/\/secureus.se\/produkt\/longlife-aaa-lr03-batteri-4-pack-fran-pk-cell-ej-uppladdningsbart\/"},"modified":"2026-03-13T12:09:03","modified_gmt":"2026-03-13T11:09:03","slug":"longlife-aaa-lr03-batteri-4-pack-fran-pk-cell-ej-uppladdningsbart","status":"publish","type":"product","link":"https:\/\/secureus.se\/es\/longlife-aaa-lr03-batteri-4-pack-fran-pk-cell-ej-uppladdningsbart\/","title":{"rendered":"Pilas AAA LR03, paquete de 4 pilas de larga duraci\u00f3n"},"content":{"rendered":"<p>AAA \u2013 LR03 1.5 Volt es una bater\u00eda muy vers\u00e1til y funciona en todo tipo de productos que requieren un poco m\u00e1s, como productos de seguridad y otros productos que necesitan una larga vida \u00fatil.<\/p>\n<p>Gracias a que esta bater\u00eda se suministra en un pr\u00e1ctico pack de 4, usted ahorra tanto en el medio ambiente como en costes de compra.<\/p>\n<p>Las bater\u00edas tienen un rendimiento impresionante y la longevidad por la que se caracterizan las c\u00e9lulas PK.<\/p>","protected":false},"excerpt":{"rendered":"<p>AAA \u2013 LR03 1.5 Volt es una bater\u00eda muy vers\u00e1til y funciona en todo tipo de productos que requieren un poco m\u00e1s, como productos de seguridad y otros productos que necesitan una larga vida \u00fatil. Desde<\/p>","protected":false},"featured_media":145107,"template":"","meta":{"_acf_changed":false},"product_brand":[],"product_cat":[1324,1862],"product_tag":[2419],"class_list":{"0":"post-57003","1":"product","2":"type-product","3":"status-publish","4":"has-post-thumbnail","6":"product_cat-outlet","7":"product_cat-batterier-knappcell","8":"product_tag-rel-batteri","9":"product_shipping_class-postnord-varubrev","10":"pa_brands-pk-cell","11":"tm-no-options","13":"first","14":"outofstock","15":"sale","16":"featured","17":"taxable","18":"shipping-taxable","19":"purchasable","20":"product-type-simple"},"acf":[],"_links":{"self":[{"href":"https:\/\/secureus.se\/es\/wp-json\/wp\/v2\/product\/57003","targetHints":{"allow":["GET"]}}],"collection":[{"href":"https:\/\/secureus.se\/es\/wp-json\/wp\/v2\/product"}],"about":[{"href":"https:\/\/secureus.se\/es\/wp-json\/wp\/v2\/types\/product"}],"wp:featuredmedia":[{"embeddable":true,"href":"https:\/\/secureus.se\/es\/wp-json\/wp\/v2\/media\/145107"}],"wp:attachment":[{"href":"https:\/\/secureus.se\/es\/wp-json\/wp\/v2\/media?parent=57003"}],"wp:term":[{"taxonomy":"product_brand","embeddable":true,"href":"https:\/\/secureus.se\/es\/wp-json\/wp\/v2\/product_brand?post=57003"},{"taxonomy":"product_cat","embeddable":true,"href":"https:\/\/secureus.se\/es\/wp-json\/wp\/v2\/product_cat?post=57003"},{"taxonomy":"product_tag","embeddable":true,"href":"https:\/\/secureus.se\/es\/wp-json\/wp\/v2\/product_tag?post=57003"}],"curies":[{"name":"wp","href":"https:\/\/api.w.org\/{rel}","templated":true}]}}