{"id":57053,"date":"2022-03-10T15:48:00","date_gmt":"2022-03-10T14:48:00","guid":{"rendered":"https:\/\/secureus.se\/produkt\/temperatur-och-luftfuktighet-larm-med-digital-panel\/"},"modified":"2026-01-22T10:58:09","modified_gmt":"2026-01-22T09:58:09","slug":"temperatur-och-luftfuktighet-larm-med-digital-panel","status":"publish","type":"product","link":"https:\/\/secureus.se\/es\/temperatur-och-luftfuktighet-larm-med-digital-panel\/","title":{"rendered":"Temperatura y humedad \u2013 Alarma con panel digital"},"content":{"rendered":"<section class=\"product-detail__top-container\">\n<div class=\"product-detail__top-content\">\n<div class=\"wrap-text admin-perex\">\n<p>Controlador de temperatura y humedad con dos salidas de rel\u00e9. Para instalaci\u00f3n interior o exterior.<\/p>\n<p>Sensores incorporados de temperatura y humedad. Los valores de medici\u00f3n tambi\u00e9n se pueden informar como: punto de roc\u00edo, humedad absoluta, humedad espec\u00edfica, relaci\u00f3n de mezcla o entalp\u00eda espec\u00edfica.<\/p>\n<\/div>\n<\/div>\n<\/section>","protected":false},"excerpt":{"rendered":"<p>Detectores de humo \u2013 Alarma de CO2 \u2013 Detector de temperatura \u2013 Vibraci\u00f3n \u2013 Rompecristales \u2013 Siempre a bajo precio <\/p>","protected":false},"featured_media":144999,"template":"","meta":{"_acf_changed":false},"product_brand":[],"product_cat":[1308,1309],"product_tag":[],"class_list":{"0":"post-57053","1":"product","2":"type-product","3":"status-publish","4":"has-post-thumbnail","6":"product_cat-driftlarm-kyla-vatten-temp","7":"product_cat-temperaturdetektor-vattendetektor","8":"product_shipping_class-tunga-paket","9":"pa_brands-comet-system","10":"tm-no-options","12":"first","13":"onbackorder","14":"sale","15":"featured","16":"taxable","17":"shipping-taxable","18":"purchasable","19":"product-type-simple"},"acf":[],"_links":{"self":[{"href":"https:\/\/secureus.se\/es\/wp-json\/wp\/v2\/product\/57053","targetHints":{"allow":["GET"]}}],"collection":[{"href":"https:\/\/secureus.se\/es\/wp-json\/wp\/v2\/product"}],"about":[{"href":"https:\/\/secureus.se\/es\/wp-json\/wp\/v2\/types\/product"}],"wp:featuredmedia":[{"embeddable":true,"href":"https:\/\/secureus.se\/es\/wp-json\/wp\/v2\/media\/144999"}],"wp:attachment":[{"href":"https:\/\/secureus.se\/es\/wp-json\/wp\/v2\/media?parent=57053"}],"wp:term":[{"taxonomy":"product_brand","embeddable":true,"href":"https:\/\/secureus.se\/es\/wp-json\/wp\/v2\/product_brand?post=57053"},{"taxonomy":"product_cat","embeddable":true,"href":"https:\/\/secureus.se\/es\/wp-json\/wp\/v2\/product_cat?post=57053"},{"taxonomy":"product_tag","embeddable":true,"href":"https:\/\/secureus.se\/es\/wp-json\/wp\/v2\/product_tag?post=57053"}],"curies":[{"name":"wp","href":"https:\/\/api.w.org\/{rel}","templated":true}]}}