{"id":57109,"date":"2022-03-10T15:42:00","date_gmt":"2022-03-10T14:42:00","guid":{"rendered":"https:\/\/secureus.se\/produkt\/kapsling-small-till-neo-multi-40-va-trafo\/"},"modified":"2026-04-17T09:56:02","modified_gmt":"2026-04-17T07:56:02","slug":"dsc-kapsling-small-40-va","status":"publish","type":"product","link":"https:\/\/secureus.se\/es\/dsc-kapsling-small-40-va\/","title":{"rendered":"Transformador multiconector peque\u00f1o de 40 VA para DSC \u2013 Paradox y Risco AWO150"},"content":{"rendered":"<h1><strong>Gabinete DSC Multi (Peque\u00f1o) 40 VA<\/strong> Es una soluci\u00f3n vers\u00e1til y pr\u00e1ctica para instalar y proteger la electr\u00f3nica del sistema de alarma.<\/h1>\n<p>Este gabinete est\u00e1 dise\u00f1ado para alojar un transformador de 40 VA y proporciona una fuente de alimentaci\u00f3n confiable para diversos equipos de seguridad, incluidos DSC NEO, Paradox y Risco.<\/p>\n<p>Con su tama\u00f1o compacto (280 x 290 x 80 mm), es ideal tanto para entornos dom\u00e9sticos como comerciales donde el espacio puede ser limitado.<\/p>\n<p>La carcasa est\u00e1 hecha de chapa met\u00e1lica robusta y tiene un grado de protecci\u00f3n IP 20, lo que significa que es adecuada para su instalaci\u00f3n en interiores.<\/p>\n<p>Tambi\u00e9n est\u00e1 equipado con un interruptor de seguridad, que proporciona seguridad adicional contra el acceso no autorizado. Con dos llaves incluidas, puede bloquear f\u00e1cilmente la caja para proteger el equipo sensible que se encuentra en el interior.<\/p>\n<p>El transformador tiene una capacidad de corriente de 2,2 A\/16 VCA y 2 A\/18 VCA, lo que lo convierte en un componente de fuente de alimentaci\u00f3n eficiente y potente.<\/p>\n<p>El gabinete tambi\u00e9n admite una bater\u00eda de respaldo de 7 Ah, lo que garantiza que el sistema permanezca activo incluso durante un corte de energ\u00eda.<\/p>\n<p>Ya sea que est\u00e9 instalando un sistema de alarma en una casa o en una propiedad comercial, DSC Enclosure Multi (Small) ofrece una soluci\u00f3n confiable y segura para proteger sus equipos electr\u00f3nicos y soluciones de seguridad.<\/p>","protected":false},"excerpt":{"rendered":"<p>La caja DSC con cerradura y transformador es universal y se adapta a todos los sistemas de alarma o equipos que necesiten alimentaci\u00f3n el\u00e9ctrica.<\/p>\n<p>Este gabinete est\u00e1 dise\u00f1ado para proteger y monitorear dispositivos electr\u00f3nicos en diversos entornos de instalaci\u00f3n.<\/p>","protected":false},"featured_media":145206,"template":"","meta":{"_acf_changed":false},"product_brand":[],"product_cat":[3323,1322],"product_tag":[3311,3022],"class_list":{"0":"post-57109","1":"product","2":"type-product","3":"status-publish","4":"has-post-thumbnail","6":"product_cat-kapsling","7":"product_cat-dsc-larm-neo-power-hybridlarm","8":"product_tag-dsc-neo-svensk-manual","9":"product_tag-neo-central-kapslingar","10":"product_shipping_class-postnord-varubrev","11":"pa_brands-pulsar","12":"pa_dsc-neo-hybridlarm-kapslingar-boxar","13":"tm-has-options","15":"first","16":"instock","17":"sale","18":"featured","19":"taxable","20":"shipping-taxable","21":"purchasable","22":"product-type-simple"},"acf":[],"_links":{"self":[{"href":"https:\/\/secureus.se\/es\/wp-json\/wp\/v2\/product\/57109","targetHints":{"allow":["GET"]}}],"collection":[{"href":"https:\/\/secureus.se\/es\/wp-json\/wp\/v2\/product"}],"about":[{"href":"https:\/\/secureus.se\/es\/wp-json\/wp\/v2\/types\/product"}],"wp:featuredmedia":[{"embeddable":true,"href":"https:\/\/secureus.se\/es\/wp-json\/wp\/v2\/media\/145206"}],"wp:attachment":[{"href":"https:\/\/secureus.se\/es\/wp-json\/wp\/v2\/media?parent=57109"}],"wp:term":[{"taxonomy":"product_brand","embeddable":true,"href":"https:\/\/secureus.se\/es\/wp-json\/wp\/v2\/product_brand?post=57109"},{"taxonomy":"product_cat","embeddable":true,"href":"https:\/\/secureus.se\/es\/wp-json\/wp\/v2\/product_cat?post=57109"},{"taxonomy":"product_tag","embeddable":true,"href":"https:\/\/secureus.se\/es\/wp-json\/wp\/v2\/product_tag?post=57109"}],"curies":[{"name":"wp","href":"https:\/\/api.w.org\/{rel}","templated":true}]}}