{"id":57116,"date":"2022-03-10T15:42:00","date_gmt":"2022-03-10T14:42:00","guid":{"rendered":"https:\/\/secureus.se\/produkt\/dsc-neo-knappsats-tradbunden-hs2lcdrfp-med-powerg-transceiver-prox-engelsk-text\/"},"modified":"2025-12-31T19:55:02","modified_gmt":"2025-12-31T18:55:02","slug":"dsc-hardwired-keypad-prox-hs2lcdrfp-e","status":"publish","type":"product","link":"https:\/\/secureus.se\/es\/dsc-hardwired-keypad-prox-hs2lcdrfp-e\/","title":{"rendered":"Teclado cableado DSC Prox HS2LCDRFP Prox y radio Admite ingl\u00e9s, franc\u00e9s, italiano, alem\u00e1n, holand\u00e9s y polaco."},"content":{"rendered":"<p><strong>Teclado de proximidad cableado DSC HS2LCDRFP<\/strong> es un teclado avanzado dise\u00f1ado para el sistema de alarma DSC NEO.<\/p>\n<p>Con una pantalla LCD brillante y clara que muestra informaci\u00f3n en ingl\u00e9s, franc\u00e9s, italiano, alem\u00e1n, holand\u00e9s y polaco, este teclado es perfecto para usuarios en entornos multiling\u00fces.<\/p>\n<p>Dispone de un lector PROX\/EM incorporado, lo que permite un acceso f\u00e1cil y seguro mediante tarjetas de proximidad.<\/p>\n<p>El HS2LCDRFP ofrece textos libremente programables para zonas y \u00e1reas de alarma, lo que permite a los usuarios personalizar el sistema seg\u00fan sus necesidades espec\u00edficas.<\/p>\n<p>La memoria de eventos se puede leer f\u00e1cilmente en la pantalla.<\/p>\n<p>El teclado tiene cinco teclas de funci\u00f3n para teclas de acceso directo y tres teclas de emergencia para proporcionar acceso r\u00e1pido a funciones importantes.<\/p>\n<p>El consumo de corriente est\u00e1 entre 55 y 105 mA, lo que lo hace energ\u00e9ticamente eficiente y confiable.<\/p>\n<p>Este producto es perfecto tanto para hogares como para empresas que buscan una soluci\u00f3n de seguridad flexible y f\u00e1cil de usar.<\/p>","protected":false},"excerpt":{"rendered":"<p>El teclado cableado DSC Prox HS2LCDRFP es un teclado con cable con lector PROX y receptor de radio incorporado, compatible con ingl\u00e9s y otros cinco idiomas.<\/p>","protected":false},"featured_media":140994,"template":"","meta":{"_acf_changed":false},"product_brand":[],"product_cat":[3329,1322],"product_tag":[3311,3028,3029],"class_list":{"0":"post-57116","1":"product","2":"type-product","3":"status-publish","4":"has-post-thumbnail","6":"product_cat-knappsats-kod","7":"product_cat-dsc-larm-neo-power-hybridlarm","8":"product_tag-dsc-neo-svensk-manual","9":"product_tag-neo-knappsats-manoverpaneler","10":"product_tag-neo-dsc-knappsats-manoverpaneler","11":"product_shipping_class-postnord-varubrev","12":"pa_brands-4dsc","13":"pa_dsc-neo-hybridlarm-knappsatser","14":"tm-has-options","16":"first","17":"instock","18":"sale","19":"featured","20":"taxable","21":"shipping-taxable","22":"purchasable","23":"product-type-simple"},"acf":[],"_links":{"self":[{"href":"https:\/\/secureus.se\/es\/wp-json\/wp\/v2\/product\/57116","targetHints":{"allow":["GET"]}}],"collection":[{"href":"https:\/\/secureus.se\/es\/wp-json\/wp\/v2\/product"}],"about":[{"href":"https:\/\/secureus.se\/es\/wp-json\/wp\/v2\/types\/product"}],"wp:featuredmedia":[{"embeddable":true,"href":"https:\/\/secureus.se\/es\/wp-json\/wp\/v2\/media\/140994"}],"wp:attachment":[{"href":"https:\/\/secureus.se\/es\/wp-json\/wp\/v2\/media?parent=57116"}],"wp:term":[{"taxonomy":"product_brand","embeddable":true,"href":"https:\/\/secureus.se\/es\/wp-json\/wp\/v2\/product_brand?post=57116"},{"taxonomy":"product_cat","embeddable":true,"href":"https:\/\/secureus.se\/es\/wp-json\/wp\/v2\/product_cat?post=57116"},{"taxonomy":"product_tag","embeddable":true,"href":"https:\/\/secureus.se\/es\/wp-json\/wp\/v2\/product_tag?post=57116"}],"curies":[{"name":"wp","href":"https:\/\/api.w.org\/{rel}","templated":true}]}}