{"id":57145,"date":"2022-03-10T15:28:00","date_gmt":"2022-03-10T14:28:00","guid":{"rendered":"https:\/\/secureus.se\/produkt\/nyckelband-staff-hummerklamma-sakerhetspanne-i-metall-100-pack-farg-bla\/"},"modified":"2025-12-31T19:41:50","modified_gmt":"2025-12-31T18:41:50","slug":"nyckelband-staff-hummerklamma-sakerhetspanne-i-metall-100-pack-farg-bla","status":"publish","type":"product","link":"https:\/\/secureus.se\/es\/nyckelband-staff-hummerklamma-sakerhetspanne-i-metall-100-pack-farg-bla\/","title":{"rendered":"Cord\u00f3n para bast\u00f3n con hebilla de seguridad y clip de langosta azul, paquete de 100"},"content":{"rendered":"<p>Cinta de poli\u00e9ster azul real de lujo de 15 mm con \u201cSTAFF\u201d escrito en texto blanco.<\/p>\n<p>Incluye hebilla de seguridad y cierre de mosquet\u00f3n met\u00e1lico.<\/p>\n<p>El cord\u00f3n se puede volver a conectar f\u00e1cilmente despu\u00e9s de soltarse.<\/p>\n<p>Perfecto para exhibir tarjetas de identificaci\u00f3n, tarjetas de presentaci\u00f3n o colocar otros elementos como tel\u00e9fonos m\u00f3viles, silbatos, memorias USB, etc.<\/p>\n<p>&nbsp;<\/p>","protected":false},"excerpt":{"rendered":"<p>Cinta de poli\u00e9ster azul real de lujo de 15 mm con \u201cSTAFF\u201d escrito en texto blanco. Incluye hebilla de seguridad y cierre de mosquet\u00f3n met\u00e1lico. El cord\u00f3n se puede volver a conectar f\u00e1cilmente despu\u00e9s de soltarse. Perfecto para exhibir tarjetas de identificaci\u00f3n,<\/p>","protected":false},"featured_media":145132,"template":"","meta":{"_acf_changed":false},"product_brand":[],"product_cat":[1875],"product_tag":[4360,4352,2958],"class_list":{"0":"post-57145","1":"product","2":"type-product","3":"status-publish","4":"has-post-thumbnail","6":"product_cat-nyckelband","7":"product_tag-15mm","8":"product_tag-blaa-nyckelband","9":"product_tag-stonehouse-produkt","10":"product_shipping_class-tunga-paket","11":"pa_brands-stonehouse-security","12":"pa_farg-bla","13":"pa_farg-nyckelband-bla","14":"pa_rfid-tillbehor-nyckelband-halsband","15":"tm-no-options","17":"first","18":"instock","19":"sale","20":"featured","21":"taxable","22":"shipping-taxable","23":"purchasable","24":"product-type-simple"},"acf":[],"_links":{"self":[{"href":"https:\/\/secureus.se\/es\/wp-json\/wp\/v2\/product\/57145","targetHints":{"allow":["GET"]}}],"collection":[{"href":"https:\/\/secureus.se\/es\/wp-json\/wp\/v2\/product"}],"about":[{"href":"https:\/\/secureus.se\/es\/wp-json\/wp\/v2\/types\/product"}],"wp:featuredmedia":[{"embeddable":true,"href":"https:\/\/secureus.se\/es\/wp-json\/wp\/v2\/media\/145132"}],"wp:attachment":[{"href":"https:\/\/secureus.se\/es\/wp-json\/wp\/v2\/media?parent=57145"}],"wp:term":[{"taxonomy":"product_brand","embeddable":true,"href":"https:\/\/secureus.se\/es\/wp-json\/wp\/v2\/product_brand?post=57145"},{"taxonomy":"product_cat","embeddable":true,"href":"https:\/\/secureus.se\/es\/wp-json\/wp\/v2\/product_cat?post=57145"},{"taxonomy":"product_tag","embeddable":true,"href":"https:\/\/secureus.se\/es\/wp-json\/wp\/v2\/product_tag?post=57145"}],"curies":[{"name":"wp","href":"https:\/\/api.w.org\/{rel}","templated":true}]}}