{"id":57173,"date":"2022-03-10T15:28:00","date_gmt":"2022-03-10T14:28:00","guid":{"rendered":"https:\/\/secureus.se\/produkt\/nyckelband-staff-sakerhetsspanne-j-klamma-i-plast-100-pack-farg-rod\/"},"modified":"2025-12-31T19:38:30","modified_gmt":"2025-12-31T18:38:30","slug":"nyckelband-staff-sakerhetsspanne-j-klamma-i-plast-100-pack-farg-rod","status":"publish","type":"product","link":"https:\/\/secureus.se\/es\/nyckelband-staff-sakerhetsspanne-j-klamma-i-plast-100-pack-farg-rod\/","title":{"rendered":"Cord\u00f3n para personal\/evento, hebilla de seguridad roja, clip en J de pl\u00e1stico, paquete de 100"},"content":{"rendered":"<div>\n<div>\n<div id=\"Product-Description\">\n<p>Cord\u00f3n de 15 mm con hebilla de seguridad tipo bast\u00f3n y clip en forma de J (paquete de 100)<\/p>\n<p>Cord\u00f3n de 15 mm con texto blanco terminado \u00abPersonal\u00bb<\/p>\n<p>&nbsp;<\/p>\n<\/div>\n<\/div>\n<\/div>","protected":false},"excerpt":{"rendered":"<p>Nyckelband 15mm &#8220;Staff&#8221; S\u00e4kerhetssp\u00e4nne och J-kl\u00e4mma (100-pack) 15mm nyckelband med f\u00e4rdig vit text\u00a0 &#8220;Staff&#8221; &nbsp;<\/p>","protected":false},"featured_media":145023,"template":"","meta":{"_acf_changed":false},"product_brand":[],"product_cat":[1875],"product_tag":[4360,4358,2958],"class_list":{"0":"post-57173","1":"product","2":"type-product","3":"status-publish","4":"has-post-thumbnail","6":"product_cat-nyckelband","7":"product_tag-15mm","8":"product_tag-roda-nyckelband","9":"product_tag-stonehouse-produkt","10":"product_shipping_class-tunga-paket","11":"pa_brands-stonehouse-security","12":"pa_farg-rod","13":"pa_farg-nyckelband-rod","14":"pa_rfid-tillbehor-nyckelband-halsband","15":"tm-no-options","17":"first","18":"instock","19":"sale","20":"featured","21":"taxable","22":"shipping-taxable","23":"purchasable","24":"product-type-simple"},"acf":[],"_links":{"self":[{"href":"https:\/\/secureus.se\/es\/wp-json\/wp\/v2\/product\/57173","targetHints":{"allow":["GET"]}}],"collection":[{"href":"https:\/\/secureus.se\/es\/wp-json\/wp\/v2\/product"}],"about":[{"href":"https:\/\/secureus.se\/es\/wp-json\/wp\/v2\/types\/product"}],"wp:featuredmedia":[{"embeddable":true,"href":"https:\/\/secureus.se\/es\/wp-json\/wp\/v2\/media\/145023"}],"wp:attachment":[{"href":"https:\/\/secureus.se\/es\/wp-json\/wp\/v2\/media?parent=57173"}],"wp:term":[{"taxonomy":"product_brand","embeddable":true,"href":"https:\/\/secureus.se\/es\/wp-json\/wp\/v2\/product_brand?post=57173"},{"taxonomy":"product_cat","embeddable":true,"href":"https:\/\/secureus.se\/es\/wp-json\/wp\/v2\/product_cat?post=57173"},{"taxonomy":"product_tag","embeddable":true,"href":"https:\/\/secureus.se\/es\/wp-json\/wp\/v2\/product_tag?post=57173"}],"curies":[{"name":"wp","href":"https:\/\/api.w.org\/{rel}","templated":true}]}}