{"id":57189,"date":"2022-03-10T15:27:00","date_gmt":"2022-03-10T14:27:00","guid":{"rendered":"https:\/\/secureus.se\/produkt\/nyckelband-eko-regnbage-med-j-klamma-i-plast-100-pack\/"},"modified":"2025-12-31T19:49:27","modified_gmt":"2025-12-31T18:49:27","slug":"nyckelband-eko-regnbage-med-j-klamma-i-plast-100-pack","status":"publish","type":"product","link":"https:\/\/secureus.se\/es\/nyckelband-eko-regnbage-med-j-klamma-i-plast-100-pack\/","title":{"rendered":"Cord\u00f3n ecol\u00f3gico arco\u00edris con clip en J de pl\u00e1stico (paquete de 100)"},"content":{"rendered":"<div>\n<div id=\"Product-Description\">\n<p>Cord\u00f3n \u201cArco\u00edris\u201d disponible con \u201ccierre de langosta de metal\u201d o con gancho en J de pl\u00e1stico.<\/p>\n<p>Estas cintas de arco\u00edris presentan los mismos colores que la bandera del Orgullo y permiten a sus clientes apoyar a la comunidad LGBT+, fortaleciendo la igualdad y la diversidad.<\/p>\n<p>Estos cordones est\u00e1n hechos de rPET, un material elaborado a partir de botellas de pl\u00e1stico recicladas, lo que los convierte en una alternativa m\u00e1s ecol\u00f3gica al poli\u00e9ster.<\/p>\n<p>&nbsp;<\/p>\n<\/div>\n<\/div>","protected":false},"excerpt":{"rendered":"<p>Cord\u00f3n \u201cArco\u00edris\u201d disponible con \u201ccierre de langosta de metal\u201d o con gancho en J de pl\u00e1stico. Estas cintas de arco\u00edris tienen los mismos colores que la bandera del Orgullo y permiten que sus clientes apoyen a LGBT+<\/p>","protected":false},"featured_media":145178,"template":"","meta":{"_acf_changed":false},"product_brand":[],"product_cat":[1875],"product_tag":[2958],"class_list":{"0":"post-57189","1":"product","2":"type-product","3":"status-publish","4":"has-post-thumbnail","6":"product_cat-nyckelband","7":"product_tag-stonehouse-produkt","8":"product_shipping_class-tunga-paket","9":"pa_brands-stonehouse-security","10":"pa_farg-regnbage","11":"pa_farg-nyckelband-regnbage","12":"pa_rfid-tillbehor-nyckelband-halsband","13":"tm-no-options","15":"first","16":"instock","17":"sale","18":"featured","19":"taxable","20":"shipping-taxable","21":"purchasable","22":"product-type-simple"},"acf":[],"_links":{"self":[{"href":"https:\/\/secureus.se\/es\/wp-json\/wp\/v2\/product\/57189","targetHints":{"allow":["GET"]}}],"collection":[{"href":"https:\/\/secureus.se\/es\/wp-json\/wp\/v2\/product"}],"about":[{"href":"https:\/\/secureus.se\/es\/wp-json\/wp\/v2\/types\/product"}],"wp:featuredmedia":[{"embeddable":true,"href":"https:\/\/secureus.se\/es\/wp-json\/wp\/v2\/media\/145178"}],"wp:attachment":[{"href":"https:\/\/secureus.se\/es\/wp-json\/wp\/v2\/media?parent=57189"}],"wp:term":[{"taxonomy":"product_brand","embeddable":true,"href":"https:\/\/secureus.se\/es\/wp-json\/wp\/v2\/product_brand?post=57189"},{"taxonomy":"product_cat","embeddable":true,"href":"https:\/\/secureus.se\/es\/wp-json\/wp\/v2\/product_cat?post=57189"},{"taxonomy":"product_tag","embeddable":true,"href":"https:\/\/secureus.se\/es\/wp-json\/wp\/v2\/product_tag?post=57189"}],"curies":[{"name":"wp","href":"https:\/\/api.w.org\/{rel}","templated":true}]}}