{"id":57211,"date":"2022-03-10T15:27:00","date_gmt":"2022-03-10T14:27:00","guid":{"rendered":"https:\/\/secureus.se\/produkt\/ensidig-eko-serie-id-korthallare-staende-for-cr80-kort-100-pack-farg-violett\/"},"modified":"2025-12-31T19:42:44","modified_gmt":"2025-12-31T18:42:44","slug":"ensidig-eko-serie-id-korthallare-staende-for-cr80-kort-100-pack-farg-violett","status":"publish","type":"product","link":"https:\/\/secureus.se\/es\/ensidig-eko-serie-id-korthallare-staende-for-cr80-kort-100-pack-farg-violett\/","title":{"rendered":"Tarjetero - Eko BioBadge CR80 Upright, una cara, morado (paquete de 100)"},"content":{"rendered":"<p>Nuestra nueva gama de porta tarjetas de identificaci\u00f3n biodegradables de una sola cara, est\u00e1n fabricados con pl\u00e1stico biodegradable.<\/p>\n<p>Estos tarjeteros juegan un papel importante al ayudarnos a todos a reducir nuestra huella de carbono.<\/p>\n<p>El dise\u00f1o del borde moldeado reduce la tensi\u00f3n y el agrietamiento de la tarjeta, lo que genera menos problemas con las tarjetas y permite que sus clientes ahorren tiempo y dinero.<\/p>\n<p>86 mm x 54 mm<\/p>\n<p>Se adapta al tama\u00f1o de cr\u00e9dito CR80 est\u00e1ndar<\/p>\n<p>Se vende en paquetes de 100.<\/p>","protected":false},"excerpt":{"rendered":"<p>V&aring;rt nya sortiment av ekologiskt nedbrytbara enkelsidiga ID-korth&aring;llare, dessa tillverkas med biologiskt nedbrytbar plast. Dessa korth&aring;llare spelar en stor roll f&ouml;r att hj&auml;lpa oss alla att minska v&aring;rt koldioxidavtryck. Den<\/p>","protected":false},"featured_media":145216,"template":"","meta":{"_acf_changed":false},"product_brand":[],"product_cat":[4888,1667],"product_tag":[2851],"class_list":{"0":"post-57211","1":"product","2":"type-product","3":"status-publish","4":"has-post-thumbnail","6":"product_cat-enkelsidig-staende-korthallare","7":"product_cat-korthallare-passerkort-idkort","8":"product_tag-korthallare-staende-eko","9":"product_shipping_class-tunga-paket","10":"pa_brands-stonehouse-security","11":"pa_farg-violett","12":"pa_rfid-tillbehor-korthallare","13":"tm-no-options","15":"first","16":"instock","17":"sale","18":"taxable","19":"shipping-taxable","20":"purchasable","21":"product-type-simple"},"acf":[],"_links":{"self":[{"href":"https:\/\/secureus.se\/es\/wp-json\/wp\/v2\/product\/57211","targetHints":{"allow":["GET"]}}],"collection":[{"href":"https:\/\/secureus.se\/es\/wp-json\/wp\/v2\/product"}],"about":[{"href":"https:\/\/secureus.se\/es\/wp-json\/wp\/v2\/types\/product"}],"wp:featuredmedia":[{"embeddable":true,"href":"https:\/\/secureus.se\/es\/wp-json\/wp\/v2\/media\/145216"}],"wp:attachment":[{"href":"https:\/\/secureus.se\/es\/wp-json\/wp\/v2\/media?parent=57211"}],"wp:term":[{"taxonomy":"product_brand","embeddable":true,"href":"https:\/\/secureus.se\/es\/wp-json\/wp\/v2\/product_brand?post=57211"},{"taxonomy":"product_cat","embeddable":true,"href":"https:\/\/secureus.se\/es\/wp-json\/wp\/v2\/product_cat?post=57211"},{"taxonomy":"product_tag","embeddable":true,"href":"https:\/\/secureus.se\/es\/wp-json\/wp\/v2\/product_tag?post=57211"}],"curies":[{"name":"wp","href":"https:\/\/api.w.org\/{rel}","templated":true}]}}