{"id":57216,"date":"2022-03-10T15:27:00","date_gmt":"2022-03-10T14:27:00","guid":{"rendered":"https:\/\/secureus.se\/produkt\/ensidig-eko-serie-id-korthallare-liggande-for-cr80-kort-100-pack-farg-ljus-bla\/"},"modified":"2025-12-31T19:51:53","modified_gmt":"2025-12-31T18:51:53","slug":"id-korthallare-passerkortshallare-ljusbla-enkel-liggande-100-pack","status":"publish","type":"product","link":"https:\/\/secureus.se\/es\/id-korthallare-passerkortshallare-ljusbla-enkel-liggande-100-pack\/","title":{"rendered":"Portatarjetas para tarjetas de acceso\/identificaci\u00f3n \u2013 Eko BioBadge CR80 Horizontal, Una cara, Azul Claro (paquete de 100)"},"content":{"rendered":"<div id=\"Product-Description\">\n<p>Nuestro porta tarjetas de identificaci\u00f3n de una sola cara de color azul claro en formato horizontal es una opci\u00f3n ecol\u00f3gica y sostenible, hecha de pl\u00e1stico oxodegradable. El dise\u00f1o cuidadoso con bordes moldeados protege las tarjetas contra dobleces o grietas, ahorrando tiempo y dinero al reducir la necesidad de reemplazos de tarjetas.<\/p>\n<ul>\n<li><strong>Se vende en paquetes de 100.<\/strong><\/li>\n<li><strong>Medida:<\/strong> 86 x 54 mil\u00edmetros<\/li>\n<li><strong>Se adapta a tarjetas de tama\u00f1o CR80 est\u00e1ndar<\/strong><\/li>\n<li><strong>Dise\u00f1o de una sola cara para una presentaci\u00f3n clara de las tarjetas.<\/strong><\/li>\n<li>Perfecto para tarjetas de identificaci\u00f3n, tarjetas de acceso y otras tarjetas del mismo formato.<\/li>\n<\/ul>\n<p>Una opci\u00f3n inteligente y respetuosa con el medio ambiente para lugares de trabajo, eventos y otros entornos donde se utilizan a diario tarjetas de identificaci\u00f3n y acceso.<\/p>\n<p>\u00a1Cont\u00e1ctanos para m\u00e1s colores y modelos! \u00a1Compl\u00e9talo con nuestros cordones para hacerlo m\u00e1s completo!<\/p>\n<\/div>","protected":false},"excerpt":{"rendered":"<p>Portatarjetas de identificaci\u00f3n de una sola cara de color azul claro en formato horizontal, fabricado en pl\u00e1stico oxodegradable. Perfecto para exhibir tarjetas de pase de tama\u00f1o CR80 est\u00e1ndar (86 \u00d7 54 mm). Se suministra en paquetes de 100.<\/p>","protected":false},"featured_media":145110,"template":"","meta":{"_acf_changed":false},"product_brand":[],"product_cat":[4886,1667],"product_tag":[4523,2847,4524,2958],"class_list":{"0":"post-57216","1":"product","2":"type-product","3":"status-publish","4":"has-post-thumbnail","6":"product_cat-enkelsidig-liggande-korthallare","7":"product_cat-korthallare-passerkort-idkort","8":"product_tag-enkelsidig-korthallare","9":"product_tag-korthallare-liggande-eko","10":"product_tag-liggande-korthallare","11":"product_tag-stonehouse-produkt","12":"product_shipping_class-tunga-paket","13":"pa_brands-stonehouse-security","14":"pa_farg-bla","15":"pa_rfid-tillbehor-korthallare","16":"tm-no-options","18":"first","19":"instock","20":"sale","21":"taxable","22":"shipping-taxable","23":"purchasable","24":"product-type-simple"},"acf":[],"_links":{"self":[{"href":"https:\/\/secureus.se\/es\/wp-json\/wp\/v2\/product\/57216","targetHints":{"allow":["GET"]}}],"collection":[{"href":"https:\/\/secureus.se\/es\/wp-json\/wp\/v2\/product"}],"about":[{"href":"https:\/\/secureus.se\/es\/wp-json\/wp\/v2\/types\/product"}],"wp:featuredmedia":[{"embeddable":true,"href":"https:\/\/secureus.se\/es\/wp-json\/wp\/v2\/media\/145110"}],"wp:attachment":[{"href":"https:\/\/secureus.se\/es\/wp-json\/wp\/v2\/media?parent=57216"}],"wp:term":[{"taxonomy":"product_brand","embeddable":true,"href":"https:\/\/secureus.se\/es\/wp-json\/wp\/v2\/product_brand?post=57216"},{"taxonomy":"product_cat","embeddable":true,"href":"https:\/\/secureus.se\/es\/wp-json\/wp\/v2\/product_cat?post=57216"},{"taxonomy":"product_tag","embeddable":true,"href":"https:\/\/secureus.se\/es\/wp-json\/wp\/v2\/product_tag?post=57216"}],"curies":[{"name":"wp","href":"https:\/\/api.w.org\/{rel}","templated":true}]}}