{"id":57220,"date":"2022-03-10T15:27:00","date_gmt":"2022-03-10T14:27:00","guid":{"rendered":"https:\/\/secureus.se\/produkt\/ensidig-eko-serie-id-korthallare-liggande-for-cr80-kort-100-pack-farg-svart\/"},"modified":"2026-01-02T12:20:29","modified_gmt":"2026-01-02T11:20:29","slug":"id-korthallare-passerkortshallare-svart-enkelsidig-liggande-100-pack","status":"publish","type":"product","link":"https:\/\/secureus.se\/es\/id-korthallare-passerkortshallare-svart-enkelsidig-liggande-100-pack\/","title":{"rendered":"Portatarjetas para tarjetas de acceso\/identificaci\u00f3n \u2013 Eko BioBadge CR80 Horizontal, Una cara, Negro (paquete de 100)"},"content":{"rendered":"<div id=\"Product-Description\">\n<p>Nuestros porta tarjetas de identificaci\u00f3n y porta tarjetas de acceso est\u00e1n fabricados con material pl\u00e1stico oxo-biodegradable para reducir el impacto ambiental. El soporte de un solo lado tiene un dise\u00f1o horizontal y es ideal para proteger tarjetas de identificaci\u00f3n y tarjetas de acceso en est\u00e1ndar CR80 (86 x 54 mm). El dise\u00f1o de la parte posterior moldeada evita que la tarjeta se doble y se agriete, lo que ahorra tiempo y dinero al requerir menos reemplazos de tarjetas.<\/p>\n<ul>\n<li><strong>Dise\u00f1o ecol\u00f3gico:<\/strong> Fabricado con material pl\u00e1stico oxo-biodegradable.<\/li>\n<li><strong>Tama\u00f1o est\u00e1ndar:<\/strong> Se adapta a todas las tarjetas CR80 (86 x 54 mm).<\/li>\n<li><strong>Almacenamiento seguro:<\/strong> Protege contra dobleces cortos y grietas.<\/li>\n<li><strong>Se vende en paquetes de 100:<\/strong> Perfecto para empresas y organizaciones.<\/li>\n<li><strong>Reduce el impacto clim\u00e1tico:<\/strong> Contribuye a un negocio m\u00e1s sostenible.<\/li>\n<\/ul>\n<p><strong>Perfecto para:<\/strong><\/p>\n<ul>\n<li>tarjeta de identificaci\u00f3n<\/li>\n<li>Tarjeta de acceso<\/li>\n<li>etiquetas de seguridad<\/li>\n<\/ul>\n<p>Combina con nuestro <strong>acollador<\/strong> \u00a1Para una soluci\u00f3n completa!<\/p>\n<\/div>","protected":false},"excerpt":{"rendered":"<p>Portatarjetas de identificaci\u00f3n ecol\u00f3gico en material pl\u00e1stico oxo-biodegradable. Se adapta a tarjetas de acceso y tarjetas de identificaci\u00f3n en est\u00e1ndar CR80. Dise\u00f1o de paisaje con protecci\u00f3n contra flexiones y grietas. Perfecto para empresas que quieren reducir su impacto clim\u00e1tico. Se vende en paquetes de 100.<\/p>","protected":false},"featured_media":145318,"template":"","meta":{"_acf_changed":false},"product_brand":[],"product_cat":[4886,1667],"product_tag":[4523,2847,4524,2958,4526],"class_list":{"0":"post-57220","1":"product","2":"type-product","3":"status-publish","4":"has-post-thumbnail","6":"product_cat-enkelsidig-liggande-korthallare","7":"product_cat-korthallare-passerkort-idkort","8":"product_tag-enkelsidig-korthallare","9":"product_tag-korthallare-liggande-eko","10":"product_tag-liggande-korthallare","11":"product_tag-stonehouse-produkt","12":"product_tag-svart-korthallare","13":"product_shipping_class-tunga-paket","14":"pa_brands-stonehouse-security","15":"pa_farg-svart","16":"pa_rfid-tillbehor-korthallare","17":"tm-no-options","19":"first","20":"instock","21":"sale","22":"taxable","23":"shipping-taxable","24":"purchasable","25":"product-type-simple"},"acf":[],"_links":{"self":[{"href":"https:\/\/secureus.se\/es\/wp-json\/wp\/v2\/product\/57220","targetHints":{"allow":["GET"]}}],"collection":[{"href":"https:\/\/secureus.se\/es\/wp-json\/wp\/v2\/product"}],"about":[{"href":"https:\/\/secureus.se\/es\/wp-json\/wp\/v2\/types\/product"}],"wp:featuredmedia":[{"embeddable":true,"href":"https:\/\/secureus.se\/es\/wp-json\/wp\/v2\/media\/145318"}],"wp:attachment":[{"href":"https:\/\/secureus.se\/es\/wp-json\/wp\/v2\/media?parent=57220"}],"wp:term":[{"taxonomy":"product_brand","embeddable":true,"href":"https:\/\/secureus.se\/es\/wp-json\/wp\/v2\/product_brand?post=57220"},{"taxonomy":"product_cat","embeddable":true,"href":"https:\/\/secureus.se\/es\/wp-json\/wp\/v2\/product_cat?post=57220"},{"taxonomy":"product_tag","embeddable":true,"href":"https:\/\/secureus.se\/es\/wp-json\/wp\/v2\/product_tag?post=57220"}],"curies":[{"name":"wp","href":"https:\/\/api.w.org\/{rel}","templated":true}]}}