{"id":57227,"date":"2022-03-10T15:27:00","date_gmt":"2022-03-10T14:27:00","guid":{"rendered":"https:\/\/secureus.se\/produkt\/ensidig-eko-serie-id-korthallare-staende-for-cr80-kort-100-pack-farg-svart\/"},"modified":"2026-04-16T10:20:00","modified_gmt":"2026-04-16T08:20:00","slug":"id-korthallare-passerkortshallare-svart-enkel-staende-100-pack","status":"publish","type":"product","link":"https:\/\/secureus.se\/es\/id-korthallare-passerkortshallare-svart-enkel-staende-100-pack\/","title":{"rendered":"Carnet de identidad - Eko BioBadge CR80 Upright, una cara, negro (paquete de 100)"},"content":{"rendered":"<p>El porta tarjetas de identificaci\u00f3n de un solo lado negro en formato vertical es una opci\u00f3n duradera y ecol\u00f3gica para exhibir tarjetas de identificaci\u00f3n, tarjetas de acceso y otras tarjetas importantes. Hecho de pl\u00e1stico oxodegradable, este tarjetero ayuda a reducir su huella de carbono sin comprometer la calidad ni la funcionalidad.<\/p>\n<ul>\n<li><strong>Se vende en paquetes de 100.<\/strong><\/li>\n<li><strong>Medida:<\/strong> 86 x 54 mil\u00edmetros<\/li>\n<li><strong>Se adapta a tarjetas de tama\u00f1o CR80 est\u00e1ndar<\/strong><\/li>\n<li><strong>Dise\u00f1o de una sola cara para una presentaci\u00f3n de tarjetas clara y segura.<\/strong><\/li>\n<li>Los bordes moldeados protegen las tarjetas de dobleces y grietas.<\/li>\n<\/ul>\n<p>Perfecto para lugares de trabajo, eventos y otros entornos donde se requiere un tarjetero pr\u00e1ctico y duradero. Tome una decisi\u00f3n consciente con el medio ambiente sin comprometer la funcionalidad.<\/p>\n<p><strong>\u00a1Elija este tarjetero duradero y ecol\u00f3gico para sus necesidades hoy!<\/strong><\/p>","protected":false},"excerpt":{"rendered":"<p>Portatarjetas de identificaci\u00f3n de una sola cara, de color negro, en formato vertical, fabricado en pl\u00e1stico oxodegradable. Se adapta a tarjetas de tama\u00f1o CR80 est\u00e1ndar (86\u00d754 mm). Se suministra en paquetes de 100.<\/p>","protected":false},"featured_media":145229,"template":"","meta":{"_acf_changed":false},"product_brand":[],"product_cat":[4888,1667],"product_tag":[4523,2869,2851,4526],"class_list":{"0":"post-57227","1":"product","2":"type-product","3":"status-publish","4":"has-post-thumbnail","6":"product_cat-enkelsidig-staende-korthallare","7":"product_cat-korthallare-passerkort-idkort","8":"product_tag-enkelsidig-korthallare","9":"product_tag-korthallare-staende","10":"product_tag-korthallare-staende-eko","11":"product_tag-svart-korthallare","12":"product_shipping_class-tunga-paket","13":"pa_brands-stonehouse-security","14":"pa_farg-svart","15":"pa_rfid-tillbehor-korthallare","16":"tm-no-options","18":"first","19":"instock","20":"sale","21":"taxable","22":"shipping-taxable","23":"purchasable","24":"product-type-simple"},"acf":[],"_links":{"self":[{"href":"https:\/\/secureus.se\/es\/wp-json\/wp\/v2\/product\/57227","targetHints":{"allow":["GET"]}}],"collection":[{"href":"https:\/\/secureus.se\/es\/wp-json\/wp\/v2\/product"}],"about":[{"href":"https:\/\/secureus.se\/es\/wp-json\/wp\/v2\/types\/product"}],"wp:featuredmedia":[{"embeddable":true,"href":"https:\/\/secureus.se\/es\/wp-json\/wp\/v2\/media\/145229"}],"wp:attachment":[{"href":"https:\/\/secureus.se\/es\/wp-json\/wp\/v2\/media?parent=57227"}],"wp:term":[{"taxonomy":"product_brand","embeddable":true,"href":"https:\/\/secureus.se\/es\/wp-json\/wp\/v2\/product_brand?post=57227"},{"taxonomy":"product_cat","embeddable":true,"href":"https:\/\/secureus.se\/es\/wp-json\/wp\/v2\/product_cat?post=57227"},{"taxonomy":"product_tag","embeddable":true,"href":"https:\/\/secureus.se\/es\/wp-json\/wp\/v2\/product_tag?post=57227"}],"curies":[{"name":"wp","href":"https:\/\/api.w.org\/{rel}","templated":true}]}}